{"id":97,"date":"2022-11-08T17:58:21","date_gmt":"2022-11-08T16:58:21","guid":{"rendered":"https:\/\/keenat.de\/?page_id=97"},"modified":"2023-09-07T12:01:11","modified_gmt":"2023-09-07T10:01:11","slug":"sensibilisierung-zigarettenstummel","status":"publish","type":"page","link":"https:\/\/keenat.de\/?page_id=97","title":{"rendered":"Sensibilisierung f\u00fcr Umweltfolgen von Zigarettenstummeln"},"content":{"rendered":"\n<div class=\"wp-block-columns are-vertically-aligned-center section-image-texte reverse-colonne is-layout-flex wp-container-core-columns-is-layout-9d6595d7 wp-block-columns-is-layout-flex\">\n<div class=\"wp-block-column is-vertically-aligned-center padding is-layout-flow wp-block-column-is-layout-flow\" style=\"flex-basis:50%\">\n<p class=\"has-large-font-size\"><strong><mark style=\"background-color:rgba(0, 0, 0, 0)\" class=\"has-inline-color has-ecomegot-color\">Zigarettenstummel<\/mark><\/strong><\/p>\n\n\n\n<h1 class=\"wp-block-heading\"><mark style=\"background-color:rgba(0, 0, 0, 0)\" class=\"has-inline-color has-ecomegot-color\">Sensibilisierung<\/mark> f\u00fcr Umweltverschmutzung durch Zigarettenstummel<\/h1>\n\n\n\n<p>Bei Keenat ist die Sensibilisierung f\u00fcr die Verschmutzung durch Zigarettenstummel ein wesentlicher Ansatzpunkt und der erste Schritt, um die Umweltverschmutzung durch Zigarettenstummel zu reduzieren. Unser Ziel ist es, Menschen zu informieren und die richtigen Verhaltensweisen zu vermitteln, damit alle ein umweltbewusstes Verhalten an den Tag legen k\u00f6nnen.<\/p>\n\n\n\n<p>Dank der Sensibilisierungsma\u00dfnahmen wirkt jeder Einzelne am Umweltschutz mit. Raucher werden sich der Auswirkungen eines weggeworfenen Zigarettenstummels auf die Umwelt bewusst, Nichtraucher k\u00f6nnen ihrerseits ihre rauchenden Mitmenschen sensibilisieren. So ist es m\u00f6glich, die Botschaft an m\u00f6glichst viele Menschen zu verbreiten.<\/p>\n<\/div>\n\n\n\n<div class=\"wp-block-column is-vertically-aligned-center is-layout-flow wp-block-column-is-layout-flow\" style=\"flex-basis:50%\">\n<figure class=\"wp-block-image size-large\"><img fetchpriority=\"high\" decoding=\"async\" width=\"1024\" height=\"1013\" src=\"https:\/\/keenat.de\/wp-content\/uploads\/2023\/03\/photo-marie-sensibilisation-keenat-1-1024x1013.jpg\" alt=\"photo marie sensibilisation keenat 1\" class=\"wp-image-1998\" srcset=\"https:\/\/keenat.de\/wp-content\/uploads\/2023\/03\/photo-marie-sensibilisation-keenat-1-1024x1013.jpg 1024w, https:\/\/keenat.de\/wp-content\/uploads\/2023\/03\/photo-marie-sensibilisation-keenat-1-300x297.jpg 300w, https:\/\/keenat.de\/wp-content\/uploads\/2023\/03\/photo-marie-sensibilisation-keenat-1-768x760.jpg 768w, https:\/\/keenat.de\/wp-content\/uploads\/2023\/03\/photo-marie-sensibilisation-keenat-1.jpg 1516w\" sizes=\"(max-width: 1024px) 100vw, 1024px\" \/><\/figure>\n<\/div>\n<\/div>\n\n\n\n<div class=\"wp-block-group padding-small has-principale-background-color has-background\"><div class=\"wp-block-group__inner-container is-layout-constrained wp-block-group-is-layout-constrained\">\n<div class=\"wp-block-columns are-vertically-aligned-center is-layout-flex wp-container-core-columns-is-layout-9d6595d7 wp-block-columns-is-layout-flex\">\n<div class=\"wp-block-column is-vertically-aligned-center container is-layout-flow wp-block-column-is-layout-flow\">\n<div class=\"wp-block-media-text alignwide\" style=\"grid-template-columns:20% auto\"><figure class=\"wp-block-media-text__media\"><img decoding=\"async\" width=\"116\" height=\"96\" src=\"https:\/\/keenat.de\/wp-content\/uploads\/2022\/11\/icone-action-menees.svg\" alt=\"\" class=\"wp-image-752 size-full\"\/><\/figure><div class=\"wp-block-media-text__content\">\n<p><strong><mark style=\"background-color:rgba(0, 0, 0, 0)\" class=\"has-inline-color has-blanc-color\">Mehr als<\/mark><\/strong><\/p>\n\n\n\n<p class=\"has-huge-font-size\"><strong><mark style=\"background-color:rgba(0, 0, 0, 0)\" class=\"has-inline-color has-ecomegot-color\">150<\/mark><\/strong><\/p>\n\n\n\n<p><strong><mark style=\"background-color:rgba(0, 0, 0, 0)\" class=\"has-inline-color has-blanc-color\">durchgef\u00fchrte Aktionen<\/mark><\/strong><\/p>\n<\/div><\/div>\n<\/div>\n\n\n\n<div class=\"wp-block-column is-vertically-aligned-center is-layout-flow wp-block-column-is-layout-flow\">\n<div class=\"wp-block-media-text alignwide\" style=\"grid-template-columns:20% auto\"><figure class=\"wp-block-media-text__media\"><img decoding=\"async\" width=\"96\" height=\"163\" src=\"https:\/\/keenat.de\/wp-content\/uploads\/2022\/11\/icone-sensibilisation.svg\" alt=\"\" class=\"wp-image-759 size-full\"\/><\/figure><div class=\"wp-block-media-text__content\">\n<p><strong><mark style=\"background-color:rgba(0, 0, 0, 0)\" class=\"has-inline-color has-blanc-color\">fast<\/mark><\/strong><\/p>\n\n\n\n<p class=\"has-huge-font-size\"><strong><mark style=\"background-color:rgba(0, 0, 0, 0)\" class=\"has-inline-color has-ecomegot-color\">10 000<\/mark><\/strong><\/p>\n\n\n\n<p><strong><mark style=\"background-color:rgba(0, 0, 0, 0)\" class=\"has-inline-color has-blanc-color\">sensibilisierte Personen<\/mark><\/strong><\/p>\n<\/div><\/div>\n<\/div>\n\n\n\n<div class=\"wp-block-column is-vertically-aligned-center is-layout-flow wp-block-column-is-layout-flow\">\n<div class=\"wp-block-media-text alignwide\" style=\"grid-template-columns:20% auto\"><figure class=\"wp-block-media-text__media\"><img loading=\"lazy\" decoding=\"async\" width=\"100\" height=\"131\" src=\"https:\/\/keenat.de\/wp-content\/uploads\/2022\/11\/icone-megots.svg\" alt=\"\" class=\"wp-image-760 size-full\"\/><\/figure><div class=\"wp-block-media-text__content\">\n<p><mark style=\"background-color:rgba(0, 0, 0, 0)\" class=\"has-inline-color has-blanc-color\">Mehr als<\/mark><\/p>\n\n\n\n<p class=\"has-huge-font-size\"><strong><mark style=\"background-color:rgba(0, 0, 0, 0)\" class=\"has-inline-color has-ecomegot-color\">1 000 000<\/mark><\/strong><\/p>\n\n\n\n<p><strong><mark style=\"background-color:rgba(0, 0, 0, 0)\" class=\"has-inline-color has-blanc-color\">bei B\u00fcrgeraktionen gesammelte Zigarettenstummel<\/mark><\/strong><\/p>\n<\/div><\/div>\n<\/div>\n<\/div>\n<\/div><\/div>\n\n\n\n<div class=\"wp-block-columns are-vertically-aligned-center section-image-texte is-layout-flex wp-container-core-columns-is-layout-9d6595d7 wp-block-columns-is-layout-flex\">\n<div class=\"wp-block-column is-vertically-aligned-center is-layout-flow wp-block-column-is-layout-flow\" style=\"flex-basis:50%\">\n<figure class=\"wp-block-image size-full\"><img loading=\"lazy\" decoding=\"async\" width=\"800\" height=\"789\" src=\"https:\/\/keenat.de\/wp-content\/uploads\/2023\/03\/sensibilisierung-1.jpg\" alt=\"sensibilisierung 1\" class=\"wp-image-1991\" srcset=\"https:\/\/keenat.de\/wp-content\/uploads\/2023\/03\/sensibilisierung-1.jpg 800w, https:\/\/keenat.de\/wp-content\/uploads\/2023\/03\/sensibilisierung-1-300x296.jpg 300w, https:\/\/keenat.de\/wp-content\/uploads\/2023\/03\/sensibilisierung-1-768x757.jpg 768w\" sizes=\"(max-width: 800px) 100vw, 800px\" \/><\/figure>\n<\/div>\n\n\n\n<div class=\"wp-block-column is-vertically-aligned-center padding is-layout-flow wp-block-column-is-layout-flow\" style=\"flex-basis:50%\">\n<h2 class=\"wp-block-heading\"><strong>Informieren Sie andere \u00fcber die Umweltverschmutzung durch Zigarettenstummel: <mark style=\"background-color:rgba(0, 0, 0, 0)\" class=\"has-inline-color has-ecomegot-color\">Unsere Sensibilisierungsposter<\/mark><\/strong><\/h2>\n\n\n\n<p>Der erste Schritt zur Sensibilisierung f\u00fcr die Umweltauswirkungen von Zigarettenstummeln ist Information, und Information geht \u00fcber Kommunikation. Ein Zigarettenstummel besteht aus mehr als 2500 giftigen Bestandteilen und Plastik, genauer gesagt aus Zelluloseacetat. Ob in der Stadt auf den Boden geworfen, am Strand im Sand versteckt, im Park, vor der Haust\u00fcr \u2026 Zigarettenstummel werden immer ihren Weg in die Meere und Ozeane finden! Man kann sich schnell das Ausma\u00df der Verschmutzung vorstellen.<\/p>\n\n\n\n<p>Durch die gro\u00dffl\u00e4chige Verbreitung von Informationsplakaten, die sich an alle B\u00fcrgerinnen und B\u00fcrger richten, wird das Bewusstsein f\u00fcr die Auswirkungen von Zigarettenstummeln gesch\u00e4rft und jeder Einzelne zu einem starken Multiplikator f\u00fcr umweltbewusstes Handeln gemacht.<\/p>\n\n\n\n<p>Jedes Jahr aktualisieren wir unsere Sensibilisierungskampagnen und stellen sie unseren Kunden und Partnern zur Verf\u00fcgung, um m\u00f6glichst viele Menschen zu erreichen und die Entdeckung oder Wiederentdeckung der eindrucksvollen Zahlen spielerisch und p\u00e4dagogisch zu gestalten.<\/p>\n<\/div>\n<\/div>\n\n\n\n<div class=\"wp-block-columns are-vertically-aligned-center section-image-texte reverse-colonne is-layout-flex wp-container-core-columns-is-layout-9d6595d7 wp-block-columns-is-layout-flex\">\n<div class=\"wp-block-column is-vertically-aligned-center padding is-layout-flow wp-block-column-is-layout-flow\" style=\"flex-basis:50%\">\n<h2 class=\"wp-block-heading\"><strong>Wenden Sie sich an unsere <mark style=\"background-color:rgba(0, 0, 0, 0)\" class=\"has-inline-color has-ecomegot-color\">Umwelt-Botschafter*innen!<\/mark><\/strong><\/h2>\n\n\n\n<p class=\"has-large-font-size\"><strong>Unsere Sensibilisierungsworkshops<\/strong><\/p>\n\n\n\n<p>Wie kann man m\u00f6glichst viele Menschen erreichen und ihnen Lust machen, sich \u00fcber Zigarettenstummel zu informieren? Unsere Umwelt-Botschafter*innen kennen sich mit dem Thema aus. Sie gehen auf die B\u00fcrger*innen zu, um sie zu informieren und zu diskutieren. Daf\u00fcr nutzen sie p\u00e4dagogische Hilfsmittel, die an verschiedene Zielgruppen angepasst sind, sei es bei einer Veranstaltung einer Gemeinde, in Unternehmen oder in Schulen\u2026<\/p>\n\n\n\n<p>Unser Pluspunkt? Unsere Umwelt-Botschafter*innen reisen mit einem umweltfreundlich konzipierten Stand und dem umweltfreundlichsten Transportmittel an.<\/p>\n<\/div>\n\n\n\n<div class=\"wp-block-column is-vertically-aligned-center is-layout-flow wp-block-column-is-layout-flow\" style=\"flex-basis:50%\">\n<figure class=\"wp-block-image size-full\"><img loading=\"lazy\" decoding=\"async\" width=\"919\" height=\"750\" src=\"https:\/\/keenat.de\/wp-content\/uploads\/2023\/03\/talleres-de-sensibilizacion.jpg\" alt=\"talleres de sensibilizacion\" class=\"wp-image-1992\" srcset=\"https:\/\/keenat.de\/wp-content\/uploads\/2023\/03\/talleres-de-sensibilizacion.jpg 919w, https:\/\/keenat.de\/wp-content\/uploads\/2023\/03\/talleres-de-sensibilizacion-300x245.jpg 300w, https:\/\/keenat.de\/wp-content\/uploads\/2023\/03\/talleres-de-sensibilizacion-768x627.jpg 768w\" sizes=\"(max-width: 919px) 100vw, 919px\" \/><\/figure>\n<\/div>\n<\/div>\n\n\n\n<div class=\"wp-block-columns are-vertically-aligned-center section-image-texte is-layout-flex wp-container-core-columns-is-layout-9d6595d7 wp-block-columns-is-layout-flex\">\n<div class=\"wp-block-column is-vertically-aligned-center is-layout-flow wp-block-column-is-layout-flow\" style=\"flex-basis:50%\">\n<figure class=\"wp-block-image size-full\"><img loading=\"lazy\" decoding=\"async\" width=\"772\" height=\"750\" src=\"https:\/\/keenat.de\/wp-content\/uploads\/2023\/03\/action-de-sensibilisation.jpg\" alt=\"action de sensibilisation\" class=\"wp-image-1994\" srcset=\"https:\/\/keenat.de\/wp-content\/uploads\/2023\/03\/action-de-sensibilisation.jpg 772w, https:\/\/keenat.de\/wp-content\/uploads\/2023\/03\/action-de-sensibilisation-300x291.jpg 300w, https:\/\/keenat.de\/wp-content\/uploads\/2023\/03\/action-de-sensibilisation-768x746.jpg 768w\" sizes=\"(max-width: 772px) 100vw, 772px\" \/><\/figure>\n<\/div>\n\n\n\n<div class=\"wp-block-column is-vertically-aligned-center padding is-layout-flow wp-block-column-is-layout-flow\" style=\"flex-basis:50%\">\n<h2 class=\"wp-block-heading\"><strong>Organisieren Sie eine <mark style=\"background-color:rgba(0, 0, 0, 0)\" class=\"has-inline-color has-ecomegot-color\">Sammelaktion?<\/mark><\/strong><\/h2>\n\n\n\n<p>Neben der digitalen Kommunikation und der Betreuung eines Standes bieten wir auch die Organisation und Teilnahme an verschiedenen Aktivit\u00e4ten, wie z. B. Aktionen zum Einsammeln von Zigarettenstummeln, an.<\/p>\n\n\n\n<p>Der gesellige und partizipative Rahmen einer solchen Veranstaltung eignet sich hervorragend f\u00fcr den Dialog \u00fcber das Thema Zigarettenstummel und stellt eine exzellente Gelegenheit dar, die positiven \u00f6kologischen Auswirkungen, die durch die Initiative erzeugt werden, zu demonstrieren und zu veranschaulichen: Jeder eingesammelte Zigarettenstummel bedeutet, dass 500 Liter Wasser nicht verschmutzt werden!<\/p>\n\n\n\n<p><strong>Durch B\u00fcrgerbeteiligung ein Bewusstsein f\u00fcr das Thema zu schaffen ist eine konkrete Ma\u00dfnahme, um sowohl bereits Informierte als auch Menschen ohne Vorwissen zu sensibilisieren!<\/strong> Wir k\u00f6nnen im Rahmen einer Partnerschaft gemeinsam Sammelaktionen organisieren, um gesellige Momente gesellschaftlichen Engagements zu teilen.<\/p>\n<\/div>\n<\/div>\n\n\n\n<div class=\"wp-block-columns are-vertically-aligned-center section-image-texte reverse-colonne has-principale-background-color has-background is-layout-flex wp-container-core-columns-is-layout-9d6595d7 wp-block-columns-is-layout-flex\">\n<div class=\"wp-block-column is-vertically-aligned-center padding is-layout-flow wp-block-column-is-layout-flow\" style=\"flex-basis:50%\">\n<h2 class=\"wp-block-heading\"><strong><mark style=\"background-color:rgba(0, 0, 0, 0)\" class=\"has-inline-color has-blanc-color\">Der<\/mark><mark style=\"background-color:rgba(0, 0, 0, 0)\" class=\"has-inline-color has-ecomegot-color\"> Weltrekord<\/mark> <mark style=\"background-color:rgba(0, 0, 0, 0)\" class=\"has-inline-color has-blanc-color\">f\u00fcr aufgesammelte Zigarettenstummel!<\/mark><\/strong><\/h2>\n\n\n\n<p><mark style=\"background-color:rgba(0, 0, 0, 0)\" class=\"has-inline-color has-blanc-color\">Am 29. Mai 2021 wurden in nur drei Stunden mehr als 855.000 Zigarettenstummel in f\u00fcnf Pariser Stadtvierteln gesammelt. Eine schlagkr\u00e4ftige Sammelaktion, um durch die Teilnahme und den Schock \u00fcber die erstaunliche Menge an gemeinsam gesammelten Zigarettenstummeln Bewusstsein f\u00fcr das Thema zu schaffen!<\/mark><\/p>\n<\/div>\n\n\n\n<div class=\"wp-block-column is-vertically-aligned-center is-layout-flow wp-block-column-is-layout-flow\" style=\"flex-basis:50%\">\n<figure class=\"wp-block-image size-large\"><img loading=\"lazy\" decoding=\"async\" width=\"1024\" height=\"664\" src=\"https:\/\/keenat.de\/wp-content\/uploads\/2023\/03\/record-mundial-de-colillas-recogidas-1024x664.jpg\" alt=\"record mundial de colillas recogidas\" class=\"wp-image-1995\" srcset=\"https:\/\/keenat.de\/wp-content\/uploads\/2023\/03\/record-mundial-de-colillas-recogidas-1024x664.jpg 1024w, https:\/\/keenat.de\/wp-content\/uploads\/2023\/03\/record-mundial-de-colillas-recogidas-300x195.jpg 300w, https:\/\/keenat.de\/wp-content\/uploads\/2023\/03\/record-mundial-de-colillas-recogidas-768x498.jpg 768w, https:\/\/keenat.de\/wp-content\/uploads\/2023\/03\/record-mundial-de-colillas-recogidas.jpg 1156w\" sizes=\"(max-width: 1024px) 100vw, 1024px\" \/><\/figure>\n<\/div>\n<\/div>\n\n\n\n<div class=\"wp-block-group padding-small has-blanc-background-color has-background\"><div class=\"wp-block-group__inner-container is-layout-constrained wp-block-group-is-layout-constrained\">\n<div class=\"wp-block-columns container is-layout-flex wp-container-core-columns-is-layout-9d6595d7 wp-block-columns-is-layout-flex\">\n<div class=\"wp-block-column is-layout-flow wp-block-column-is-layout-flow\" style=\"flex-basis:33.33%\">\n<p class=\"has-ecomegot-color has-text-color has-extra-large-font-size\"><strong>Verfolgen Sie unsere Aktionen auf unseren sozialen Netzwerken!<\/strong><\/p>\n\n\n\n<ul class=\"wp-block-social-links has-icon-color has-icon-background-color is-style-default is-layout-flex wp-block-social-links-is-layout-flex\"><li style=\"color:#e6a476;background-color:#FFF;\" class=\"wp-social-link wp-social-link-facebook has-ecomegot-color has-blanc-background-color wp-block-social-link\"><a href=\"https:\/\/www.facebook.com\/EcoMegotFrance\" class=\"wp-block-social-link-anchor\"><svg width=\"24\" height=\"24\" viewBox=\"0 0 24 24\" version=\"1.1\" xmlns=\"http:\/\/www.w3.org\/2000\/svg\" aria-hidden=\"true\" focusable=\"false\"><path d=\"M12 2C6.5 2 2 6.5 2 12c0 5 3.7 9.1 8.4 9.9v-7H7.9V12h2.5V9.8c0-2.5 1.5-3.9 3.8-3.9 1.1 0 2.2.2 2.2.2v2.5h-1.3c-1.2 0-1.6.8-1.6 1.6V12h2.8l-.4 2.9h-2.3v7C18.3 21.1 22 17 22 12c0-5.5-4.5-10-10-10z\"><\/path><\/svg><span class=\"wp-block-social-link-label screen-reader-text\">Facebook<\/span><\/a><\/li>\n\n<li style=\"color:#e6a476;background-color:#FFF;\" class=\"wp-social-link wp-social-link-twitter has-ecomegot-color has-blanc-background-color wp-block-social-link\"><a href=\"https:\/\/twitter.com\/EcoMegot\" class=\"wp-block-social-link-anchor\"><svg width=\"24\" height=\"24\" viewBox=\"0 0 24 24\" version=\"1.1\" xmlns=\"http:\/\/www.w3.org\/2000\/svg\" aria-hidden=\"true\" focusable=\"false\"><path d=\"M22.23,5.924c-0.736,0.326-1.527,0.547-2.357,0.646c0.847-0.508,1.498-1.312,1.804-2.27 c-0.793,0.47-1.671,0.812-2.606,0.996C18.324,4.498,17.257,4,16.077,4c-2.266,0-4.103,1.837-4.103,4.103 c0,0.322,0.036,0.635,0.106,0.935C8.67,8.867,5.647,7.234,3.623,4.751C3.27,5.357,3.067,6.062,3.067,6.814 c0,1.424,0.724,2.679,1.825,3.415c-0.673-0.021-1.305-0.206-1.859-0.513c0,0.017,0,0.034,0,0.052c0,1.988,1.414,3.647,3.292,4.023 c-0.344,0.094-0.707,0.144-1.081,0.144c-0.264,0-0.521-0.026-0.772-0.074c0.522,1.63,2.038,2.816,3.833,2.85 c-1.404,1.1-3.174,1.756-5.096,1.756c-0.331,0-0.658-0.019-0.979-0.057c1.816,1.164,3.973,1.843,6.29,1.843 c7.547,0,11.675-6.252,11.675-11.675c0-0.178-0.004-0.355-0.012-0.531C20.985,7.47,21.68,6.747,22.23,5.924z\"><\/path><\/svg><span class=\"wp-block-social-link-label screen-reader-text\">Twitter<\/span><\/a><\/li>\n\n<li style=\"color:#e6a476;background-color:#FFF;\" class=\"wp-social-link wp-social-link-linkedin has-ecomegot-color has-blanc-background-color wp-block-social-link\"><a href=\"https:\/\/www.facebook.com\/EcoMegotFrance\" class=\"wp-block-social-link-anchor\"><svg width=\"24\" height=\"24\" viewBox=\"0 0 24 24\" version=\"1.1\" xmlns=\"http:\/\/www.w3.org\/2000\/svg\" aria-hidden=\"true\" focusable=\"false\"><path d=\"M19.7,3H4.3C3.582,3,3,3.582,3,4.3v15.4C3,20.418,3.582,21,4.3,21h15.4c0.718,0,1.3-0.582,1.3-1.3V4.3 C21,3.582,20.418,3,19.7,3z M8.339,18.338H5.667v-8.59h2.672V18.338z M7.004,8.574c-0.857,0-1.549-0.694-1.549-1.548 c0-0.855,0.691-1.548,1.549-1.548c0.854,0,1.547,0.694,1.547,1.548C8.551,7.881,7.858,8.574,7.004,8.574z M18.339,18.338h-2.669 v-4.177c0-0.996-0.017-2.278-1.387-2.278c-1.389,0-1.601,1.086-1.601,2.206v4.249h-2.667v-8.59h2.559v1.174h0.037 c0.356-0.675,1.227-1.387,2.526-1.387c2.703,0,3.203,1.779,3.203,4.092V18.338z\"><\/path><\/svg><span class=\"wp-block-social-link-label screen-reader-text\">LinkedIn<\/span><\/a><\/li><\/ul>\n<\/div>\n\n\n\n<div class=\"wp-block-column is-layout-flow wp-block-column-is-layout-flow\" style=\"flex-basis:66.66%\">\n<div class=\"wp-block-columns is-layout-flex wp-container-core-columns-is-layout-9d6595d7 wp-block-columns-is-layout-flex\">\n<div class=\"wp-block-column is-layout-flow wp-block-column-is-layout-flow\">\n<figure class=\"wp-block-image size-large\"><a href=\"https:\/\/www.linkedin.com\/company\/18420199\"><img loading=\"lazy\" decoding=\"async\" width=\"1024\" height=\"1024\" src=\"https:\/\/keenat.de\/wp-content\/uploads\/2022\/11\/recyclage-megots-1024x1024.jpg\" alt=\"recyclage megots\" class=\"wp-image-1472\" srcset=\"https:\/\/keenat.de\/wp-content\/uploads\/2022\/11\/recyclage-megots-1024x1024.jpg 1024w, https:\/\/keenat.de\/wp-content\/uploads\/2022\/11\/recyclage-megots-300x300.jpg 300w, https:\/\/keenat.de\/wp-content\/uploads\/2022\/11\/recyclage-megots-150x150.jpg 150w, https:\/\/keenat.de\/wp-content\/uploads\/2022\/11\/recyclage-megots-768x768.jpg 768w, https:\/\/keenat.de\/wp-content\/uploads\/2022\/11\/recyclage-megots.jpg 1296w\" sizes=\"(max-width: 1024px) 100vw, 1024px\" \/><\/a><figcaption class=\"wp-element-caption\">Recycling von Zigarettenstummeln<\/figcaption><\/figure>\n<\/div>\n\n\n\n<div class=\"wp-block-column is-layout-flow wp-block-column-is-layout-flow\">\n<figure class=\"wp-block-image size-large\"><a href=\"https:\/\/www.linkedin.com\/company\/18420199\"><img loading=\"lazy\" decoding=\"async\" width=\"1024\" height=\"1022\" src=\"https:\/\/keenat.de\/wp-content\/uploads\/2022\/11\/duree-de-vie-megot-1024x1022.jpg\" alt=\"duree de vie megot\" class=\"wp-image-1474\" srcset=\"https:\/\/keenat.de\/wp-content\/uploads\/2022\/11\/duree-de-vie-megot-1024x1022.jpg 1024w, https:\/\/keenat.de\/wp-content\/uploads\/2022\/11\/duree-de-vie-megot-300x300.jpg 300w, https:\/\/keenat.de\/wp-content\/uploads\/2022\/11\/duree-de-vie-megot-150x150.jpg 150w, https:\/\/keenat.de\/wp-content\/uploads\/2022\/11\/duree-de-vie-megot-768x767.jpg 768w, https:\/\/keenat.de\/wp-content\/uploads\/2022\/11\/duree-de-vie-megot.jpg 1134w\" sizes=\"(max-width: 1024px) 100vw, 1024px\" \/><\/a><figcaption class=\"wp-element-caption\">Lebenszyklus des Zigarettenstummels<\/figcaption><\/figure>\n<\/div>\n\n\n\n<div class=\"wp-block-column is-layout-flow wp-block-column-is-layout-flow\">\n<figure class=\"wp-block-image size-large\"><a href=\"https:\/\/www.linkedin.com\/company\/18420199\"><img loading=\"lazy\" decoding=\"async\" width=\"1014\" height=\"1024\" src=\"https:\/\/keenat.de\/wp-content\/uploads\/2022\/11\/grande-distribution-1014x1024.jpg\" alt=\"grande distribution\" class=\"wp-image-1477\" srcset=\"https:\/\/keenat.de\/wp-content\/uploads\/2022\/11\/grande-distribution-1014x1024.jpg 1014w, https:\/\/keenat.de\/wp-content\/uploads\/2022\/11\/grande-distribution-297x300.jpg 297w, https:\/\/keenat.de\/wp-content\/uploads\/2022\/11\/grande-distribution-150x150.jpg 150w, https:\/\/keenat.de\/wp-content\/uploads\/2022\/11\/grande-distribution-768x776.jpg 768w, https:\/\/keenat.de\/wp-content\/uploads\/2022\/11\/grande-distribution.jpg 1016w\" sizes=\"(max-width: 1014px) 100vw, 1014px\" \/><\/a><figcaption class=\"wp-element-caption\">Engagement Gro\u00dfhandel<\/figcaption><\/figure>\n<\/div>\n<\/div>\n<\/div>\n<\/div>\n<\/div><\/div>\n","protected":false},"excerpt":{"rendered":"<p>Zigarettenstummel Sensibilisierung f\u00fcr Umweltverschmutzung durch Zigarettenstummel Bei Keenat ist die Sensibilisierung f\u00fcr die Verschmutzung durch Zigarettenstummel ein wesentlicher Ansatzpunkt und der erste Schritt, um die Umweltverschmutzung durch Zigarettenstummel zu reduzieren. Unser Ziel ist es, Menschen zu informieren und die richtigen Verhaltensweisen zu vermitteln, damit alle ein umweltbewusstes Verhalten an den Tag legen k\u00f6nnen. Dank der [&hellip;]<\/p>\n","protected":false},"author":3,"featured_media":0,"parent":88,"menu_order":0,"comment_status":"closed","ping_status":"closed","template":"","meta":{"_seopress_robots_primary_cat":"","inline_featured_image":false,"footnotes":""},"class_list":["post-97","page","type-page","status-publish"],"_links":{"self":[{"href":"https:\/\/keenat.de\/index.php?rest_route=\/wp\/v2\/pages\/97","targetHints":{"allow":["GET"]}}],"collection":[{"href":"https:\/\/keenat.de\/index.php?rest_route=\/wp\/v2\/pages"}],"about":[{"href":"https:\/\/keenat.de\/index.php?rest_route=\/wp\/v2\/types\/page"}],"author":[{"embeddable":true,"href":"https:\/\/keenat.de\/index.php?rest_route=\/wp\/v2\/users\/3"}],"replies":[{"embeddable":true,"href":"https:\/\/keenat.de\/index.php?rest_route=%2Fwp%2Fv2%2Fcomments&post=97"}],"version-history":[{"count":62,"href":"https:\/\/keenat.de\/index.php?rest_route=\/wp\/v2\/pages\/97\/revisions"}],"predecessor-version":[{"id":2218,"href":"https:\/\/keenat.de\/index.php?rest_route=\/wp\/v2\/pages\/97\/revisions\/2218"}],"up":[{"embeddable":true,"href":"https:\/\/keenat.de\/index.php?rest_route=\/wp\/v2\/pages\/88"}],"wp:attachment":[{"href":"https:\/\/keenat.de\/index.php?rest_route=%2Fwp%2Fv2%2Fmedia&parent=97"}],"curies":[{"name":"wp","href":"https:\/\/api.w.org\/{rel}","templated":true}]}}