{"id":94,"date":"2022-11-08T17:58:01","date_gmt":"2022-11-08T16:58:01","guid":{"rendered":"https:\/\/keenat.de\/?page_id=94"},"modified":"2023-09-07T11:52:49","modified_gmt":"2023-09-07T09:52:49","slug":"aussenaschenbecher","status":"publish","type":"page","link":"https:\/\/keenat.de\/?page_id=94","title":{"rendered":"Au\u00dfenaschenbecher"},"content":{"rendered":"\n<div class=\"wp-block-columns are-vertically-aligned-center section-image-texte reverse-colonne is-layout-flex wp-container-core-columns-is-layout-9d6595d7 wp-block-columns-is-layout-flex\">\n<div class=\"wp-block-column is-vertically-aligned-center padding is-layout-flow wp-block-column-is-layout-flow\" style=\"flex-basis:50%\">\n<p class=\"has-large-font-size\"><strong><mark style=\"background-color:rgba(0, 0, 0, 0)\" class=\"has-inline-color has-ecomegot-color\">Zigarettenstummel<\/mark><\/strong><\/p>\n\n\n\n<h1 class=\"wp-block-heading\"><strong>Unsere Au\u00dfenaschenbecher<\/strong><\/h1>\n\n\n\n<p class=\"has-large-font-size\"><strong><mark style=\"background-color:rgba(0, 0, 0, 0)\" class=\"has-inline-color has-principale-color\">Zur Miete oder zum Kauf erh\u00e4ltlich!<\/mark><\/strong><\/p>\n\n\n\n<p>Wir bei Keenat k\u00e4mpfen gegen die Umweltverschmutzung durch Zigarettenstummel. Zu diesem Zweck bieten wir neben der Aufkl\u00e4rung, der Sammlung und dem Recycling von Zigarettenstummeln auch Au\u00dfenaschenbecher f\u00fcr Gemeinden, private und \u00f6ffentliche Unternehmen, Festivals, Vereine und Beh\u00f6rden an. Unsere Au\u00dfenaschenbecher spiegeln die Werte des Unternehmens wider. Sie werden alle in Frankreich hergestellt und umweltfreundlich designt.<\/p>\n\n\n\n<p><\/p>\n\n\n\n<div class=\"wp-block-buttons is-layout-flex wp-block-buttons-is-layout-flex\">\n<div class=\"wp-block-button\"><a class=\"wp-block-button__link has-ecomegot-background-color has-background wp-element-button\" href=\"https:\/\/keenat.de\/contact\/\" style=\"border-radius:10px\"><strong><mark style=\"background-color:rgba(0, 0, 0, 0)\" class=\"has-inline-color has-blanc-color\">Bei der Einrichtung einer zigarettenstummelfreien Zone begleitet werden<\/mark><\/strong><\/a><\/div>\n<\/div>\n<\/div>\n\n\n\n<div class=\"wp-block-column is-vertically-aligned-center relative is-layout-flow wp-block-column-is-layout-flow\" style=\"flex-basis:50%\">\n<figure class=\"wp-block-image size-full\"><img fetchpriority=\"high\" decoding=\"async\" width=\"750\" height=\"750\" src=\"https:\/\/keenat.de\/wp-content\/uploads\/2023\/03\/cendrier-atlantique-allemand-site2.jpg\" alt=\"cendrier atlantique allemand site2\" class=\"wp-image-2054\" srcset=\"https:\/\/keenat.de\/wp-content\/uploads\/2023\/03\/cendrier-atlantique-allemand-site2.jpg 750w, https:\/\/keenat.de\/wp-content\/uploads\/2023\/03\/cendrier-atlantique-allemand-site2-300x300.jpg 300w, https:\/\/keenat.de\/wp-content\/uploads\/2023\/03\/cendrier-atlantique-allemand-site2-150x150.jpg 150w\" sizes=\"(max-width: 750px) 100vw, 750px\" \/><\/figure>\n\n\n\n<p class=\"encart-cta-cendrier has-principale-background-color has-background\"><strong><mark style=\"background-color:rgba(0, 0, 0, 0)\" class=\"has-inline-color has-blanc-color\">Standaschenbecher<\/mark><\/strong> <a rel=\"noreferrer noopener\" href=\"https:\/\/ecomegot.com\/cendrier-exterieur-pied\/\" target=\"_blank\">entdecken<\/a><\/p>\n<\/div>\n<\/div>\n\n\n\n<div class=\"wp-block-columns are-vertically-aligned-center section-image-texte is-layout-flex wp-container-core-columns-is-layout-9d6595d7 wp-block-columns-is-layout-flex\">\n<div class=\"wp-block-column is-vertically-aligned-center relative is-layout-flow wp-block-column-is-layout-flow\" style=\"flex-basis:50%\">\n<figure class=\"wp-block-image size-full\"><img decoding=\"async\" width=\"650\" height=\"559\" src=\"https:\/\/keenat.de\/wp-content\/uploads\/2022\/11\/visuel-cendrier-mural.jpg\" alt=\"\" class=\"wp-image-684\" srcset=\"https:\/\/keenat.de\/wp-content\/uploads\/2022\/11\/visuel-cendrier-mural.jpg 650w, https:\/\/keenat.de\/wp-content\/uploads\/2022\/11\/visuel-cendrier-mural-300x258.jpg 300w\" sizes=\"(max-width: 650px) 100vw, 650px\" \/><\/figure>\n\n\n\n<p class=\"encart-cta-cendrier has-principale-background-color has-background\"><strong><mark style=\"background-color:rgba(0, 0, 0, 0)\" class=\"has-inline-color has-blanc-color\">Der Wandaschenbecher<\/mark><br><\/strong> <a rel=\"noreferrer noopener\" href=\"https:\/\/ecomegot.com\/cendriers-muraux\/\" target=\"_blank\">d\u00e9couvrir<\/a><\/p>\n<\/div>\n\n\n\n<div class=\"wp-block-column is-vertically-aligned-center padding is-layout-flow wp-block-column-is-layout-flow\" style=\"flex-basis:50%\">\n<h2 class=\"wp-block-heading image-texte\"><strong>UNSERE PLUSPUNKTE<\/strong><\/h2>\n\n\n\n<p class=\"image-texte has-large-font-size\"><img decoding=\"async\" width=\"32\" height=\"32\" class=\"wp-image-720\" style=\"width: 32px;\" src=\"https:\/\/keenat.de\/wp-content\/uploads\/2022\/11\/Icone-rondplus.svg\" alt=\"\"><strong>100%  ma<strong>\u00df<\/strong>geschneidert<\/strong><\/p>\n\n\n\n<p>Dank ihrer Zweifarbigkeit sind unsere Aschenbecher schon von weitem erkennbar. Um sie noch st\u00e4rker mit Ihrem Unternehmen zu identifizieren, bieten wir Ihnen an, sie vollst\u00e4ndig zu personalisieren und an Ihr Design anzupassen.<\/p>\n\n\n\n<p class=\"image-texte has-large-font-size\"><img decoding=\"async\" width=\"32\" height=\"32\" class=\"wp-image-720\" style=\"width: 32px;\" src=\"https:\/\/keenat.de\/wp-content\/uploads\/2022\/11\/Icone-rondplus.svg\" alt=\"\"><strong>In Frankreich produziert<\/strong><\/p>\n<\/div>\n<\/div>\n\n\n\n<div class=\"wp-block-columns are-vertically-aligned-center section-image-texte reverse-colonne is-layout-flex wp-container-core-columns-is-layout-9d6595d7 wp-block-columns-is-layout-flex\">\n<div class=\"wp-block-column is-vertically-aligned-center padding is-layout-flow wp-block-column-is-layout-flow\" style=\"flex-basis:50%\">\n<h2 class=\"wp-block-heading image-texte\"><img decoding=\"async\" width=\"32\" height=\"32\" class=\"wp-image-720\" style=\"width: 32px;\" src=\"https:\/\/keenat.de\/wp-content\/uploads\/2022\/11\/Icone-rondplus.svg\" alt=\"\"><strong>Umweltfreundlich gestaltet<\/strong><\/h2>\n\n\n\n<p>Mit seinem umweltbewussten Ansatz hat Keenat eine Reihe von Aschenbechern f\u00fcr Au\u00dfenbereiche entwickelt, die den Regelungen der nachhaltigen Entwicklung entsprechen. Alle unsere Rohstoffe werden so ausgew\u00e4hlt, dass keine Materialreste anfallen, um ihre Qualit\u00e4t in Bezug auf Recycling und Lebensdauer zu garantieren. Unsere Herstellungspartner befinden sich in Frankreich und in der N\u00e4he unseres Firmensitzes, um unseren CO2-Fu\u00dfabdruck zu reduzieren und die lokale Wirtschaft zu f\u00f6rdern.<\/p>\n<\/div>\n\n\n\n<div class=\"wp-block-column is-vertically-aligned-center relative is-layout-flow wp-block-column-is-layout-flow\" style=\"flex-basis:50%\">\n<figure class=\"wp-block-image size-full\"><img loading=\"lazy\" decoding=\"async\" width=\"863\" height=\"630\" src=\"https:\/\/keenat.de\/wp-content\/uploads\/2022\/11\/visuel-cendrier-poche.jpg\" alt=\"\" class=\"wp-image-694\" srcset=\"https:\/\/keenat.de\/wp-content\/uploads\/2022\/11\/visuel-cendrier-poche.jpg 863w, https:\/\/keenat.de\/wp-content\/uploads\/2022\/11\/visuel-cendrier-poche-300x219.jpg 300w, https:\/\/keenat.de\/wp-content\/uploads\/2022\/11\/visuel-cendrier-poche-768x561.jpg 768w\" sizes=\"(max-width: 863px) 100vw, 863px\" \/><\/figure>\n\n\n\n<p class=\"encart-cta-cendrier has-principale-background-color has-background\"><strong><mark style=\"background-color:rgba(0, 0, 0, 0)\" class=\"has-inline-color has-blanc-color\">Der Taschenaschenbecher <\/mark><\/strong><a rel=\"noreferrer noopener\" href=\"https:\/\/ecomegot.com\/cendriers-poche\/\" target=\"_blank\">d\u00e9couvrir<\/a><\/p>\n<\/div>\n<\/div>\n\n\n\n<div class=\"wp-block-columns are-vertically-aligned-center section-image-texte is-layout-flex wp-container-core-columns-is-layout-9d6595d7 wp-block-columns-is-layout-flex\">\n<div class=\"wp-block-column is-vertically-aligned-center relative is-layout-flow wp-block-column-is-layout-flow\" style=\"flex-basis:50%\">\n<figure class=\"wp-block-image size-full\"><img loading=\"lazy\" decoding=\"async\" width=\"778\" height=\"750\" src=\"https:\/\/keenat.de\/wp-content\/uploads\/2023\/04\/pav-allemagne-site.jpg\" alt=\"pav allemagne site\" class=\"wp-image-2105\" srcset=\"https:\/\/keenat.de\/wp-content\/uploads\/2023\/04\/pav-allemagne-site.jpg 778w, https:\/\/keenat.de\/wp-content\/uploads\/2023\/04\/pav-allemagne-site-300x289.jpg 300w, https:\/\/keenat.de\/wp-content\/uploads\/2023\/04\/pav-allemagne-site-768x740.jpg 768w\" sizes=\"(max-width: 778px) 100vw, 778px\" \/><\/figure>\n\n\n\n<p class=\"encart-cta-cendrier has-principale-background-color has-background\"><strong><mark style=\"background-color:rgba(0, 0, 0, 0)\" class=\"has-inline-color has-ecomegot-color\">\u00d6ffentliche Sammelstelle<\/mark><\/strong> <a rel=\"noreferrer noopener\" href=\"https:\/\/ecomegot.com\/point-apport-volontaire\/\" target=\"_blank\">entdecken<\/a><\/p>\n<\/div>\n\n\n\n<div class=\"wp-block-column is-vertically-aligned-center padding is-layout-flow wp-block-column-is-layout-flow\" style=\"flex-basis:50%\">\n<h2 class=\"wp-block-heading image-texte\"><img decoding=\"async\" width=\"32\" height=\"32\" class=\"wp-image-720\" style=\"width: 32px;\" src=\"https:\/\/keenat.de\/wp-content\/uploads\/2022\/11\/Icone-rondplus.svg\" alt=\"\"><strong>Widerstandsf\u00e4hig und sicher<\/strong><\/h2>\n\n\n\n<p>Unsere Au\u00dfenaschenbecher haben eine <strong>zweij\u00e4hrige Garantie <\/strong>und wurden \u00fcber mehrere Jahre hinweg entwickelt, um sie <strong>widerstandsf\u00e4hig gegen UV-Strahlen und Rost<\/strong> zu machen. Da sie im Freien aufgestellt werden, erhalten Sie von uns individuelle Schl\u00fcssel, um die Sicherheit Ihres Produkts zu gew\u00e4hrleisten.<\/p>\n\n\n\n<h2 class=\"wp-block-heading image-texte\"><img decoding=\"async\" width=\"32\" height=\"32\" class=\"wp-image-720\" style=\"width: 32px;\" src=\"https:\/\/keenat.de\/wp-content\/uploads\/2022\/11\/Icone-rondplus.svg\" alt=\"\"><strong>Fertig zum Aufstellen<\/strong><\/h2>\n\n\n\n<p>Ein umweltbewusstes Vorgehen einzuf\u00fchren kann nicht warten! Alle unsere Aschenbecher werden montiert geliefert. Sie m\u00fcssen sie nur noch aufstellen. Auf Wunsch k\u00f6nnen wir sie auch f\u00fcr Sie installieren, da wir \u00fcber ein Netzwerk von Partnern in ganz Deutschland verf\u00fcgen.<\/p>\n<\/div>\n<\/div>\n\n\n\n<div class=\"wp-block-columns are-vertically-aligned-center section-image-texte reverse-colonne is-layout-flex wp-container-core-columns-is-layout-9d6595d7 wp-block-columns-is-layout-flex\">\n<div class=\"wp-block-column is-vertically-aligned-center padding is-layout-flow wp-block-column-is-layout-flow\" style=\"flex-basis:50%\">\n<h2 class=\"wp-block-heading\"><strong>Aschenbecher in ganz Frankreich und Europa<\/strong><\/h2>\n\n\n\n<p>Heute stehen bereits mehr als 2000 unserer Aschenbecher in ganz Frankreich, Spanien (Andalousien, Paris, Bordeaux, Toulouse, Lyon, Saint Cloud, Venelles\u2026) und Europa. Mehr als 1000 CAC40-Unternehmen, kleine und mittelst\u00e4ndische Unternehmen, St\u00e4dte und Gemeinden haben zigarettenstummelfreie Pl\u00e4tze eingerichtet, um die Verschmutzung unserer Umwelt durch Zigarettenstummel zu bek\u00e4mpfen.<\/p>\n\n\n\n<p>Unsere Aschenbecher sind zur Miete oder zum Kauf erh\u00e4ltlich. Kontaktieren Sie uns, um mehr zu erfahren.<\/p>\n<\/div>\n\n\n\n<div class=\"wp-block-column is-vertically-aligned-center relative is-layout-flow wp-block-column-is-layout-flow\" style=\"flex-basis:50%\">\n<figure class=\"wp-block-image size-full\"><img loading=\"lazy\" decoding=\"async\" width=\"973\" height=\"750\" src=\"https:\/\/keenat.de\/wp-content\/uploads\/2023\/03\/visuel-cendrier-sondage-allemagne-site-1.jpg\" alt=\"visuel cendrier sondage allemagne site 1\" class=\"wp-image-2058\" srcset=\"https:\/\/keenat.de\/wp-content\/uploads\/2023\/03\/visuel-cendrier-sondage-allemagne-site-1.jpg 973w, https:\/\/keenat.de\/wp-content\/uploads\/2023\/03\/visuel-cendrier-sondage-allemagne-site-1-300x231.jpg 300w, https:\/\/keenat.de\/wp-content\/uploads\/2023\/03\/visuel-cendrier-sondage-allemagne-site-1-768x592.jpg 768w\" sizes=\"(max-width: 973px) 100vw, 973px\" \/><\/figure>\n\n\n\n<p class=\"encart-cta-cendrier has-blanc-color has-principale-background-color has-text-color has-background\"><strong>Umfrage-Aschenbecher<\/strong> <a rel=\"noreferrer noopener\" href=\"https:\/\/ecomegot.com\/cendrier-sondages\/\" target=\"_blank\">entdecken<\/a><\/p>\n<\/div>\n<\/div>\n","protected":false},"excerpt":{"rendered":"<p>Zigarettenstummel Unsere Au\u00dfenaschenbecher Zur Miete oder zum Kauf erh\u00e4ltlich! Wir bei Keenat k\u00e4mpfen gegen die Umweltverschmutzung durch Zigarettenstummel. Zu diesem Zweck bieten wir neben der Aufkl\u00e4rung, der Sammlung und dem Recycling von Zigarettenstummeln auch Au\u00dfenaschenbecher f\u00fcr Gemeinden, private und \u00f6ffentliche Unternehmen, Festivals, Vereine und Beh\u00f6rden an. Unsere Au\u00dfenaschenbecher spiegeln die Werte des Unternehmens wider. Sie [&hellip;]<\/p>\n","protected":false},"author":3,"featured_media":0,"parent":88,"menu_order":0,"comment_status":"closed","ping_status":"closed","template":"","meta":{"_seopress_robots_primary_cat":"","inline_featured_image":false,"footnotes":""},"class_list":["post-94","page","type-page","status-publish"],"_links":{"self":[{"href":"https:\/\/keenat.de\/index.php?rest_route=\/wp\/v2\/pages\/94","targetHints":{"allow":["GET"]}}],"collection":[{"href":"https:\/\/keenat.de\/index.php?rest_route=\/wp\/v2\/pages"}],"about":[{"href":"https:\/\/keenat.de\/index.php?rest_route=\/wp\/v2\/types\/page"}],"author":[{"embeddable":true,"href":"https:\/\/keenat.de\/index.php?rest_route=\/wp\/v2\/users\/3"}],"replies":[{"embeddable":true,"href":"https:\/\/keenat.de\/index.php?rest_route=%2Fwp%2Fv2%2Fcomments&post=94"}],"version-history":[{"count":72,"href":"https:\/\/keenat.de\/index.php?rest_route=\/wp\/v2\/pages\/94\/revisions"}],"predecessor-version":[{"id":2235,"href":"https:\/\/keenat.de\/index.php?rest_route=\/wp\/v2\/pages\/94\/revisions\/2235"}],"up":[{"embeddable":true,"href":"https:\/\/keenat.de\/index.php?rest_route=\/wp\/v2\/pages\/88"}],"wp:attachment":[{"href":"https:\/\/keenat.de\/index.php?rest_route=%2Fwp%2Fv2%2Fmedia&parent=94"}],"curies":[{"name":"wp","href":"https:\/\/api.w.org\/{rel}","templated":true}]}}