{"id":88,"date":"2022-11-08T17:57:10","date_gmt":"2022-11-08T16:57:10","guid":{"rendered":"https:\/\/keenat.de\/?page_id=88"},"modified":"2023-09-07T11:47:24","modified_gmt":"2023-09-07T09:47:24","slug":"zigarettenstummel","status":"publish","type":"page","link":"https:\/\/keenat.de\/?page_id=88","title":{"rendered":"Zigarettenstummel"},"content":{"rendered":"\n<div class=\"wp-block-columns are-vertically-aligned-center section-image-texte is-layout-flex wp-container-core-columns-is-layout-9d6595d7 wp-block-columns-is-layout-flex\">\n<div class=\"wp-block-column is-vertically-aligned-center padding is-layout-flow wp-block-column-is-layout-flow\" style=\"flex-basis:43%\">\n<h1 class=\"wp-block-heading\">Zigarettenstummel<\/h1>\n\n\n\n<p class=\"has-extra-large-font-size\"><strong>Sensibilisierung,<br>Sammlung <mark style=\"background-color:rgba(0, 0, 0, 0)\" class=\"has-inline-color has-ecomegot-color\">&amp;<\/mark> Verwertung<\/strong><\/p>\n\n\n\n<div class=\"wp-block-buttons is-layout-flex wp-block-buttons-is-layout-flex\">\n<div class=\"wp-block-button\"><a class=\"wp-block-button__link has-ecomegot-background-color has-background wp-element-button\" href=\"https:\/\/keenat.de\/contact\/\" style=\"border-radius:10px\">KONTAKTIEREN SIE UNS !<\/a><\/div>\n<\/div>\n\n\n\n<p><\/p>\n<\/div>\n\n\n\n<div class=\"wp-block-column is-vertically-aligned-center is-layout-flow wp-block-column-is-layout-flow\" style=\"flex-basis:60%\">\n<figure class=\"wp-block-image size-large\"><img fetchpriority=\"high\" decoding=\"async\" width=\"1024\" height=\"698\" src=\"https:\/\/keenat.de\/wp-content\/uploads\/2023\/03\/cendrier-allemagne-keenat-1024x698.jpg\" alt=\"cendrier allemagne keenat\" class=\"wp-image-2073\" srcset=\"https:\/\/keenat.de\/wp-content\/uploads\/2023\/03\/cendrier-allemagne-keenat-1024x698.jpg 1024w, https:\/\/keenat.de\/wp-content\/uploads\/2023\/03\/cendrier-allemagne-keenat-300x204.jpg 300w, https:\/\/keenat.de\/wp-content\/uploads\/2023\/03\/cendrier-allemagne-keenat-768x523.jpg 768w, https:\/\/keenat.de\/wp-content\/uploads\/2023\/03\/cendrier-allemagne-keenat.jpg 1101w\" sizes=\"(max-width: 1024px) 100vw, 1024px\" \/><\/figure>\n<\/div>\n<\/div>\n\n\n\n<div class=\"wp-block-cover is-light is-repeated\" style=\"min-height:7vh;aspect-ratio:unset;\"><span aria-hidden=\"true\" class=\"wp-block-cover__background has-background-dim-0 has-background-dim\"><\/span><div role=\"img\" class=\"wp-block-cover__image-background wp-image-654 is-repeated\" style=\"background-position:50% 50%;background-image:url(https:\/\/keenat.de\/wp-content\/uploads\/2022\/11\/visuel-megot-1.png)\"><\/div><div class=\"wp-block-cover__inner-container is-layout-flow wp-block-cover-is-layout-flow\">\n<p class=\"has-text-align-center has-large-font-size\"><\/p>\n<\/div><\/div>\n\n\n\n<section class=\"wp-block-group\"><div class=\"wp-block-group__inner-container is-layout-constrained wp-block-group-is-layout-constrained\">\n<div class=\"wp-block-columns container is-layout-flex wp-container-core-columns-is-layout-9d6595d7 wp-block-columns-is-layout-flex\">\n<div class=\"wp-block-column is-layout-flow wp-block-column-is-layout-flow\">\n<h2 class=\"wp-block-heading\">Wir haben DIE L\u00f6sung, um die Auswirkungen von Zigarettenstummeln zu verringern!<\/h2>\n\n\n\n<figure class=\"wp-block-image size-full\"><img decoding=\"async\" width=\"773\" height=\"796\" src=\"https:\/\/keenat.de\/wp-content\/uploads\/2023\/03\/cycle-solution-ecomegot-allemagne-site.png\" alt=\"cycle solution ecomegot allemagne site\" class=\"wp-image-2074\" srcset=\"https:\/\/keenat.de\/wp-content\/uploads\/2023\/03\/cycle-solution-ecomegot-allemagne-site.png 773w, https:\/\/keenat.de\/wp-content\/uploads\/2023\/03\/cycle-solution-ecomegot-allemagne-site-291x300.png 291w, https:\/\/keenat.de\/wp-content\/uploads\/2023\/03\/cycle-solution-ecomegot-allemagne-site-768x791.png 768w\" sizes=\"(max-width: 773px) 100vw, 773px\" \/><\/figure>\n<\/div>\n\n\n\n<div class=\"wp-block-column is-layout-flow wp-block-column-is-layout-flow\">\n<p>Diese innovative L\u00f6sung war die erste L\u00f6sung, die Keenat 2016 auf den Markt brachte. Das Vorhaben war einfach: Die Umweltauswirkungen von Zigarettenstummeln sollten reduziert werden, indem die Anzahl der auf den Boden geworfenen Zigarettenstummel verringert wird. Warum? Weil Zigarettenstummel ein Abfallprodukt sind, das sehr oft in Wassersystemen (vor allem in der Kanalisation) und schlie\u00dflich in den Meeren und Ozeanen landet. Wenn man bedenkt, dass ein einziger Zigarettenstummel schon bis zu 500 Liter Wasser verschmutzt, ist es wichtig, eine wirksame L\u00f6sung f\u00fcr Gemeinden und Unternehmen zu etablieren!<\/p>\n\n\n\n<h3 class=\"wp-block-heading\"><strong>Unser Ziel? <\/strong><\/h3>\n\n\n\n<p>Die Anzahl der weggeworfenen Zigarettenstummel zu reduzieren, St\u00e4dte und Unternehmen sauberer zu machen, die Verschmutzung unserer Meere und Ozeane zu verringern, \u00f6kologische und soziale L\u00f6sungen f\u00fcr unsere Kunden anzubieten, in Europa produzierte Sammelbeh\u00e4lter herzustellen, Arbeitspl\u00e4tze f\u00fcr sozial benachteiligte Menschen zu schaffen, sowie L\u00f6sungen f\u00fcr die Wiederverwendung von Abf\u00e4llen und deren Recycling zu entwickeln.<\/p>\n<\/div>\n<\/div>\n<\/div><\/section>\n\n\n<div class=\"wp-block-image image-full no-marge\">\n<figure class=\"aligncenter size-full\"><img decoding=\"async\" width=\"1537\" height=\"604\" src=\"https:\/\/keenat.de\/wp-content\/uploads\/2022\/11\/visuel-megot.jpg\" alt=\"\" class=\"wp-image-571\" srcset=\"https:\/\/keenat.de\/wp-content\/uploads\/2022\/11\/visuel-megot.jpg 1537w, https:\/\/keenat.de\/wp-content\/uploads\/2022\/11\/visuel-megot-300x118.jpg 300w, https:\/\/keenat.de\/wp-content\/uploads\/2022\/11\/visuel-megot-1024x402.jpg 1024w, https:\/\/keenat.de\/wp-content\/uploads\/2022\/11\/visuel-megot-768x302.jpg 768w\" sizes=\"(max-width: 1537px) 100vw, 1537px\" \/><\/figure>\n<\/div>\n\n\n<div class=\"wp-block-group\"><div class=\"wp-block-group__inner-container is-layout-constrained wp-block-group-is-layout-constrained\">\n<div class=\"wp-block-columns are-vertically-aligned-bottom container is-layout-flex wp-container-core-columns-is-layout-9d6595d7 wp-block-columns-is-layout-flex\">\n<div class=\"wp-block-column is-vertically-aligned-bottom is-layout-flow wp-block-column-is-layout-flow\">\n<h2 class=\"wp-block-heading\">Kennen Sie die Umweltauswirkungen von Zigarettenstummeln? <\/h2>\n<\/div>\n\n\n\n<div class=\"wp-block-column is-vertically-aligned-bottom has-large-font-size is-layout-flow wp-block-column-is-layout-flow\">\n<p class=\"has-extra-large-font-size\">Ein Zigarettenstummel braucht 12 Jahre, um abgebaut zu werden<\/p>\n<\/div>\n\n\n\n<div class=\"wp-block-column is-vertically-aligned-bottom has-large-font-size is-layout-flow wp-block-column-is-layout-flow\">\n<p class=\"has-extra-large-font-size\">Eine Zigarettenkippe verschmutzt <strong>500 Liter Wasser<\/strong><\/p>\n<\/div>\n<\/div>\n<\/div><\/div>\n\n\n<div class=\"wp-block-image image-full no-marge\">\n<figure class=\"aligncenter size-full\"><img loading=\"lazy\" decoding=\"async\" width=\"1523\" height=\"449\" src=\"https:\/\/keenat.de\/wp-content\/uploads\/2022\/11\/visuel-action-mise-en-place.jpg\" alt=\"\" class=\"wp-image-585\" srcset=\"https:\/\/keenat.de\/wp-content\/uploads\/2022\/11\/visuel-action-mise-en-place.jpg 1523w, https:\/\/keenat.de\/wp-content\/uploads\/2022\/11\/visuel-action-mise-en-place-300x88.jpg 300w, https:\/\/keenat.de\/wp-content\/uploads\/2022\/11\/visuel-action-mise-en-place-1024x302.jpg 1024w, https:\/\/keenat.de\/wp-content\/uploads\/2022\/11\/visuel-action-mise-en-place-768x226.jpg 768w\" sizes=\"(max-width: 1523px) 100vw, 1523px\" \/><\/figure>\n<\/div>\n\n\n<div class=\"wp-block-columns padding-small no-marge has-principale-background-color has-background is-layout-flex wp-container-core-columns-is-layout-9d6595d7 wp-block-columns-is-layout-flex\">\n<div class=\"wp-block-column is-layout-flow wp-block-column-is-layout-flow\">\n<p class=\"has-large-font-size\"><strong><mark style=\"background-color:rgba(0, 0, 0, 0)\" class=\"has-inline-color has-ecomegot-color\">Sensibilisierungsma<strong>\u00df<\/strong>nahmen<\/mark><\/strong><\/p>\n\n\n\n<div class=\"wp-block-buttons is-layout-flex wp-block-buttons-is-layout-flex\">\n<div class=\"wp-block-button is-style-outline is-style-outline--1\"><a class=\"wp-block-button__link has-blanc-color has-text-color wp-element-button\" href=\"https:\/\/keenat.de\/sensibilisation-a-limpact-des-dechets\/\" style=\"border-radius:10px\">Mehr erfahren<\/a><\/div>\n<\/div>\n<\/div>\n\n\n\n<div class=\"wp-block-column is-layout-flow wp-block-column-is-layout-flow\">\n<p class=\"has-large-font-size\"><strong>Aufstellen von Aschenbechern<\/strong><\/p>\n\n\n\n<div class=\"wp-block-buttons is-layout-flex wp-block-buttons-is-layout-flex\">\n<div class=\"wp-block-button is-style-outline is-style-outline--2\"><a class=\"wp-block-button__link has-blanc-color has-text-color wp-element-button\" href=\"https:\/\/keenat.de\/megots-de-cigarettes\/les-cendriers-exterieurs\/\" style=\"border-radius:10px\">Mehr erfahren<\/a><\/div>\n<\/div>\n<\/div>\n\n\n\n<div class=\"wp-block-column is-layout-flow wp-block-column-is-layout-flow\">\n<p class=\"has-large-font-size\"><strong><mark style=\"background-color:rgba(0, 0, 0, 0)\" class=\"has-inline-color has-blanc-color\">Sammlung von Zigarettenstummeln<\/mark><\/strong><\/p>\n\n\n\n<div class=\"wp-block-buttons is-layout-flex wp-block-buttons-is-layout-flex\">\n<div class=\"wp-block-button is-style-outline is-style-outline--3\"><a class=\"wp-block-button__link has-blanc-color has-text-color wp-element-button\" href=\"https:\/\/keenat.de\/collecte-des-dechets\/\" style=\"border-radius:10px\">Mehr erfahren<\/a><\/div>\n<\/div>\n<\/div>\n\n\n\n<div class=\"wp-block-column is-layout-flow wp-block-column-is-layout-flow\">\n<p class=\"has-large-font-size\"><strong><mark style=\"background-color:rgba(0, 0, 0, 0)\" class=\"has-inline-color has-blanc-color\">Verwertung<\/mark><\/strong><\/p>\n\n\n\n<div class=\"wp-block-buttons is-layout-flex wp-block-buttons-is-layout-flex\">\n<div class=\"wp-block-button is-style-outline is-style-outline--4\"><a class=\"wp-block-button__link has-blanc-color has-text-color wp-element-button\" href=\"https:\/\/keenat.de\/recyclage\/\" style=\"border-radius:10px\">Mehr erfahren<\/a><\/div>\n<\/div>\n<\/div>\n<\/div>\n\n\n\n<div class=\"wp-block-columns are-vertically-aligned-center section-image-texte is-layout-flex wp-container-core-columns-is-layout-9d6595d7 wp-block-columns-is-layout-flex\">\n<div class=\"wp-block-column is-vertically-aligned-center is-layout-flow wp-block-column-is-layout-flow\" style=\"flex-basis:50%\">\n<figure class=\"wp-block-image size-full\"><img loading=\"lazy\" decoding=\"async\" width=\"772\" height=\"750\" src=\"https:\/\/keenat.de\/wp-content\/uploads\/2023\/03\/action-de-sensibilisation-1.jpg\" alt=\"action de sensibilisation 1\" class=\"wp-image-2075\" srcset=\"https:\/\/keenat.de\/wp-content\/uploads\/2023\/03\/action-de-sensibilisation-1.jpg 772w, https:\/\/keenat.de\/wp-content\/uploads\/2023\/03\/action-de-sensibilisation-1-300x291.jpg 300w, https:\/\/keenat.de\/wp-content\/uploads\/2023\/03\/action-de-sensibilisation-1-768x746.jpg 768w\" sizes=\"(max-width: 772px) 100vw, 772px\" \/><\/figure>\n<\/div>\n\n\n\n<div class=\"wp-block-column is-vertically-aligned-center padding is-layout-flow wp-block-column-is-layout-flow\" style=\"flex-basis:50%\">\n<h2 class=\"wp-block-heading\">Ein einfacher Schritt f\u00fcr jede Einrichtung<\/h2>\n\n\n\n<p class=\"has-large-font-size\">Unternehmen, Gemeinden, Veranstaltungen\u2026<\/p>\n\n\n\n<p><strong>Ihre Ausgangslage<\/strong><\/p>\n\n\n\n<ul class=\"liste-fleche wp-block-list\">\n<li>Sie suchen nach einer Recyclingl\u00f6sung f\u00fcr Ihre Zigarettenstummel<\/li>\n\n\n\n<li>Sie m\u00f6chten Ihre Mitarbeiter f\u00fcr die Umweltfolgen von Zigarettenstummeln sensibilisieren<\/li>\n\n\n\n<li>Sie m\u00f6chten sich mit der L\u00f6sung von Keenat ausstatten<\/li>\n\n\n\n<li>Sie m\u00f6chten die Umweltauswirkungen Ihres Unternehmens, Ihrer Kommune oder Ihrer Veranstaltung reduzieren.<\/li>\n<\/ul>\n<\/div>\n<\/div>\n\n\n\n<div class=\"wp-block-columns are-vertically-aligned-center section-image-texte reverse-colonne is-layout-flex wp-container-core-columns-is-layout-9d6595d7 wp-block-columns-is-layout-flex\">\n<div class=\"wp-block-column is-vertically-aligned-center padding is-layout-flow wp-block-column-is-layout-flow\" style=\"flex-basis:50%\">\n<h2 class=\"wp-block-heading\"><strong><mark style=\"background-color:rgba(0, 0, 0, 0)\" class=\"has-inline-color has-ecomegot-color\">Unsere L\u00f6sung im Detail<\/mark><\/strong><\/h2>\n\n\n\n<p class=\"image-texte has-large-font-size\"><img loading=\"lazy\" decoding=\"async\" width=\"55\" height=\"42\" class=\"wp-image-624\" style=\"width: 55px;\" src=\"https:\/\/keenat.de\/wp-content\/uploads\/2022\/11\/icone-reception.svg\" alt=\"\"> <strong><mark style=\"background-color:rgba(0, 0, 0, 0)\" class=\"has-inline-color has-ecomegot-color\">1.<\/mark> Empfang der Materialien<\/strong><\/p>\n\n\n\n<p class=\"image-texte has-large-font-size\"><img loading=\"lazy\" decoding=\"async\" width=\"50\" height=\"51\" class=\"wp-image-659\" style=\"width: 50px;\" src=\"https:\/\/keenat.de\/wp-content\/uploads\/2022\/11\/ico-cendrier.svg\" alt=\"\"> <strong><mark style=\"background-color:rgba(0, 0, 0, 0)\" class=\"has-inline-color has-ecomegot-color\">2.<\/mark> Aufstellen des Aschenbechers<\/strong><\/p>\n\n\n\n<p class=\"image-texte has-large-font-size\"><img loading=\"lazy\" decoding=\"async\" width=\"40\" height=\"73\" class=\"wp-image-660\" style=\"width: 40px;\" src=\"https:\/\/keenat.de\/wp-content\/uploads\/2022\/11\/ico-depot-megot.svg\" alt=\"\"> <strong><mark style=\"background-color:rgba(0, 0, 0, 0)\" class=\"has-inline-color has-ecomegot-color\">3.<\/mark> Sammlung von Zigarettenstummeln<\/strong><\/p>\n\n\n\n<p class=\"image-texte has-large-font-size\"><img loading=\"lazy\" decoding=\"async\" width=\"55\" height=\"64\" class=\"wp-image-661\" style=\"width: 55px;\" src=\"https:\/\/keenat.de\/wp-content\/uploads\/2022\/11\/ico-collecte-securise.svg\" alt=\"\"> <strong><mark style=\"background-color:rgba(0, 0, 0, 0)\" class=\"has-inline-color has-ecomegot-color\">4.<\/mark> Gesicherte Abholung<\/strong><\/p>\n<\/div>\n\n\n\n<div class=\"wp-block-column is-vertically-aligned-center is-layout-flow wp-block-column-is-layout-flow\" style=\"flex-basis:50%\">\n<figure class=\"wp-block-image size-full\"><img loading=\"lazy\" decoding=\"async\" width=\"929\" height=\"750\" src=\"https:\/\/keenat.de\/wp-content\/uploads\/2023\/03\/cendrier-atlantique-allemand-site-2.jpg\" alt=\"cendrier atlantique allemand site 2\" class=\"wp-image-2076\" srcset=\"https:\/\/keenat.de\/wp-content\/uploads\/2023\/03\/cendrier-atlantique-allemand-site-2.jpg 929w, https:\/\/keenat.de\/wp-content\/uploads\/2023\/03\/cendrier-atlantique-allemand-site-2-300x242.jpg 300w, https:\/\/keenat.de\/wp-content\/uploads\/2023\/03\/cendrier-atlantique-allemand-site-2-768x620.jpg 768w\" sizes=\"(max-width: 929px) 100vw, 929px\" \/><\/figure>\n<\/div>\n<\/div>\n\n\n\n<div class=\"wp-block-columns are-vertically-aligned-center section-image-texte is-layout-flex wp-container-core-columns-is-layout-9d6595d7 wp-block-columns-is-layout-flex\">\n<div class=\"wp-block-column is-vertically-aligned-center is-layout-flow wp-block-column-is-layout-flow\" style=\"flex-basis:50%\">\n<figure class=\"wp-block-image size-full\"><img loading=\"lazy\" decoding=\"async\" width=\"776\" height=\"849\" src=\"https:\/\/keenat.de\/wp-content\/uploads\/2022\/11\/visuel-pourquoi-faire-appel-keenat.jpg\" alt=\"\" class=\"wp-image-630\" srcset=\"https:\/\/keenat.de\/wp-content\/uploads\/2022\/11\/visuel-pourquoi-faire-appel-keenat.jpg 776w, https:\/\/keenat.de\/wp-content\/uploads\/2022\/11\/visuel-pourquoi-faire-appel-keenat-274x300.jpg 274w, https:\/\/keenat.de\/wp-content\/uploads\/2022\/11\/visuel-pourquoi-faire-appel-keenat-768x840.jpg 768w\" sizes=\"(max-width: 776px) 100vw, 776px\" \/><\/figure>\n<\/div>\n\n\n\n<div class=\"wp-block-column is-vertically-aligned-center padding is-layout-flow wp-block-column-is-layout-flow\" style=\"flex-basis:50%\">\n<h2 class=\"wp-block-heading has-extra-large-font-size\"><strong>Warum <mark style=\"background-color:rgba(0, 0, 0, 0)\" class=\"has-inline-color has-ecomegot-color\">wir?<\/mark><\/strong><\/h2>\n\n\n\n<p class=\"image-texte has-large-font-size\"><strong><img loading=\"lazy\" decoding=\"async\" width=\"43\" height=\"59\" class=\"wp-image-634\" style=\"width: 43px;\" src=\"https:\/\/keenat.de\/wp-content\/uploads\/2022\/11\/Coeur_feuille.svg\" alt=\"\">Sozialunternehmen mit 100% franz\u00f6sischer Produktion und deutscher Verwertung<\/strong><\/p>\n\n\n\n<p class=\"image-texte has-large-font-size\"><strong><img loading=\"lazy\" decoding=\"async\" width=\"36\" height=\"58\" class=\"wp-image-639\" style=\"width: 36px;\" src=\"https:\/\/keenat.de\/wp-content\/uploads\/2022\/11\/ampoule.svg\" alt=\"\">Zuverl\u00e4ssige ma\u00dfgeschneiderte und schl\u00fcsselfertige L\u00f6sung<\/strong><\/p>\n\n\n\n<p class=\"image-texte has-large-font-size\"><strong><img loading=\"lazy\" decoding=\"async\" width=\"58\" height=\"57\" class=\"wp-image-640\" style=\"width: 58px;\" src=\"https:\/\/keenat.de\/wp-content\/uploads\/2022\/11\/icone-france.svg\" alt=\"\">F\u00e4higkeit, \u00fcberall in Deutschland und Europa t\u00e4tig zu werden<\/strong><\/p>\n\n\n\n<p class=\"image-texte has-large-font-size\"><strong><img loading=\"lazy\" decoding=\"async\" width=\"53\" height=\"55\" class=\"wp-image-641\" style=\"width: 53px;\" src=\"https:\/\/keenat.de\/wp-content\/uploads\/2022\/11\/icone-rapport.svg\" alt=\"\">Verpflichtung zur R\u00fcckverfolgbarkeit der Abf\u00e4lle und Transparenz<\/strong><\/p>\n\n\n\n<p class=\"image-texte has-large-font-size\"><strong><img loading=\"lazy\" decoding=\"async\" width=\"63\" height=\"74\" class=\"wp-image-642\" style=\"width: 63px;\" src=\"https:\/\/keenat.de\/wp-content\/uploads\/2022\/11\/Collecte.svg\" alt=\"\">Sie k\u00f6nnen die Verwaltung Ihrer Zigarettenstummel an uns delegieren<\/strong><\/p>\n<\/div>\n<\/div>\n\n\n\n<div class=\"wp-block-buttons padding-small is-content-justification-center is-layout-flex wp-container-core-buttons-is-layout-16018d1d wp-block-buttons-is-layout-flex\">\n<div class=\"wp-block-button aligncenter\"><a class=\"wp-block-button__link has-ecomegot-background-color has-background wp-element-button\" href=\"https:\/\/keenat.de\/contact\/\" style=\"border-radius:10px\">KONTAKTIEREN SIE UNS !<\/a><\/div>\n<\/div>\n\n\n\n<section class=\"wp-block-group padding-small\"><div class=\"wp-block-group__inner-container is-layout-constrained wp-block-group-is-layout-constrained\">\n<h2 class=\"wp-block-heading has-text-align-center\">Sie vertrauen uns:<\/h2>\n<\/div><\/section>\n\n\n\n<div class=\"wp-block-columns are-vertically-aligned-center container is-layout-flex wp-container-core-columns-is-layout-9d6595d7 wp-block-columns-is-layout-flex\">\n<div class=\"wp-block-column is-vertically-aligned-center is-layout-flow wp-block-column-is-layout-flow\"><div class=\"wp-block-image\">\n<figure class=\"aligncenter size-full\"><img loading=\"lazy\" decoding=\"async\" width=\"247\" height=\"78\" src=\"https:\/\/keenat.de\/wp-content\/uploads\/2022\/11\/Fevrier-naissance-BPI-France-F_1.jpg\" alt=\"\" class=\"wp-image-43\"\/><\/figure>\n<\/div><\/div>\n\n\n\n<div class=\"wp-block-column is-vertically-aligned-center is-layout-flow wp-block-column-is-layout-flow\"><div class=\"wp-block-image\">\n<figure class=\"aligncenter size-large\"><img loading=\"lazy\" decoding=\"async\" width=\"304\" height=\"53\" src=\"https:\/\/keenat.de\/wp-content\/uploads\/2022\/11\/France_active_logo_1.svg\" alt=\"\" class=\"wp-image-45\"\/><\/figure>\n<\/div><\/div>\n\n\n\n<div class=\"wp-block-column is-vertically-aligned-center is-layout-flow wp-block-column-is-layout-flow\"><div class=\"wp-block-image\">\n<figure class=\"aligncenter size-large\"><img loading=\"lazy\" decoding=\"async\" width=\"194\" height=\"93\" src=\"https:\/\/keenat.de\/wp-content\/uploads\/2022\/11\/New-logo-GPV_1.svg\" alt=\"\" class=\"wp-image-48\"\/><\/figure>\n<\/div><\/div>\n\n\n\n<div class=\"wp-block-column is-vertically-aligned-center is-layout-flow wp-block-column-is-layout-flow\"><div class=\"wp-block-image\">\n<figure class=\"aligncenter size-large\"><img loading=\"lazy\" decoding=\"async\" width=\"1024\" height=\"501\" src=\"https:\/\/keenat.de\/wp-content\/uploads\/2022\/11\/logo_na_horiz_quadri_2019-1024x501.jpg\" alt=\"logo na horiz quadri 2019\" class=\"wp-image-1479\" srcset=\"https:\/\/keenat.de\/wp-content\/uploads\/2022\/11\/logo_na_horiz_quadri_2019-1024x501.jpg 1024w, https:\/\/keenat.de\/wp-content\/uploads\/2022\/11\/logo_na_horiz_quadri_2019-300x147.jpg 300w, https:\/\/keenat.de\/wp-content\/uploads\/2022\/11\/logo_na_horiz_quadri_2019-768x375.jpg 768w, https:\/\/keenat.de\/wp-content\/uploads\/2022\/11\/logo_na_horiz_quadri_2019-1536x751.jpg 1536w, https:\/\/keenat.de\/wp-content\/uploads\/2022\/11\/logo_na_horiz_quadri_2019.jpg 1559w\" sizes=\"(max-width: 1024px) 100vw, 1024px\" \/><\/figure>\n<\/div><\/div>\n<\/div>\n","protected":false},"excerpt":{"rendered":"<p>Zigarettenstummel Sensibilisierung,Sammlung &amp; Verwertung Wir haben DIE L\u00f6sung, um die Auswirkungen von Zigarettenstummeln zu verringern! Diese innovative L\u00f6sung war die erste L\u00f6sung, die Keenat 2016 auf den Markt brachte. Das Vorhaben war einfach: Die Umweltauswirkungen von Zigarettenstummeln sollten reduziert werden, indem die Anzahl der auf den Boden geworfenen Zigarettenstummel verringert wird. Warum? Weil Zigarettenstummel ein [&hellip;]<\/p>\n","protected":false},"author":3,"featured_media":0,"parent":0,"menu_order":0,"comment_status":"closed","ping_status":"closed","template":"","meta":{"_seopress_robots_primary_cat":"","inline_featured_image":false,"footnotes":""},"class_list":["post-88","page","type-page","status-publish"],"_links":{"self":[{"href":"https:\/\/keenat.de\/index.php?rest_route=\/wp\/v2\/pages\/88","targetHints":{"allow":["GET"]}}],"collection":[{"href":"https:\/\/keenat.de\/index.php?rest_route=\/wp\/v2\/pages"}],"about":[{"href":"https:\/\/keenat.de\/index.php?rest_route=\/wp\/v2\/types\/page"}],"author":[{"embeddable":true,"href":"https:\/\/keenat.de\/index.php?rest_route=\/wp\/v2\/users\/3"}],"replies":[{"embeddable":true,"href":"https:\/\/keenat.de\/index.php?rest_route=%2Fwp%2Fv2%2Fcomments&post=88"}],"version-history":[{"count":103,"href":"https:\/\/keenat.de\/index.php?rest_route=\/wp\/v2\/pages\/88\/revisions"}],"predecessor-version":[{"id":2167,"href":"https:\/\/keenat.de\/index.php?rest_route=\/wp\/v2\/pages\/88\/revisions\/2167"}],"wp:attachment":[{"href":"https:\/\/keenat.de\/index.php?rest_route=%2Fwp%2Fv2%2Fmedia&parent=88"}],"curies":[{"name":"wp","href":"https:\/\/api.w.org\/{rel}","templated":true}]}}