{"id":8,"date":"2022-11-08T10:04:20","date_gmt":"2022-11-08T09:04:20","guid":{"rendered":"https:\/\/keenat.de\/?page_id=8"},"modified":"2023-09-07T11:30:47","modified_gmt":"2023-09-07T09:30:47","slug":"startseite","status":"publish","type":"page","link":"https:\/\/keenat.de\/","title":{"rendered":"Startseite"},"content":{"rendered":"\n<div class=\"wp-block-cover is-light\" style=\"min-height:65vh;aspect-ratio:unset;\"><span aria-hidden=\"true\" class=\"wp-block-cover__background has-background-dim-0 has-background-dim\"><\/span><img fetchpriority=\"high\" decoding=\"async\" width=\"1950\" height=\"834\" class=\"wp-block-cover__image-background wp-image-916\" alt=\"Keenat nature \" src=\"https:\/\/keenat.de\/wp-content\/uploads\/2022\/11\/bandeau-accueil.jpg\" style=\"object-position:55% 56%\" data-object-fit=\"cover\" data-object-position=\"55% 56%\" srcset=\"https:\/\/keenat.de\/wp-content\/uploads\/2022\/11\/bandeau-accueil.jpg 1950w, https:\/\/keenat.de\/wp-content\/uploads\/2022\/11\/bandeau-accueil-300x128.jpg 300w, https:\/\/keenat.de\/wp-content\/uploads\/2022\/11\/bandeau-accueil-1024x438.jpg 1024w, https:\/\/keenat.de\/wp-content\/uploads\/2022\/11\/bandeau-accueil-768x328.jpg 768w, https:\/\/keenat.de\/wp-content\/uploads\/2022\/11\/bandeau-accueil-1536x657.jpg 1536w\" sizes=\"(max-width: 1950px) 100vw, 1950px\" \/><div class=\"wp-block-cover__inner-container is-layout-flow wp-block-cover-is-layout-flow\">\n<h1 class=\"wp-block-heading has-text-align-left\"><strong><mark style=\"background-color:#ffffff\" class=\"has-inline-color has-principale-color\">Sensibilisieren,<\/mark> <\/strong><br><strong><mark style=\"background-color:#ffffff\" class=\"has-inline-color has-principale-color\">Sammeln,<\/mark> <\/strong><br><strong><mark style=\"background-color:#FFF\" class=\"has-inline-color has-principale-color\">Verwerten<\/mark><\/strong><\/h1>\n<\/div><\/div>\n\n\n\n<section class=\"wp-block-group container\"><div class=\"wp-block-group__inner-container is-layout-constrained wp-block-group-is-layout-constrained\">\n<h2 class=\"wp-block-heading has-text-align-center\"><strong>Aschenbecher, Recycling von Zigarettenstummeln, Einwegmasken, Kaugummis, CSR-Konzept, Abfallmanagement&#8230; <br><\/strong>Entdecken Sie unsere L\u00f6sungen!<\/h2>\n\n\n\n<div class=\"wp-block-columns liste-marque is-layout-flex wp-container-core-columns-is-layout-9d6595d7 wp-block-columns-is-layout-flex\">\n<div class=\"wp-block-column encart-marque encart-ecomegot is-layout-flow wp-block-column-is-layout-flow\">\n<h3 class=\"wp-block-heading\">Zigarettenstummel<\/h3>\n\n\n\n<div class=\"wp-block-buttons is-layout-flex wp-block-buttons-is-layout-flex\">\n<div class=\"wp-block-button\"><a class=\"wp-block-button__link wp-element-button\" href=\"https:\/\/keenat.de\/megots-de-cigarettes\/\">Mehr erfahren<\/a><\/div>\n<\/div>\n\n\n\n<figure class=\"wp-block-image size-full\"><img decoding=\"async\" width=\"409\" height=\"189\" src=\"https:\/\/keenat.de\/wp-content\/uploads\/2022\/11\/visuel-ecomegot-hp.jpg\" alt=\"Pollution m\u00e9gots de cigarette\" class=\"wp-image-22\" srcset=\"https:\/\/keenat.de\/wp-content\/uploads\/2022\/11\/visuel-ecomegot-hp.jpg 409w, https:\/\/keenat.de\/wp-content\/uploads\/2022\/11\/visuel-ecomegot-hp-300x139.jpg 300w\" sizes=\"(max-width: 409px) 100vw, 409px\" \/><\/figure>\n<\/div>\n\n\n\n<div class=\"wp-block-column encart-marque encart-rmask is-layout-flow wp-block-column-is-layout-flow\">\n<h3 class=\"wp-block-heading\">Einwegmasken und PSA<\/h3>\n\n\n\n<div class=\"wp-block-buttons is-layout-flex wp-block-buttons-is-layout-flex\">\n<div class=\"wp-block-button\"><a class=\"wp-block-button__link wp-element-button\" href=\"https:\/\/keenat.de\/masques\/\">Mehr erfahren<\/a><\/div>\n<\/div>\n\n\n\n<figure class=\"wp-block-image size-full\"><img decoding=\"async\" width=\"409\" height=\"189\" src=\"https:\/\/keenat.de\/wp-content\/uploads\/2022\/11\/visuel-rmask-hp.jpg\" alt=\"Pollution masque \" class=\"wp-image-25\" srcset=\"https:\/\/keenat.de\/wp-content\/uploads\/2022\/11\/visuel-rmask-hp.jpg 409w, https:\/\/keenat.de\/wp-content\/uploads\/2022\/11\/visuel-rmask-hp-300x139.jpg 300w\" sizes=\"(max-width: 409px) 100vw, 409px\" \/><\/figure>\n<\/div>\n\n\n\n<div class=\"wp-block-column encart-marque encart-freegum is-layout-flow wp-block-column-is-layout-flow\">\n<h3 class=\"wp-block-heading\">Kaugummis<\/h3>\n\n\n\n<div class=\"wp-block-buttons is-layout-flex wp-block-buttons-is-layout-flex\">\n<div class=\"wp-block-button\"><a class=\"wp-block-button__link wp-element-button\" href=\"https:\/\/keenat.de\/chewing-gums\/\">Mehr erfahren<\/a><\/div>\n<\/div>\n\n\n\n<figure class=\"wp-block-image size-full\"><img loading=\"lazy\" decoding=\"async\" width=\"409\" height=\"189\" src=\"https:\/\/keenat.de\/wp-content\/uploads\/2022\/11\/visuel-freegum-hp.jpg\" alt=\"Pollution chewing-gum\" class=\"wp-image-23\" srcset=\"https:\/\/keenat.de\/wp-content\/uploads\/2022\/11\/visuel-freegum-hp.jpg 409w, https:\/\/keenat.de\/wp-content\/uploads\/2022\/11\/visuel-freegum-hp-300x139.jpg 300w\" sizes=\"(max-width: 409px) 100vw, 409px\" \/><\/figure>\n<\/div>\n<\/div>\n\n\n\n<h3 class=\"wp-block-heading has-text-align-center encart-texte has-blanc-color has-principale-background-color has-text-color has-background has-extra-large-font-size\"><strong>Nachhaltige Entwicklung: Suchen Sie Beratung oder wollen Sie L\u00f6sungen umsetzen? <\/strong><a href=\"https:\/\/keenat.de\/contact\/\">Kontaktieren Sie uns<\/a><\/h3>\n<\/div><\/section>\n\n\n\n<section class=\"wp-block-group container\" style=\"padding-top:0;padding-right:0;padding-bottom:0;padding-left:0\"><div class=\"wp-block-group__inner-container is-layout-constrained wp-container-core-group-is-layout-78e725e8 wp-block-group-is-layout-constrained\">\n<div class=\"wp-block-columns is-layout-flex wp-container-core-columns-is-layout-9d6595d7 wp-block-columns-is-layout-flex\">\n<div class=\"wp-block-column is-vertically-aligned-top chiffres is-layout-flow wp-block-column-is-layout-flow\">\n<h2 class=\"wp-block-heading\"><strong>Die L\u00f6sungen von Keenat<\/strong><\/h2>\n\n\n\n<p>Wir bieten Ihnen innovative L\u00f6sungen zur Sensibilisierung, Sammlung und Wiederverwertung von Abf\u00e4llen. Als Akteur der Kreislaufwirtschaft und Unternehmen der Sozial- und Solidarwirtschaft begleiten wir Sie ebenfalls gerne bei der Umsetzung Ihrer Sozial- und Umweltprojekte.<\/p>\n\n\n\n<h2 class=\"wp-block-heading\"><strong><strong>und ein paar Zahlen<\/strong>&#8230;<\/strong><\/h2>\n\n\n\n<div class=\"wp-block-media-text alignwide\" style=\"grid-template-columns:15% auto\"><figure class=\"wp-block-media-text__media\"><img loading=\"lazy\" decoding=\"async\" width=\"142\" height=\"95\" src=\"https:\/\/keenat.de\/wp-content\/uploads\/2022\/11\/icone-chiffre-1.svg\" alt=\"\" class=\"wp-image-28 size-full\"\/><\/figure><div class=\"wp-block-media-text__content\">\n<p class=\"has-large-font-size\">Mehr als<mark style=\"background-color:rgba(0, 0, 0, 0)\" class=\"has-inline-color has-ecomegot-color\"> <\/mark><strong><mark style=\"background-color:rgba(0, 0, 0, 0)\" class=\"has-inline-color has-ecomegot-color\">1000 <\/mark><\/strong><br><strong>private und \u00f6ffentliche Kunden<\/strong><\/p>\n<\/div><\/div>\n\n\n\n<div class=\"wp-block-media-text alignwide\" style=\"grid-template-columns:15% auto\"><figure class=\"wp-block-media-text__media\"><img loading=\"lazy\" decoding=\"async\" width=\"114\" height=\"176\" src=\"https:\/\/keenat.de\/wp-content\/uploads\/2022\/11\/icone-chiffre-2.svg\" alt=\"\" class=\"wp-image-29 size-full\"\/><\/figure><div class=\"wp-block-media-text__content\">\n<p class=\"has-large-font-size\">Mehr als <mark style=\"background-color:rgba(0, 0, 0, 0)\" class=\"has-inline-color has-rmask-color\"><strong>6 000<\/strong><\/mark> <br><strong><strong>sensibilisierte Personen<\/strong><\/strong><\/p>\n<\/div><\/div>\n\n\n\n<div class=\"wp-block-media-text alignwide\" style=\"grid-template-columns:15% auto\"><figure class=\"wp-block-media-text__media\"><img loading=\"lazy\" decoding=\"async\" width=\"110\" height=\"113\" src=\"https:\/\/keenat.de\/wp-content\/uploads\/2022\/11\/icone-chiffre-3.svg\" alt=\"\" class=\"wp-image-30 size-full\"\/><\/figure><div class=\"wp-block-media-text__content\">\n<p class=\"has-large-font-size\">bereits <strong><mark style=\"background-color:rgba(0, 0, 0, 0)\" class=\"has-inline-color has-freegum-color\">1<\/mark><\/strong> <strong>Patent<\/strong>&nbsp;<strong>eingereicht<\/strong><\/p>\n<\/div><\/div>\n<\/div>\n\n\n\n<div class=\"wp-block-column is-vertically-aligned-top is-layout-flow wp-block-column-is-layout-flow\">\n<h2 class=\"wp-block-heading Agr\u00e9ment ESUS\"><strong>ESUS-Zulassung<\/strong>   <img loading=\"lazy\" decoding=\"async\" width=\"55\" height=\"55\" class=\"wp-image-487\" style=\"width: 55px;\" src=\"https:\/\/keenat.de\/wp-content\/uploads\/2022\/11\/logo-ESUS.svg\" alt=\"\"><\/h2>\n\n\n\n<p>Keenat verf\u00fcgt \u00fcber die franz\u00f6sische ESUS-Zulassung (Entreprise solidaire d&rsquo;utilit\u00e9 sociale). Diese gibt Unternehmen die M\u00f6glichkeit, sich in das System der Sozial- und Solidarwirtschaft (\u00c9conomie sociale et solidaire) zu integrieren. Sie wird vom Staat ausgestellt, alle zwei Jahre erneuert und erm\u00f6glicht es, auf die Finanzierung durch solidarische Ersparnisse zur\u00fcckzugreifen und von wirkungsorientierten Investoren finanziert zu werden.<\/p>\n\n\n\n<h3 class=\"wp-block-heading\">Was bedeutet es, eine ESUS-Zulassung zu haben ?<\/h3>\n\n\n\n<ul class=\"wp-block-list\">\n<li><strong>Das Hauptziel ist die Verfolgung eines sozialen Nutzens:\u00a0<\/strong>Schutz der Umwelt und Schaffung von Arbeitspl\u00e4tzen vor Ort.<\/li>\n\n\n\n<li><strong>Die wirtschaftlichen Ergebnisse m\u00fcssen einen echten Einfluss auf den sozialen Nutzen haben:<\/strong>&nbsp;L\u00f6sungen mit positiven Umweltauswirkungen, F\u00f6rderung von integrativen Arbeitspl\u00e4tzen.<\/li>\n\n\n\n<li><strong>Rahmenvorgaben f\u00fcr die Verg\u00fctungs- und Investitionspolitik<\/strong>: Einf\u00fchrung von Verg\u00fctungsobergrenzen, keine Ausgabe von Kapitalpapieren auf den Finanzm\u00e4rkten.<\/li>\n<\/ul>\n<\/div>\n<\/div>\n\n\n\n<div style=\"height:50px\" aria-hidden=\"true\" class=\"wp-block-spacer\"><\/div>\n\n\n\n<div class=\"wp-block-columns is-layout-flex wp-container-core-columns-is-layout-9d6595d7 wp-block-columns-is-layout-flex\">\n<div class=\"wp-block-column is-layout-flow wp-block-column-is-layout-flow\" style=\"flex-basis:66.66%\">\n<p class=\"has-extra-large-font-size\">M\u00f6chten Sie <strong>eine L\u00f6sung f\u00fcr den Umgang mit Ihren Abf\u00e4llen<\/strong>\u00a0einf\u00fchren?<\/p>\n<\/div>\n\n\n\n<div class=\"wp-block-column is-layout-flow wp-block-column-is-layout-flow\" style=\"flex-basis:33.33%\">\n<div class=\"wp-block-buttons is-content-justification-right is-layout-flex wp-container-core-buttons-is-layout-765c4724 wp-block-buttons-is-layout-flex\">\n<div class=\"wp-block-button\"><a class=\"wp-block-button__link has-principale-background-color has-background wp-element-button\" href=\"https:\/\/keenat.de\/contact\/\">Kontaktieren Sie uns<\/a><\/div>\n<\/div>\n<\/div>\n<\/div>\n\n\n\n<div style=\"height:50px\" aria-hidden=\"true\" class=\"wp-block-spacer\"><\/div>\n\n\n\n<div class=\"wp-block-columns is-layout-flex wp-container-core-columns-is-layout-9d6595d7 wp-block-columns-is-layout-flex\">\n<div class=\"wp-block-column is-layout-flow wp-block-column-is-layout-flow\">\n<p class=\"has-huge-font-size\"><strong><mark style=\"background-color:rgba(0, 0, 0, 0)\" class=\"has-inline-color has-ecomegot-color\">1.<\/mark><\/strong><\/p>\n\n\n\n<p class=\"has-large-font-size\">Lassen Sie uns<br>einen <strong>Termin<\/strong>&nbsp;vereinbaren<\/p>\n<\/div>\n\n\n\n<div class=\"wp-block-column is-layout-flow wp-block-column-is-layout-flow\">\n<p class=\"has-huge-font-size\"><strong><mark style=\"background-color:rgba(0, 0, 0, 0)\" class=\"has-inline-color has-rmask-color\">2.<\/mark><\/strong><\/p>\n\n\n\n<p class=\"has-large-font-size\">Teilen Sie uns Ihre<br><strong>Probleme<\/strong><br>und Ihre&nbsp;<strong>Erwartungen<\/strong>&nbsp;mit.<\/p>\n<\/div>\n\n\n\n<div class=\"wp-block-column is-layout-flow wp-block-column-is-layout-flow\">\n<p class=\"has-huge-font-size\"><strong><mark style=\"background-color:rgba(0, 0, 0, 0)\" class=\"has-inline-color has-ecomegot-color\">3.<\/mark><\/strong><\/p>\n\n\n\n<p>Wir kommen<br>mit <strong>bestehenden  oder <strong>ma\u00dfgeschneidert<\/strong>en<\/strong> <strong>L\u00f6sungen<\/strong> auf Sie zur\u00fcck<\/p>\n<\/div>\n<\/div>\n<\/div><\/section>\n\n\n\n<figure class=\"wp-block-image size-full \u00c9quipe Keenat\"><img loading=\"lazy\" decoding=\"async\" width=\"1512\" height=\"639\" src=\"https:\/\/keenat.de\/wp-content\/uploads\/2022\/11\/visuel-hp.jpg\" alt=\"\u00c9quipe Keenat\" class=\"wp-image-38\" title=\"\u00c9quipes Keenat\" srcset=\"https:\/\/keenat.de\/wp-content\/uploads\/2022\/11\/visuel-hp.jpg 1512w, https:\/\/keenat.de\/wp-content\/uploads\/2022\/11\/visuel-hp-300x127.jpg 300w, https:\/\/keenat.de\/wp-content\/uploads\/2022\/11\/visuel-hp-1024x433.jpg 1024w, https:\/\/keenat.de\/wp-content\/uploads\/2022\/11\/visuel-hp-768x325.jpg 768w\" sizes=\"(max-width: 1512px) 100vw, 1512px\" \/><\/figure>\n","protected":false},"excerpt":{"rendered":"<p>Aschenbecher, Recycling von Zigarettenstummeln, Einwegmasken, Kaugummis, CSR-Konzept, Abfallmanagement&#8230; Entdecken Sie unsere L\u00f6sungen! Zigarettenstummel Einwegmasken und PSA Kaugummis Nachhaltige Entwicklung: Suchen Sie Beratung oder wollen Sie L\u00f6sungen umsetzen? Kontaktieren Sie uns Die L\u00f6sungen von Keenat Wir bieten Ihnen innovative L\u00f6sungen zur Sensibilisierung, Sammlung und Wiederverwertung von Abf\u00e4llen. Als Akteur der Kreislaufwirtschaft und Unternehmen der Sozial- und [&hellip;]<\/p>\n","protected":false},"author":3,"featured_media":0,"parent":0,"menu_order":0,"comment_status":"closed","ping_status":"closed","template":"","meta":{"_seopress_robots_primary_cat":"","inline_featured_image":false,"footnotes":""},"class_list":["post-8","page","type-page","status-publish"],"_links":{"self":[{"href":"https:\/\/keenat.de\/index.php?rest_route=\/wp\/v2\/pages\/8","targetHints":{"allow":["GET"]}}],"collection":[{"href":"https:\/\/keenat.de\/index.php?rest_route=\/wp\/v2\/pages"}],"about":[{"href":"https:\/\/keenat.de\/index.php?rest_route=\/wp\/v2\/types\/page"}],"author":[{"embeddable":true,"href":"https:\/\/keenat.de\/index.php?rest_route=\/wp\/v2\/users\/3"}],"replies":[{"embeddable":true,"href":"https:\/\/keenat.de\/index.php?rest_route=%2Fwp%2Fv2%2Fcomments&post=8"}],"version-history":[{"count":133,"href":"https:\/\/keenat.de\/index.php?rest_route=\/wp\/v2\/pages\/8\/revisions"}],"predecessor-version":[{"id":2157,"href":"https:\/\/keenat.de\/index.php?rest_route=\/wp\/v2\/pages\/8\/revisions\/2157"}],"wp:attachment":[{"href":"https:\/\/keenat.de\/index.php?rest_route=%2Fwp%2Fv2%2Fmedia&parent=8"}],"curies":[{"name":"wp","href":"https:\/\/api.w.org\/{rel}","templated":true}]}}