{"id":59,"date":"2022-11-08T17:52:28","date_gmt":"2022-11-08T16:52:28","guid":{"rendered":"https:\/\/keenat.de\/?page_id=59"},"modified":"2023-09-07T11:44:08","modified_gmt":"2023-09-07T09:44:08","slug":"wer-sind-wir","status":"publish","type":"page","link":"https:\/\/keenat.de\/?page_id=59","title":{"rendered":"Wer sind wir?"},"content":{"rendered":"\n<div class=\"wp-block-columns are-vertically-aligned-center section-image-texte is-layout-flex wp-container-core-columns-is-layout-9d6595d7 wp-block-columns-is-layout-flex\">\n<div class=\"wp-block-column is-vertically-aligned-center is-layout-flow wp-block-column-is-layout-flow\" style=\"flex-basis:50vw\">\n<figure class=\"wp-block-image size-large\"><img fetchpriority=\"high\" decoding=\"async\" width=\"719\" height=\"1024\" src=\"https:\/\/keenat.de\/wp-content\/uploads\/2023\/03\/raison-detre-keenat-allemagne-format-site_plan-de-travail-1-719x1024.jpg\" alt=\"raison detre keenat allemagne format site plan de travail 1\" class=\"wp-image-2010\" srcset=\"https:\/\/keenat.de\/wp-content\/uploads\/2023\/03\/raison-detre-keenat-allemagne-format-site_plan-de-travail-1-719x1024.jpg 719w, https:\/\/keenat.de\/wp-content\/uploads\/2023\/03\/raison-detre-keenat-allemagne-format-site_plan-de-travail-1-211x300.jpg 211w, https:\/\/keenat.de\/wp-content\/uploads\/2023\/03\/raison-detre-keenat-allemagne-format-site_plan-de-travail-1-768x1094.jpg 768w, https:\/\/keenat.de\/wp-content\/uploads\/2023\/03\/raison-detre-keenat-allemagne-format-site_plan-de-travail-1.jpg 1053w\" sizes=\"(max-width: 719px) 100vw, 719px\" \/><\/figure>\n<\/div>\n\n\n\n<div class=\"wp-block-column is-vertically-aligned-center padding is-layout-flow wp-block-column-is-layout-flow\" style=\"flex-basis:50vw\"><div class=\"wp-block-image\">\n<figure class=\"aligncenter size-medium\"><img decoding=\"async\" width=\"300\" height=\"270\" src=\"https:\/\/keenat.de\/wp-content\/uploads\/2023\/01\/logo-kn-vertical-baseline-09-2-300x270.png\" alt=\"logo kn vertical baseline 09 2\" class=\"wp-image-1665\" srcset=\"https:\/\/keenat.de\/wp-content\/uploads\/2023\/01\/logo-kn-vertical-baseline-09-2-300x270.png 300w, https:\/\/keenat.de\/wp-content\/uploads\/2023\/01\/logo-kn-vertical-baseline-09-2-1024x921.png 1024w, https:\/\/keenat.de\/wp-content\/uploads\/2023\/01\/logo-kn-vertical-baseline-09-2-768x691.png 768w, https:\/\/keenat.de\/wp-content\/uploads\/2023\/01\/logo-kn-vertical-baseline-09-2-1536x1381.png 1536w, https:\/\/keenat.de\/wp-content\/uploads\/2023\/01\/logo-kn-vertical-baseline-09-2-2048x1842.png 2048w\" sizes=\"(max-width: 300px) 100vw, 300px\" \/><\/figure>\n<\/div>\n\n\n<h1 class=\"wp-block-heading\">Wer sind wir?<\/h1>\n\n\n\n<p class=\"has-normal-font-size\" style=\"font-style:normal;font-weight:400;letter-spacing:0px\">Das Unternehmen Keenat (keeping our nature) wurde 2019 gegr\u00fcndet und hat sich auf die Entwicklung von L\u00f6sungen f\u00fcr das Abfallmanagement spezialisiert. Zudem unterst\u00fctzen wir Kommunen und Unternehmen bei der Entwicklung von Projekten zur Kreislaufwirtschaft.<\/p>\n\n\n\n<h2 class=\"wp-block-heading\" style=\"letter-spacing:0px\"><strong>KEENAT: <strong>Ein Unternehmen mit \u00f6kologischen und sozialen Werten<\/strong><\/strong><\/h2>\n\n\n\n<p>Jede unserer allt\u00e4glichen Handlungen hat die Erhaltung unserer \u00d6kosysteme und die Schaffung von lokalen Arbeitspl\u00e4tzen als Ziel.<\/p>\n\n\n\n<p>Unsere Devise lautet: \u00ab\u00a0Innovieren, handeln, inspirieren und gemeinsam nachhaltige L\u00f6sungen mit sozialer und \u00f6kologischer Wirkung entwickeln\u00a0\u00bb.<\/p>\n\n\n\n<p>KEENAT besitzt die von der franz\u00f6sischen Regierung ausgestellte ESUS-Zulassung (Entreprise Solidaire d&rsquo;Utilit\u00e9 Sociale\/Solidarunternehmen mit sozialem Nutzen), hat die Charta der Vielfalt unterzeichnet und sich einem starken CSR-Ansatz verschrieben.<\/p>\n\n\n\n<p>Inklusion, Umweltschutz, soziale Anbindung und Solidarit\u00e4t sind unser t\u00e4glicher Antrieb.<\/p>\n<\/div>\n<\/div>\n\n\n\n<h2 class=\"wp-block-heading titre-section has-blanc-color has-principale-background-color has-text-color has-background has-extra-large-font-size\"><strong>Engagement f\u00fcr die Umwelt<\/strong><\/h2>\n\n\n\n<div class=\"wp-block-columns are-vertically-aligned-center section-image-texte reverse-colonne is-layout-flex wp-container-core-columns-is-layout-9d6595d7 wp-block-columns-is-layout-flex\">\n<div class=\"wp-block-column is-vertically-aligned-center padding is-layout-flow wp-block-column-is-layout-flow\" style=\"flex-basis:50vw\">\n<h3 class=\"wp-block-heading image-texte-right\">Lokale Herstellung<br>und umweltgerecht gestaltete Produkte   <img decoding=\"async\" src=\"https:\/\/keenat.de\/wp-content\/uploads\/2022\/11\/icone-fab-france-eco.svg\" alt=\"\"> <\/h3>\n\n\n\n<p>Unsere Produkte werden in Frankreich in der N\u00e4he unseres Firmensitzes in Bordeaux hergestellt, um unseren CO2-Fu\u00dfabdruck so gering wie m\u00f6glich zu halten.<\/p>\n\n\n\n<p>Unsere Aschenbecher sind umweltgerecht gestaltet, um den Anspruch einer nachhaltigen Entwicklung zu erf\u00fcllen.<\/p>\n<\/div>\n\n\n\n<div class=\"wp-block-column is-vertically-aligned-center is-layout-flow wp-block-column-is-layout-flow\" style=\"flex-basis:50vw\">\n<figure class=\"wp-block-image size-full\"><img decoding=\"async\" width=\"724\" height=\"416\" src=\"https:\/\/keenat.de\/wp-content\/uploads\/2022\/11\/visuel-fabrication-logo.jpg\" alt=\"\" class=\"wp-image-251\" srcset=\"https:\/\/keenat.de\/wp-content\/uploads\/2022\/11\/visuel-fabrication-logo.jpg 724w, https:\/\/keenat.de\/wp-content\/uploads\/2022\/11\/visuel-fabrication-logo-300x172.jpg 300w\" sizes=\"(max-width: 724px) 100vw, 724px\" \/><\/figure>\n<\/div>\n<\/div>\n\n\n\n<h3 class=\"wp-block-heading titre-section has-blanc-color has-principale-background-color has-text-color has-background\">Unser Impact<\/h3>\n\n\n\n<div class=\"wp-block-columns are-vertically-aligned-center section-image-texte is-layout-flex wp-container-core-columns-is-layout-9d6595d7 wp-block-columns-is-layout-flex\">\n<div class=\"wp-block-column is-vertically-aligned-center is-layout-flow wp-block-column-is-layout-flow\" style=\"flex-basis:50vw\">\n<figure class=\"wp-block-image size-full\"><img loading=\"lazy\" decoding=\"async\" width=\"797\" height=\"1077\" src=\"https:\/\/keenat.de\/wp-content\/uploads\/2022\/11\/visuel-gouvernance.jpg\" alt=\"\" class=\"wp-image-254\" srcset=\"https:\/\/keenat.de\/wp-content\/uploads\/2022\/11\/visuel-gouvernance.jpg 797w, https:\/\/keenat.de\/wp-content\/uploads\/2022\/11\/visuel-gouvernance-222x300.jpg 222w, https:\/\/keenat.de\/wp-content\/uploads\/2022\/11\/visuel-gouvernance-758x1024.jpg 758w, https:\/\/keenat.de\/wp-content\/uploads\/2022\/11\/visuel-gouvernance-768x1038.jpg 768w\" sizes=\"(max-width: 797px) 100vw, 797px\" \/><\/figure>\n<\/div>\n\n\n\n<div class=\"wp-block-column is-vertically-aligned-center padding is-layout-flow wp-block-column-is-layout-flow\" style=\"flex-basis:50vw\">\n<h3 class=\"wp-block-heading\">Eine engagierte und umweltbewusste Unternehmensf\u00fchrung<\/h3>\n\n\n\n<p class=\"has-large-font-size\"><strong>KEENAT wurde zun\u00e4chst als gemeinn\u00fctziger Verein gegr\u00fcndet und hat sich dann zu einem Solidarunternehmen mit sozialem Nutzen (franz\u00f6sische ESUS-Zulassung) weiterentwickelt. Unsere Unternehmensf\u00fchrung folgt einer Logik des Fortschritts und des Teilens. Sie steht im Dienste unserer \u00f6kologischen und sozialen Mission.<\/strong><\/p>\n\n\n\n<p>Im Einklang mit unserer Devise ist jede unserer Entscheidungen auf das&nbsp;Ziel ausgerichtet,<strong> positive Auswirkungen&nbsp;auf die Umwelt<\/strong> zu haben. An der Schnittstelle von&nbsp;<strong>Kreislaufwirtschaft<\/strong>&nbsp;und&nbsp;<strong>Sozial- und Solidarwirtschaft<\/strong>&nbsp;arbeiten wir in Verbindung mit Zielen f\u00fcr nachhaltige Entwicklung, um&nbsp;<strong>den Klimawandel<\/strong>&nbsp;zu bek\u00e4mpfen, indem wir konkret Verhaltens\u00e4nderungen herbeif\u00fchren.<\/p>\n\n\n\n<p>Im Alltag ermutigen wir unsere Kunden, aktiv zu werden und ihren Umwelteinfluss durch Abfall zu verringern.<br>Unser oberstes Ziel?&nbsp;<strong>Mit unserem Handeln als Vorbild zu fungieren!<\/strong><br><strong>Unsere Umwelt zu sch\u00fctzen<\/strong>&nbsp;und&nbsp;<strong>nachhaltige<\/strong>&nbsp;St\u00e4dte und Gemeinden aufzubauen, bedeutet, dass wir unsere&nbsp;Umweltauswirkungen reduzieren und die Kreislaufwirtschaft f\u00f6rdern m\u00fcssen. Dieses Modell ist notwendig, um&nbsp;<strong>Ressourcen zu bewahren und auf die soziale und \u00f6kologische Notlage<\/strong>, in der wir leben, zu&nbsp;<strong>reagieren<\/strong>.<\/p>\n<\/div>\n<\/div>\n\n\n\n<div class=\"wp-block-cover is-light banniere-clip banniere-clip-rmask\" style=\"min-height:25vh;aspect-ratio:unset;\"><span aria-hidden=\"true\" class=\"wp-block-cover__background has-background-dim-0 has-background-dim\"><\/span><img loading=\"lazy\" decoding=\"async\" width=\"1355\" height=\"215\" class=\"wp-block-cover__image-background wp-image-2012\" alt=\"agua no contaminado\" src=\"https:\/\/keenat.de\/wp-content\/uploads\/2023\/03\/agua-no-contaminado.jpg\" data-object-fit=\"cover\" srcset=\"https:\/\/keenat.de\/wp-content\/uploads\/2023\/03\/agua-no-contaminado.jpg 1355w, https:\/\/keenat.de\/wp-content\/uploads\/2023\/03\/agua-no-contaminado-300x48.jpg 300w, https:\/\/keenat.de\/wp-content\/uploads\/2023\/03\/agua-no-contaminado-1024x162.jpg 1024w, https:\/\/keenat.de\/wp-content\/uploads\/2023\/03\/agua-no-contaminado-768x122.jpg 768w\" sizes=\"(max-width: 1355px) 100vw, 1355px\" \/><div class=\"wp-block-cover__inner-container is-layout-flow wp-block-cover-is-layout-flow\">\n<p>20 MILLIARDEN<\/p>\n\n\n\n<p>LITER WASSER<\/p>\n\n\n\n<p><strong><mark style=\"background-color:rgba(0, 0, 0, 0)\" class=\"has-inline-color has-principale-color\">nicht verschmutzt<\/mark><\/strong><\/p>\n<\/div><\/div>\n\n\n\n<div class=\"wp-block-cover is-light banniere-clip banniere-clip-principal\" style=\"min-height:25vh;aspect-ratio:unset;\"><span aria-hidden=\"true\" class=\"wp-block-cover__background has-background-dim-0 has-background-dim\"><\/span><img loading=\"lazy\" decoding=\"async\" width=\"1355\" height=\"215\" class=\"wp-block-cover__image-background wp-image-2013\" alt=\"recogida de las colillas\" src=\"https:\/\/keenat.de\/wp-content\/uploads\/2023\/03\/recogida-de-las-colillas.jpg\" data-object-fit=\"cover\" srcset=\"https:\/\/keenat.de\/wp-content\/uploads\/2023\/03\/recogida-de-las-colillas.jpg 1355w, https:\/\/keenat.de\/wp-content\/uploads\/2023\/03\/recogida-de-las-colillas-300x48.jpg 300w, https:\/\/keenat.de\/wp-content\/uploads\/2023\/03\/recogida-de-las-colillas-1024x162.jpg 1024w, https:\/\/keenat.de\/wp-content\/uploads\/2023\/03\/recogida-de-las-colillas-768x122.jpg 768w\" sizes=\"(max-width: 1355px) 100vw, 1355px\" \/><div class=\"wp-block-cover__inner-container is-layout-flow wp-block-cover-is-layout-flow\">\n<p>10.000 ARBEITSSTUNDEN <\/p>\n\n\n\n<p>f\u00fcr sozial Benachteiligte <\/p>\n\n\n\n<p><mark style=\"background-color:rgba(0, 0, 0, 0)\" class=\"has-inline-color has-rmask-color\"><strong>generiert<\/strong><\/mark><\/p>\n<\/div><\/div>\n\n\n\n<div class=\"wp-block-cover is-light banniere-clip banniere-clip-rmask\" style=\"min-height:25vh;aspect-ratio:unset;\"><span aria-hidden=\"true\" class=\"wp-block-cover__background has-background-dim-0 has-background-dim\"><\/span><img loading=\"lazy\" decoding=\"async\" width=\"1355\" height=\"215\" class=\"wp-block-cover__image-background wp-image-2014\" alt=\"co2 non emitido\" src=\"https:\/\/keenat.de\/wp-content\/uploads\/2023\/03\/co2-non-emitido.jpg\" data-object-fit=\"cover\" srcset=\"https:\/\/keenat.de\/wp-content\/uploads\/2023\/03\/co2-non-emitido.jpg 1355w, https:\/\/keenat.de\/wp-content\/uploads\/2023\/03\/co2-non-emitido-300x48.jpg 300w, https:\/\/keenat.de\/wp-content\/uploads\/2023\/03\/co2-non-emitido-1024x162.jpg 1024w, https:\/\/keenat.de\/wp-content\/uploads\/2023\/03\/co2-non-emitido-768x122.jpg 768w\" sizes=\"(max-width: 1355px) 100vw, 1355px\" \/><div class=\"wp-block-cover__inner-container is-layout-flow wp-block-cover-is-layout-flow\">\n<p>3 TONNEN<\/p>\n\n\n\n<p>CO<sub>2<\/sub><\/p>\n\n\n\n<p><mark style=\"background-color:rgba(0, 0, 0, 0)\" class=\"has-inline-color has-principale-color\"><strong>eingespart<\/strong><\/mark><\/p>\n<\/div><\/div>\n\n\n\n<div class=\"wp-block-cover is-light banniere-clip banniere-clip-principal\" style=\"min-height:25vh;aspect-ratio:unset;\"><span aria-hidden=\"true\" class=\"wp-block-cover__background has-background-dim-0 has-background-dim\"><\/span><img loading=\"lazy\" decoding=\"async\" width=\"1355\" height=\"215\" class=\"wp-block-cover__image-background wp-image-2015\" alt=\"sensibilizacion colillas\" src=\"https:\/\/keenat.de\/wp-content\/uploads\/2023\/03\/sensibilizacion-colillas.jpg\" data-object-fit=\"cover\" srcset=\"https:\/\/keenat.de\/wp-content\/uploads\/2023\/03\/sensibilizacion-colillas.jpg 1355w, https:\/\/keenat.de\/wp-content\/uploads\/2023\/03\/sensibilizacion-colillas-300x48.jpg 300w, https:\/\/keenat.de\/wp-content\/uploads\/2023\/03\/sensibilizacion-colillas-1024x162.jpg 1024w, https:\/\/keenat.de\/wp-content\/uploads\/2023\/03\/sensibilizacion-colillas-768x122.jpg 768w\" sizes=\"(max-width: 1355px) 100vw, 1355px\" \/><div class=\"wp-block-cover__inner-container is-layout-flow wp-block-cover-is-layout-flow\">\n<p>10 000 MENSCHEN<br><strong><mark style=\"background-color:rgba(0, 0, 0, 0)\" class=\"has-inline-color has-rmask-color\">sensibilisiert<\/mark><\/strong><\/p>\n<\/div><\/div>\n\n\n\n<h3 class=\"wp-block-heading titre-section has-blanc-color has-principale-background-color has-text-color has-background\">Unsere Aktionen und unsere sozialen &amp; \u00f6kologischen Werte:<\/h3>\n\n\n\n<div class=\"wp-block-columns are-vertically-aligned-center section-image-texte is-layout-flex wp-container-core-columns-is-layout-9d6595d7 wp-block-columns-is-layout-flex\">\n<div class=\"wp-block-column is-vertically-aligned-center is-layout-flow wp-block-column-is-layout-flow\" style=\"flex-basis:50vw\">\n<figure class=\"wp-block-image size-full\"><img loading=\"lazy\" decoding=\"async\" width=\"795\" height=\"823\" src=\"https:\/\/keenat.de\/wp-content\/uploads\/2022\/11\/visuel-equipe-engagee.jpg\" alt=\"\" class=\"wp-image-292\" srcset=\"https:\/\/keenat.de\/wp-content\/uploads\/2022\/11\/visuel-equipe-engagee.jpg 795w, https:\/\/keenat.de\/wp-content\/uploads\/2022\/11\/visuel-equipe-engagee-290x300.jpg 290w, https:\/\/keenat.de\/wp-content\/uploads\/2022\/11\/visuel-equipe-engagee-768x795.jpg 768w\" sizes=\"(max-width: 795px) 100vw, 795px\" \/><\/figure>\n<\/div>\n\n\n\n<div class=\"wp-block-column is-vertically-aligned-center padding liste-media-texte is-layout-flow wp-block-column-is-layout-flow\" style=\"flex-basis:50vw\">\n<p class=\"has-extra-large-font-size\"><strong>Das Team engagiert sich und wird aktiv:<\/strong><\/p>\n\n\n\n<p class=\"image-texte\"><img loading=\"lazy\" decoding=\"async\" width=\"52\" height=\"33\" class=\"wp-image-293\" style=\"width: 52px;\" src=\"https:\/\/keenat.de\/wp-content\/uploads\/2022\/11\/icone-feuille.svg\" alt=\"\"><strong>M\u00fclltrennung und Kompostierung<\/strong><\/p>\n\n\n\n<p class=\"image-texte\"><img loading=\"lazy\" decoding=\"async\" width=\"52\" height=\"33\" class=\"wp-image-293\" style=\"width: 52px;\" src=\"https:\/\/keenat.de\/wp-content\/uploads\/2022\/11\/icone-feuille.svg\" alt=\"\"><strong>Nachhaltige Mobilit\u00e4t<\/strong><\/p>\n\n\n\n<p class=\"image-texte\"><img loading=\"lazy\" decoding=\"async\" width=\"58\" height=\"51\" class=\"wp-image-302\" style=\"width: 58px;\" src=\"https:\/\/keenat.de\/wp-content\/uploads\/2022\/11\/icone-coeur-main.svg\" alt=\"\"><strong>Geschlechterparit\u00e4t in den Teams<\/strong><\/p>\n\n\n\n<p class=\"image-texte\"><img loading=\"lazy\" decoding=\"async\" width=\"58\" height=\"51\" class=\"wp-image-302\" style=\"width: 58px;\" src=\"https:\/\/keenat.de\/wp-content\/uploads\/2022\/11\/icone-coeur-main.svg\" alt=\"\"><strong>Unterzeichnung der Charta der Vielfalt<\/strong><\/p>\n\n\n\n<p class=\"image-texte\"><img loading=\"lazy\" decoding=\"async\" width=\"58\" height=\"51\" class=\"wp-image-302\" style=\"width: 58px;\" src=\"https:\/\/keenat.de\/wp-content\/uploads\/2022\/11\/icone-coeur-main.svg\" alt=\"\"><strong>Unternehmen der Sozial- und Solidarwirtschaft<\/strong><\/p>\n<\/div>\n<\/div>\n\n\n\n<div class=\"wp-block-columns are-vertically-aligned-center section-image-texte reverse-colonne is-layout-flex wp-container-core-columns-is-layout-9d6595d7 wp-block-columns-is-layout-flex\">\n<div class=\"wp-block-column is-vertically-aligned-center is-layout-flow wp-block-column-is-layout-flow\" style=\"flex-basis:50vw\">\n<div class=\"wp-block-media-text alignwide is-stacked-on-mobile padding\" style=\"grid-template-columns:30% auto\"><figure class=\"wp-block-media-text__media\"><img loading=\"lazy\" decoding=\"async\" width=\"197\" height=\"116\" src=\"https:\/\/keenat.de\/wp-content\/uploads\/2022\/11\/logo-charte-diversite.svg\" alt=\"\" class=\"wp-image-310 size-full\"\/><\/figure><div class=\"wp-block-media-text__content\">\n<h2 class=\"wp-block-heading\"><strong>Charta der Vielfalt<\/strong><\/h2>\n\n\n\n<p>Die Charta der Vielfalt ist ein Verpflichtungstext, der von allen Arbeitgebern unterzeichnet werden kann, die durch einen proaktiven Ansatz\u00a0die<strong> Vielfalt f\u00f6rdern und damit \u00fcber den gesetzlichen und rechtlichen Rahmen im Kampf gegen Diskriminierung hinausgehen<\/strong>\u00a0wollen.<\/p>\n<\/div><\/div>\n<\/div>\n\n\n\n<div class=\"wp-block-column is-vertically-aligned-center is-layout-flow wp-block-column-is-layout-flow\" style=\"flex-basis:50vw\">\n<figure class=\"wp-block-image size-full\"><img loading=\"lazy\" decoding=\"async\" width=\"724\" height=\"506\" src=\"https:\/\/keenat.de\/wp-content\/uploads\/2022\/11\/visuel-charte.jpg\" alt=\"\" class=\"wp-image-309\" srcset=\"https:\/\/keenat.de\/wp-content\/uploads\/2022\/11\/visuel-charte.jpg 724w, https:\/\/keenat.de\/wp-content\/uploads\/2022\/11\/visuel-charte-300x210.jpg 300w\" sizes=\"(max-width: 724px) 100vw, 724px\" \/><\/figure>\n<\/div>\n<\/div>\n\n\n\n<div class=\"wp-block-columns chiffres-entreprise container is-layout-flex wp-container-core-columns-is-layout-9d6595d7 wp-block-columns-is-layout-flex\">\n<div class=\"wp-block-column is-layout-flow wp-block-column-is-layout-flow\">\n<p class=\"has-huge-font-size\"><strong>30<\/strong><\/p>\n\n\n\n<p class=\"has-large-font-size\">Besch\u00e4ftigte VZ\u00c4<\/p>\n<\/div>\n\n\n\n<div class=\"wp-block-column is-layout-flow wp-block-column-is-layout-flow\">\n<p class=\"has-huge-font-size\"><strong>70<\/strong><\/p>\n\n\n\n<p class=\"has-large-font-size\">Partnerorganisationen zur Eingliederung sozial Benachteiligter<\/p>\n<\/div>\n\n\n\n<div class=\"wp-block-column is-layout-flow wp-block-column-is-layout-flow\">\n<p class=\"has-huge-font-size\"><strong>10<\/strong><\/p>\n\n\n\n<p class=\"has-large-font-size\">Aktion\u00e4re<\/p>\n<\/div>\n<\/div>\n","protected":false},"excerpt":{"rendered":"<p>Wer sind wir? Das Unternehmen Keenat (keeping our nature) wurde 2019 gegr\u00fcndet und hat sich auf die Entwicklung von L\u00f6sungen f\u00fcr das Abfallmanagement spezialisiert. Zudem unterst\u00fctzen wir Kommunen und Unternehmen bei der Entwicklung von Projekten zur Kreislaufwirtschaft. KEENAT: Ein Unternehmen mit \u00f6kologischen und sozialen Werten Jede unserer allt\u00e4glichen Handlungen hat die Erhaltung unserer \u00d6kosysteme und [&hellip;]<\/p>\n","protected":false},"author":3,"featured_media":0,"parent":0,"menu_order":0,"comment_status":"closed","ping_status":"closed","template":"","meta":{"_seopress_robots_primary_cat":"","inline_featured_image":false,"footnotes":""},"class_list":["post-59","page","type-page","status-publish"],"_links":{"self":[{"href":"https:\/\/keenat.de\/index.php?rest_route=\/wp\/v2\/pages\/59","targetHints":{"allow":["GET"]}}],"collection":[{"href":"https:\/\/keenat.de\/index.php?rest_route=\/wp\/v2\/pages"}],"about":[{"href":"https:\/\/keenat.de\/index.php?rest_route=\/wp\/v2\/types\/page"}],"author":[{"embeddable":true,"href":"https:\/\/keenat.de\/index.php?rest_route=\/wp\/v2\/users\/3"}],"replies":[{"embeddable":true,"href":"https:\/\/keenat.de\/index.php?rest_route=%2Fwp%2Fv2%2Fcomments&post=59"}],"version-history":[{"count":107,"href":"https:\/\/keenat.de\/index.php?rest_route=\/wp\/v2\/pages\/59\/revisions"}],"predecessor-version":[{"id":2183,"href":"https:\/\/keenat.de\/index.php?rest_route=\/wp\/v2\/pages\/59\/revisions\/2183"}],"wp:attachment":[{"href":"https:\/\/keenat.de\/index.php?rest_route=%2Fwp%2Fv2%2Fmedia&parent=59"}],"curies":[{"name":"wp","href":"https:\/\/api.w.org\/{rel}","templated":true}]}}