{"id":441,"date":"2022-11-13T22:28:18","date_gmt":"2022-11-13T21:28:18","guid":{"rendered":"https:\/\/keenat.de\/?page_id=441"},"modified":"2023-09-07T11:03:49","modified_gmt":"2023-09-07T09:03:49","slug":"abfallsammlung","status":"publish","type":"page","link":"https:\/\/keenat.de\/?page_id=441","title":{"rendered":"Abfallsammlung"},"content":{"rendered":"\n<div class=\"wp-block-columns are-vertically-aligned-center section-image-texte reverse-colonne is-layout-flex wp-container-core-columns-is-layout-9d6595d7 wp-block-columns-is-layout-flex\">\n<div class=\"wp-block-column is-vertically-aligned-center padding is-layout-flow wp-block-column-is-layout-flow\" style=\"flex-basis:50%\">\n<h1 class=\"wp-block-heading\">Abfallsammlung<\/h1>\n\n\n\n<p>Bei Keenat bieten wir Ihnen eine alle Aspekte umfassende L\u00f6sung an. Nach der Sensibilisierung der Zielgruppe, der Installation von Aschenbechern (als Wand-, Standaschenbecher oder im Umfrageformat) und der Aufstellung von Boxen f\u00fcr Einwegmasken und Kaugummis sind unsere Teams f\u00fcr die Sammlung des Abfalls zust\u00e4ndig.<br>Wir arbeiten mit sozialen Einrichtungen zusammen, um die Sammlung sowohl f\u00fcr die Menschen als auch f\u00fcr die Umwelt so nachhaltig wie m\u00f6glich zu gestalten.<\/p>\n<\/div>\n\n\n\n<div class=\"wp-block-column is-vertically-aligned-center is-layout-flow wp-block-column-is-layout-flow\" style=\"flex-basis:50%\"><div class=\"wp-block-image\">\n<figure class=\"alignright size-full\"><img fetchpriority=\"high\" decoding=\"async\" width=\"702\" height=\"595\" src=\"https:\/\/keenat.de\/wp-content\/uploads\/2022\/11\/visuel-collecte-dechet.jpg\" alt=\"Collecte des m\u00e9gots sur cendriers ext\u00e9rieurs\" class=\"wp-image-448\" srcset=\"https:\/\/keenat.de\/wp-content\/uploads\/2022\/11\/visuel-collecte-dechet.jpg 702w, https:\/\/keenat.de\/wp-content\/uploads\/2022\/11\/visuel-collecte-dechet-300x254.jpg 300w\" sizes=\"(max-width: 702px) 100vw, 702px\" \/><\/figure>\n<\/div><\/div>\n<\/div>\n\n\n\n<div class=\"wp-block-columns are-vertically-aligned-center section-image-texte is-layout-flex wp-container-core-columns-is-layout-9d6595d7 wp-block-columns-is-layout-flex\">\n<div class=\"wp-block-column is-vertically-aligned-center is-layout-flow wp-block-column-is-layout-flow\" style=\"flex-basis:50%\">\n<figure class=\"wp-block-image size-full\"><img decoding=\"async\" width=\"810\" height=\"772\" src=\"https:\/\/keenat.de\/wp-content\/uploads\/2022\/11\/visuel-collecte-adaptee.jpg\" alt=\"Collecte des m\u00e9gots \u00e0 v\u00e9lo\" class=\"wp-image-452\" srcset=\"https:\/\/keenat.de\/wp-content\/uploads\/2022\/11\/visuel-collecte-adaptee.jpg 810w, https:\/\/keenat.de\/wp-content\/uploads\/2022\/11\/visuel-collecte-adaptee-300x286.jpg 300w, https:\/\/keenat.de\/wp-content\/uploads\/2022\/11\/visuel-collecte-adaptee-768x732.jpg 768w\" sizes=\"(max-width: 810px) 100vw, 810px\" \/><\/figure>\n<\/div>\n\n\n\n<div class=\"wp-block-column is-vertically-aligned-center padding is-layout-flow wp-block-column-is-layout-flow\" style=\"flex-basis:50%\">\n<h2 class=\"wp-block-heading\">Eine auf Ihre Bed\u00fcrfnisse zugeschnittene Abholung<\/h2>\n\n\n\n<p>Am Anfang unserer Zusammenarbeit legen wir gemeinsam die erforderliche Abholungsfrequenz fest. Diese wird an die Anzahl der aufgestellten Sammelbeh\u00e4lter, das Besucheraufkommen am Standort, die Anzahl der t\u00e4glichen Raucher etc. angepasst.<br>Die Sammlung soll einfach, effizient und sicher sein.<br>Insbesondere bei der Einsammlung der Zigarettenstummel entsprechen die verwendeten Materialien den Richtlinien f\u00fcr gef\u00e4hrliche Abf\u00e4lle. Unsere Teams verwenden zugelassene, luftdichte und wiederverwendbare F\u00e4sser f\u00fcr Zigarettenstummel, Einwegmasken und Kaugummis.<\/p>\n<\/div>\n<\/div>\n\n\n\n<div class=\"wp-block-columns are-vertically-aligned-center section-image-texte reverse-colonne is-layout-flex wp-container-core-columns-is-layout-9d6595d7 wp-block-columns-is-layout-flex\">\n<div class=\"wp-block-column is-vertically-aligned-center padding is-layout-flow wp-block-column-is-layout-flow\" style=\"flex-basis:50%\">\n<h2 class=\"wp-block-heading\"><strong><strong>Wie funktioniert die <\/strong>Abholung<\/strong><strong>?<\/strong><\/h2>\n\n\n\n<p>Die Leerung von Aschenbechern ist ganz einfach!<\/p>\n\n\n\n<p>Unser neues Modell verf\u00fcgt \u00fcber eine vereinfachte Entleerung durch ein T\u00fcrsystem, das mit einem Schloss gesichert ist. Die Zigarettenstummel rutschen in den Sammelbeh\u00e4lter. Dieses System garantiert eine leicht zug\u00e4ngliche, schnelle und hygienische Leerung. Dies ist f\u00fcr uns eine grundlegende Anforderung, wenn wir mit Menschen mit Behinderung zusammenarbeiten.<\/p>\n<\/div>\n\n\n\n<div class=\"wp-block-column is-vertically-aligned-center is-layout-flow wp-block-column-is-layout-flow\" style=\"flex-basis:50%\"><div class=\"wp-block-image\">\n<figure class=\"alignright size-full\"><img decoding=\"async\" width=\"702\" height=\"515\" src=\"https:\/\/keenat.de\/wp-content\/uploads\/2022\/11\/visuel-comment-ca-marche.jpg\" alt=\"Collecte m\u00e9got cendrier sur pied\" class=\"wp-image-459\" srcset=\"https:\/\/keenat.de\/wp-content\/uploads\/2022\/11\/visuel-comment-ca-marche.jpg 702w, https:\/\/keenat.de\/wp-content\/uploads\/2022\/11\/visuel-comment-ca-marche-300x220.jpg 300w\" sizes=\"(max-width: 702px) 100vw, 702px\" \/><\/figure>\n<\/div><\/div>\n<\/div>\n\n\n\n<div class=\"wp-block-columns are-vertically-aligned-center section-image-texte is-layout-flex wp-container-core-columns-is-layout-9d6595d7 wp-block-columns-is-layout-flex\">\n<div class=\"wp-block-column is-vertically-aligned-center is-layout-flow wp-block-column-is-layout-flow\" style=\"flex-basis:50%\">\n<figure class=\"wp-block-image size-large\"><img loading=\"lazy\" decoding=\"async\" width=\"771\" height=\"1024\" src=\"https:\/\/keenat.de\/wp-content\/uploads\/2022\/11\/visuel-partenaire-ess-771x1024.jpg\" alt=\"Collecte point d'apport volontaire\" class=\"wp-image-463\" srcset=\"https:\/\/keenat.de\/wp-content\/uploads\/2022\/11\/visuel-partenaire-ess-771x1024.jpg 771w, https:\/\/keenat.de\/wp-content\/uploads\/2022\/11\/visuel-partenaire-ess-226x300.jpg 226w, https:\/\/keenat.de\/wp-content\/uploads\/2022\/11\/visuel-partenaire-ess-768x1020.jpg 768w, https:\/\/keenat.de\/wp-content\/uploads\/2022\/11\/visuel-partenaire-ess.jpg 808w\" sizes=\"(max-width: 771px) 100vw, 771px\" \/><\/figure>\n<\/div>\n\n\n\n<div class=\"wp-block-column is-vertically-aligned-center padding is-layout-flow wp-block-column-is-layout-flow\" style=\"flex-basis:50%\">\n<h2 class=\"wp-block-heading\"><strong>Unsere Partner<br>und Strukturen zur Eingliederung&nbsp;von Menschen mit Behinderungen<\/strong><\/h2>\n\n\n\n<p>Sie haben es verstanden, bei Keenat k\u00fcmmern wir uns um&nbsp;die<strong> Umwelt<\/strong>, aber nicht nur!&nbsp;Die<strong> soziale Komponente<\/strong>&nbsp;liegt uns besonders am Herzen. Wir k\u00fcmmern uns um die Menschen in unserer gesamten Produktionskette.<\/p>\n\n\n\n<p>Deshalb haben wir ein Netzwerk von Partnern mit&nbsp;<strong>Strukturen zur Eingliederung von Menschen mit Behinderung und sozial Benachteiligten<\/strong>&nbsp;aufgebaut.<br>Das Ziel? Lokale Arbeitspl\u00e4tze zu schaffen und durch einen erleichterten Einstieg in die Arbeitswelt zur Inklusion sozial benachteiligter Menschen beizutragen.<\/p>\n\n\n\n<p>Heute arbeiten wir<br>mit mehr als&nbsp;<strong>50 Einrichtungen<\/strong>&nbsp;zusammen!<\/p>\n\n\n\n<p>Sie installieren Aschenbecher, Sammelcontainer und sammeln den Abfall f\u00fcr unsere Kunden ein. Die Zusammenarbeit mit diesen Strukturen garantiert&nbsp;<strong>gr\u00fcnere und lokalere<\/strong>&nbsp;Interventionen und erm\u00f6glicht Ihnen, Ihren&nbsp;<strong>Impact Report<\/strong>&nbsp;zu verbessern.<\/p>\n<\/div>\n<\/div>\n","protected":false},"excerpt":{"rendered":"<p>Abfallsammlung Bei Keenat bieten wir Ihnen eine alle Aspekte umfassende L\u00f6sung an. Nach der Sensibilisierung der Zielgruppe, der Installation von Aschenbechern (als Wand-, Standaschenbecher oder im Umfrageformat) und der Aufstellung von Boxen f\u00fcr Einwegmasken und Kaugummis sind unsere Teams f\u00fcr die Sammlung des Abfalls zust\u00e4ndig.Wir arbeiten mit sozialen Einrichtungen zusammen, um die Sammlung sowohl f\u00fcr [&hellip;]<\/p>\n","protected":false},"author":3,"featured_media":0,"parent":0,"menu_order":0,"comment_status":"closed","ping_status":"closed","template":"","meta":{"_seopress_robots_primary_cat":"","inline_featured_image":false,"footnotes":""},"class_list":["post-441","page","type-page","status-publish"],"_links":{"self":[{"href":"https:\/\/keenat.de\/index.php?rest_route=\/wp\/v2\/pages\/441","targetHints":{"allow":["GET"]}}],"collection":[{"href":"https:\/\/keenat.de\/index.php?rest_route=\/wp\/v2\/pages"}],"about":[{"href":"https:\/\/keenat.de\/index.php?rest_route=\/wp\/v2\/types\/page"}],"author":[{"embeddable":true,"href":"https:\/\/keenat.de\/index.php?rest_route=\/wp\/v2\/users\/3"}],"replies":[{"embeddable":true,"href":"https:\/\/keenat.de\/index.php?rest_route=%2Fwp%2Fv2%2Fcomments&post=441"}],"version-history":[{"count":33,"href":"https:\/\/keenat.de\/index.php?rest_route=\/wp\/v2\/pages\/441\/revisions"}],"predecessor-version":[{"id":2128,"href":"https:\/\/keenat.de\/index.php?rest_route=\/wp\/v2\/pages\/441\/revisions\/2128"}],"wp:attachment":[{"href":"https:\/\/keenat.de\/index.php?rest_route=%2Fwp%2Fv2%2Fmedia&parent=441"}],"curies":[{"name":"wp","href":"https:\/\/api.w.org\/{rel}","templated":true}]}}