{"id":399,"date":"2022-11-13T11:54:15","date_gmt":"2022-11-13T10:54:15","guid":{"rendered":"https:\/\/keenat.de\/?page_id=399"},"modified":"2023-09-07T11:27:52","modified_gmt":"2023-09-07T09:27:52","slug":"sensibilisierung-umweltfolgen-abfall","status":"publish","type":"page","link":"https:\/\/keenat.de\/?page_id=399","title":{"rendered":"Sensibilisierung f\u00fcr die Umweltfolgen von Abfall"},"content":{"rendered":"\n<div class=\"wp-block-columns are-vertically-aligned-center section-image-texte reverse-colonne is-layout-flex wp-container-core-columns-is-layout-9d6595d7 wp-block-columns-is-layout-flex\">\n<div class=\"wp-block-column is-vertically-aligned-center padding is-layout-flow wp-block-column-is-layout-flow\" style=\"flex-basis:50%\">\n<h1 class=\"wp-block-heading\">Sensibilisierung f\u00fcr die Umweltfolgen von Abfall<\/h1>\n\n\n\n<p>Um sicherzustellen, dass Abf\u00e4lle nicht in unserer Umgebung landen, sondern in den daf\u00fcr vorgesehenen Abfallbeh\u00e4ltern (die in Unternehmen, in der \u00d6ffentlichkeit oder bei Veranstaltungen aufgestellt werden), ist es wichtig, die B\u00fcrger und Nutzer f\u00fcr die Auswirkungen ihrer Handlungen zu sensibilisieren. Die Sensibilisierung schafft Bewusstsein f\u00fcr die Umweltauswirkungen von Abf\u00e4llen und f\u00fchrt zu Verhaltens\u00e4nderungen.<\/p>\n\n\n\n<p class=\"has-extra-large-font-size\"><strong>Dank der Sensibilisierung der \u00d6ffentlichkeit<br>werden 42% mehr Abfallstr\u00f6me gesammelt.<\/strong><\/p>\n<\/div>\n\n\n\n<div class=\"wp-block-column is-vertically-aligned-center is-layout-flow wp-block-column-is-layout-flow\" style=\"flex-basis:50%\">\n<figure class=\"wp-block-image size-large\"><img fetchpriority=\"high\" decoding=\"async\" width=\"1024\" height=\"891\" src=\"https:\/\/keenat.de\/wp-content\/uploads\/2023\/03\/visuel-sensibilisation-pollution-masque2-1024x891.jpg\" alt=\"visuel sensibilisation pollution masque2\" class=\"wp-image-1979\" srcset=\"https:\/\/keenat.de\/wp-content\/uploads\/2023\/03\/visuel-sensibilisation-pollution-masque2-1024x891.jpg 1024w, https:\/\/keenat.de\/wp-content\/uploads\/2023\/03\/visuel-sensibilisation-pollution-masque2-300x261.jpg 300w, https:\/\/keenat.de\/wp-content\/uploads\/2023\/03\/visuel-sensibilisation-pollution-masque2-768x668.jpg 768w, https:\/\/keenat.de\/wp-content\/uploads\/2023\/03\/visuel-sensibilisation-pollution-masque2-1536x1336.jpg 1536w, https:\/\/keenat.de\/wp-content\/uploads\/2023\/03\/visuel-sensibilisation-pollution-masque2.jpg 1724w\" sizes=\"(max-width: 1024px) 100vw, 1024px\" \/><\/figure>\n<\/div>\n<\/div>\n\n\n\n<div class=\"wp-block-columns container section-action is-layout-flex wp-container-core-columns-is-layout-9d6595d7 wp-block-columns-is-layout-flex\">\n<div class=\"wp-block-column is-layout-flow wp-block-column-is-layout-flow\">\n<p class=\"has-extra-large-font-size\">CLEANWALKS<\/p>\n\n\n\n<figure class=\"wp-block-image size-full\"><img decoding=\"async\" width=\"429\" height=\"458\" src=\"https:\/\/keenat.de\/wp-content\/uploads\/2022\/11\/visuel-action-ramassage.jpg\" alt=\"\" class=\"wp-image-413\" srcset=\"https:\/\/keenat.de\/wp-content\/uploads\/2022\/11\/visuel-action-ramassage.jpg 429w, https:\/\/keenat.de\/wp-content\/uploads\/2022\/11\/visuel-action-ramassage-281x300.jpg 281w\" sizes=\"(max-width: 429px) 100vw, 429px\" \/><\/figure>\n\n\n\n<p>M\u00fcllsammelaktionen in Partnerschaft mit B\u00fcrgerinitiativen oder Institutionen.<\/p>\n<\/div>\n\n\n\n<div class=\"wp-block-column is-layout-flow wp-block-column-is-layout-flow\">\n<p class=\"has-extra-large-font-size\">SENSIBILISIERUNGSMA\u00dfNAHMEN<\/p>\n\n\n\n<figure class=\"wp-block-image size-full\"><img decoding=\"async\" width=\"429\" height=\"458\" src=\"https:\/\/keenat.de\/wp-content\/uploads\/2022\/11\/visuel-sensibilisation-mobile.jpg\" alt=\"\" class=\"wp-image-415\" srcset=\"https:\/\/keenat.de\/wp-content\/uploads\/2022\/11\/visuel-sensibilisation-mobile.jpg 429w, https:\/\/keenat.de\/wp-content\/uploads\/2022\/11\/visuel-sensibilisation-mobile-281x300.jpg 281w\" sizes=\"(max-width: 429px) 100vw, 429px\" \/><\/figure>\n\n\n\n<p>Bei Veranstaltungen sind unsere Teams anwesend, um die Teilnehmer f\u00fcr die Umweltauswirkungen ihrer Abf\u00e4lle zu sensibilisieren.<\/p>\n<\/div>\n\n\n\n<div class=\"wp-block-column is-layout-flow wp-block-column-is-layout-flow\">\n<p class=\"has-extra-large-font-size\">WORKSHOPS ZUR SENSIBILISIERUNG<\/p>\n\n\n\n<figure class=\"wp-block-image size-full\"><img loading=\"lazy\" decoding=\"async\" width=\"429\" height=\"458\" src=\"https:\/\/keenat.de\/wp-content\/uploads\/2022\/11\/visuel-atelier-sensibilisation.jpg\" alt=\"\" class=\"wp-image-416\" srcset=\"https:\/\/keenat.de\/wp-content\/uploads\/2022\/11\/visuel-atelier-sensibilisation.jpg 429w, https:\/\/keenat.de\/wp-content\/uploads\/2022\/11\/visuel-atelier-sensibilisation-281x300.jpg 281w\" sizes=\"(max-width: 429px) 100vw, 429px\" \/><\/figure>\n\n\n\n<p>F\u00fcr Unternehmen oder in Innenr\u00e4umen stellen wir spielerische St\u00e4nde auf.<\/p>\n<\/div>\n<\/div>\n\n\n\n<div class=\"wp-block-columns are-vertically-aligned-center section-image-texte reverse-colonne is-layout-flex wp-container-core-columns-is-layout-9d6595d7 wp-block-columns-is-layout-flex\">\n<div class=\"wp-block-column is-vertically-aligned-center padding is-layout-flow wp-block-column-is-layout-flow\" style=\"flex-basis:50%\">\n<h2 class=\"wp-block-heading\">Ma\u00dfgeschneiderte Sensibilisierungsma\u00dfnahmen zur Verhaltens\u00e4nderung<\/h2>\n\n\n\n<p>Wir bieten zahlreiche Sensibilisierungsma\u00dfnahmen an, die auf unsere Partner, das Gel\u00e4nde und die festgelegten Ziele zugeschnitten sind.<br>Unsere Sensibilisierungsma\u00dfnahmen nehmen verschiedene Formen an:<\/p>\n\n\n\n<ul class=\"wp-block-list\">\n<li>in der \u00d6ffentlichkeit auf Menschen zugehen<\/li>\n\n\n\n<li>einen Sensibilisierungsstand aufbauen, der spielerische Aktivit\u00e4ten f\u00fcr Erwachsene und Kinder anbietet<\/li>\n\n\n\n<li>Schulungen in kleineren Gruppen durchf\u00fchren,<br>Organisation von Aktionen zum Einsammeln von Abf\u00e4llen\u2026<\/li>\n<\/ul>\n\n\n\n<p>Diese Ma\u00dfnahmen sind von entscheidender Bedeutung f\u00fcr Veranstalter, die sich f\u00fcr den Umweltschutz einsetzen wollen, die ihre Reinigungskosten reduzieren und die Veranstaltungsorte so sauber wie m\u00f6glich hinterlassen wollen sowie eine positive Au\u00dfenwirkung ihrer Veranstaltung sicherstellen m\u00f6chten.<\/p>\n<\/div>\n\n\n\n<div class=\"wp-block-column is-vertically-aligned-center is-layout-flow wp-block-column-is-layout-flow\" style=\"flex-basis:50%\">\n<figure class=\"wp-block-image size-full\"><img loading=\"lazy\" decoding=\"async\" width=\"800\" height=\"789\" src=\"https:\/\/keenat.de\/wp-content\/uploads\/2023\/03\/sensibilisierung.jpg\" alt=\"sensibilisierung\" class=\"wp-image-1972\" srcset=\"https:\/\/keenat.de\/wp-content\/uploads\/2023\/03\/sensibilisierung.jpg 800w, https:\/\/keenat.de\/wp-content\/uploads\/2023\/03\/sensibilisierung-300x296.jpg 300w, https:\/\/keenat.de\/wp-content\/uploads\/2023\/03\/sensibilisierung-768x757.jpg 768w\" sizes=\"(max-width: 800px) 100vw, 800px\" \/><\/figure>\n<\/div>\n<\/div>\n\n\n\n<div class=\"wp-block-columns are-vertically-aligned-center section-image-texte is-layout-flex wp-container-core-columns-is-layout-9d6595d7 wp-block-columns-is-layout-flex\">\n<div class=\"wp-block-column is-vertically-aligned-center is-layout-flow wp-block-column-is-layout-flow\" style=\"flex-basis:50%\">\n<figure class=\"wp-block-image size-full\"><img loading=\"lazy\" decoding=\"async\" width=\"853\" height=\"844\" src=\"https:\/\/keenat.de\/wp-content\/uploads\/2023\/03\/die-wirkungsberichte-.jpg\" alt=\"die wirkungsberichte \" class=\"wp-image-1975\" srcset=\"https:\/\/keenat.de\/wp-content\/uploads\/2023\/03\/die-wirkungsberichte-.jpg 853w, https:\/\/keenat.de\/wp-content\/uploads\/2023\/03\/die-wirkungsberichte--300x297.jpg 300w, https:\/\/keenat.de\/wp-content\/uploads\/2023\/03\/die-wirkungsberichte--768x760.jpg 768w\" sizes=\"(max-width: 853px) 100vw, 853px\" \/><\/figure>\n<\/div>\n\n\n\n<div class=\"wp-block-column is-vertically-aligned-center padding is-layout-flow wp-block-column-is-layout-flow\" style=\"flex-basis:50%\">\n<h2 class=\"wp-block-heading\">Die Wirkungsberichte<\/h2>\n\n\n\n<p>Keenat bietet eine ganzheitliche L\u00f6sung f\u00fcr die Handhabung und Verarbeitung von Zigarettenstummeln, Masken oder Kaugummis an. Wir begleiten Sie auf Ihrem Weg bis hin zur Erstellung Ihres j\u00e4hrlichen Wirkungsberichts.<br>Aber was ist ein Wirkungsbericht?<\/p>\n\n\n\n<p>Ein Wirkungsbericht ist ein Instrument zur Analyse und Kommunikation der Wirksamkeit der L\u00f6sung f\u00fcr Zigarettenstummel, Masken oder Kaugummis in Ihren R\u00e4umlichkeiten oder in Ihrer Kommune.<\/p>\n\n\n\n<p>Dieses Tool veranschaulicht alle wichtigen Daten, wie z. B. die Anzahl der Zigarettenstummel, Masken und Kaugummis, die Sie gesammelt haben, die Anzahl der Liter Wasser, die dank Ihnen nicht verschmutzt wurden, oder auch die Anzahl der Arbeitsstunden, die Sie generiert haben.<\/p>\n\n\n\n<p>Dieses Tool erm\u00f6glicht es Ihnen, sich Ihre umweltbewusste Vorgehensweise vor Augen zu f\u00fchren, aber auch Ihre Teams oder B\u00fcrger*innen dazu zu ermutigen, ihren Abfall in die daf\u00fcr vorgesehenen Beh\u00e4lter zu werfen.<\/p>\n\n\n\n<p>Wir stellen Ihnen eine digitale Version Ihres Wirkungsberichts zur Verf\u00fcgung, die Sie dann in Ihren Netzwerken oder intern verbreiten k\u00f6nnen!<\/p>\n<\/div>\n<\/div>\n","protected":false},"excerpt":{"rendered":"<p>Sensibilisierung f\u00fcr die Umweltfolgen von Abfall Um sicherzustellen, dass Abf\u00e4lle nicht in unserer Umgebung landen, sondern in den daf\u00fcr vorgesehenen Abfallbeh\u00e4ltern (die in Unternehmen, in der \u00d6ffentlichkeit oder bei Veranstaltungen aufgestellt werden), ist es wichtig, die B\u00fcrger und Nutzer f\u00fcr die Auswirkungen ihrer Handlungen zu sensibilisieren. Die Sensibilisierung schafft Bewusstsein f\u00fcr die Umweltauswirkungen von Abf\u00e4llen [&hellip;]<\/p>\n","protected":false},"author":3,"featured_media":0,"parent":0,"menu_order":0,"comment_status":"closed","ping_status":"closed","template":"","meta":{"_seopress_robots_primary_cat":"","inline_featured_image":false,"footnotes":""},"class_list":["post-399","page","type-page","status-publish"],"_links":{"self":[{"href":"https:\/\/keenat.de\/index.php?rest_route=\/wp\/v2\/pages\/399","targetHints":{"allow":["GET"]}}],"collection":[{"href":"https:\/\/keenat.de\/index.php?rest_route=\/wp\/v2\/pages"}],"about":[{"href":"https:\/\/keenat.de\/index.php?rest_route=\/wp\/v2\/types\/page"}],"author":[{"embeddable":true,"href":"https:\/\/keenat.de\/index.php?rest_route=\/wp\/v2\/users\/3"}],"replies":[{"embeddable":true,"href":"https:\/\/keenat.de\/index.php?rest_route=%2Fwp%2Fv2%2Fcomments&post=399"}],"version-history":[{"count":36,"href":"https:\/\/keenat.de\/index.php?rest_route=\/wp\/v2\/pages\/399\/revisions"}],"predecessor-version":[{"id":2174,"href":"https:\/\/keenat.de\/index.php?rest_route=\/wp\/v2\/pages\/399\/revisions\/2174"}],"wp:attachment":[{"href":"https:\/\/keenat.de\/index.php?rest_route=%2Fwp%2Fv2%2Fmedia&parent=399"}],"curies":[{"name":"wp","href":"https:\/\/api.w.org\/{rel}","templated":true}]}}