{"id":333,"date":"2022-11-12T22:02:42","date_gmt":"2022-11-12T21:02:42","guid":{"rendered":"https:\/\/keenat.de\/?page_id=333"},"modified":"2023-09-07T11:43:42","modified_gmt":"2023-09-07T09:43:42","slug":"team","status":"publish","type":"page","link":"https:\/\/keenat.de\/?page_id=333","title":{"rendered":"Team"},"content":{"rendered":"\n<figure class=\"wp-block-image size-full no-marge-image image-full\"><img fetchpriority=\"high\" decoding=\"async\" width=\"1552\" height=\"619\" src=\"https:\/\/keenat.de\/wp-content\/uploads\/2022\/11\/visuel-equipe.jpg\" alt=\"\" class=\"wp-image-336\" srcset=\"https:\/\/keenat.de\/wp-content\/uploads\/2022\/11\/visuel-equipe.jpg 1552w, https:\/\/keenat.de\/wp-content\/uploads\/2022\/11\/visuel-equipe-300x120.jpg 300w, https:\/\/keenat.de\/wp-content\/uploads\/2022\/11\/visuel-equipe-1024x408.jpg 1024w, https:\/\/keenat.de\/wp-content\/uploads\/2022\/11\/visuel-equipe-768x306.jpg 768w, https:\/\/keenat.de\/wp-content\/uploads\/2022\/11\/visuel-equipe-1536x613.jpg 1536w\" sizes=\"(max-width: 1552px) 100vw, 1552px\" \/><\/figure>\n\n\n\n<h1 class=\"wp-block-heading has-text-align-center\"><strong><mark style=\"background-color:rgba(0, 0, 0, 0)\" class=\"has-inline-color has-principale-color\">Lernen\u00a0Sie unser Team\u00a0kennen!<\/mark><\/strong><\/h1>\n\n\n\n<section class=\"wp-block-group container\"><div class=\"wp-block-group__inner-container is-layout-constrained wp-block-group-is-layout-constrained\">\n<p class=\"has-text-align-center has-large-font-size\"><strong>Gesch\u00e4ftsf\u00fchrung<\/strong><\/p>\n\n\n\n<div class=\"wp-block-columns container-equipe is-layout-flex wp-container-core-columns-is-layout-9d6595d7 wp-block-columns-is-layout-flex\">\n<div class=\"wp-block-column is-layout-flow wp-block-column-is-layout-flow\"><div class=\"wp-block-image\">\n<figure class=\"aligncenter size-full\"><img decoding=\"async\" width=\"150\" height=\"150\" src=\"https:\/\/keenat.de\/wp-content\/uploads\/2022\/11\/Erwin-Faure.png\" alt=\"\" class=\"wp-image-340\"\/><figcaption class=\"wp-element-caption\"><strong>Erwin Faure<\/strong><\/figcaption><\/figure>\n<\/div>\n\n\n<p class=\"has-text-align-center\">Gesch\u00e4ftsf\u00fchrer<\/p>\n<\/div>\n\n\n\n<div class=\"wp-block-column is-layout-flow wp-block-column-is-layout-flow\"><div class=\"wp-block-image\">\n<figure class=\"aligncenter size-full\"><img decoding=\"async\" width=\"150\" height=\"150\" src=\"https:\/\/keenat.de\/wp-content\/uploads\/2022\/11\/Sandrine-Poilpre.png\" alt=\"\" class=\"wp-image-344\"\/><figcaption class=\"wp-element-caption\"><strong>Sandrine Poilpr\u00e9<\/strong><\/figcaption><\/figure>\n<\/div>\n\n\n<p class=\"has-text-align-center\">Gesch\u00e4ftsf\u00fchrerin<\/p>\n<\/div>\n\n\n\n<div class=\"wp-block-column is-layout-flow wp-block-column-is-layout-flow\"><div class=\"wp-block-image\">\n<figure class=\"aligncenter size-full\"><img loading=\"lazy\" decoding=\"async\" width=\"150\" height=\"150\" src=\"https:\/\/keenat.de\/wp-content\/uploads\/2022\/11\/Edouard-Verge.png\" alt=\"\" class=\"wp-image-347\"\/><figcaption class=\"wp-element-caption\"><strong>Edouard Verg\u00e9<\/strong><\/figcaption><\/figure>\n<\/div>\n\n\n<p class=\"has-text-align-center\">Gesch\u00e4ftsf\u00fchrer<\/p>\n<\/div>\n<\/div>\n<\/div><\/section>\n\n\n\n<section class=\"wp-block-group container\"><div class=\"wp-block-group__inner-container is-layout-constrained wp-block-group-is-layout-constrained\">\n<p class=\"has-text-align-center has-large-font-size\"><strong>Verwaltung Verkauf\/Logistik<\/strong><\/p>\n\n\n\n<div class=\"wp-block-columns are-vertically-aligned-top container-equipe is-layout-flex wp-container-core-columns-is-layout-9d6595d7 wp-block-columns-is-layout-flex\">\n<div class=\"wp-block-column is-vertically-aligned-top is-layout-flow wp-block-column-is-layout-flow\"><div class=\"wp-block-image\">\n<figure class=\"aligncenter size-full\"><img loading=\"lazy\" decoding=\"async\" width=\"151\" height=\"151\" src=\"https:\/\/keenat.de\/wp-content\/uploads\/2022\/11\/Mathieu-Renou.png\" alt=\"\" class=\"wp-image-356\"\/><figcaption class=\"wp-element-caption\"><strong>Mathieu Renou<\/strong><\/figcaption><\/figure>\n<\/div>\n\n\n<p class=\"has-text-align-center\">Logistik und Sammlung<\/p>\n<\/div>\n\n\n\n<div class=\"wp-block-column is-vertically-aligned-top is-layout-flow wp-block-column-is-layout-flow\"><div class=\"wp-block-image\">\n<figure class=\"aligncenter size-full\"><img loading=\"lazy\" decoding=\"async\" width=\"150\" height=\"151\" src=\"https:\/\/keenat.de\/wp-content\/uploads\/2022\/11\/Barbara-Peneau.png\" alt=\"\" class=\"wp-image-357\"\/><figcaption class=\"wp-element-caption\"><strong>Barbara P\u00e9neau<\/strong><\/figcaption><\/figure>\n<\/div>\n\n\n<p class=\"has-text-align-center\">Logistikleiterin<\/p>\n<\/div>\n\n\n\n<div class=\"wp-block-column is-vertically-aligned-top is-layout-flow wp-block-column-is-layout-flow\"><div class=\"wp-block-image\">\n<figure class=\"aligncenter size-full is-resized\"><img loading=\"lazy\" decoding=\"async\" src=\"https:\/\/keenat.de\/wp-content\/uploads\/2022\/12\/melanie-poulard.jpg\" alt=\"melanie poulard\" class=\"wp-image-1527\" style=\"width:152px;height:152px\" width=\"152\" height=\"152\" srcset=\"https:\/\/keenat.de\/wp-content\/uploads\/2022\/12\/melanie-poulard.jpg 500w, https:\/\/keenat.de\/wp-content\/uploads\/2022\/12\/melanie-poulard-300x300.jpg 300w, https:\/\/keenat.de\/wp-content\/uploads\/2022\/12\/melanie-poulard-150x150.jpg 150w\" sizes=\"(max-width: 152px) 100vw, 152px\" \/><figcaption class=\"wp-element-caption\"><strong>M\u00e9lanie Poulard<\/strong><\/figcaption><\/figure>\n<\/div>\n\n\n<p class=\"has-text-align-center\">Logistikbeauftragte<\/p>\n<\/div>\n<\/div>\n<\/div><\/section>\n\n\n\n<section class=\"wp-block-group container\"><div class=\"wp-block-group__inner-container is-layout-constrained wp-block-group-is-layout-constrained\">\n<p class=\"has-text-align-center has-large-font-size\"><strong>Unterst\u00fctzungsfunktionen<\/strong><\/p>\n\n\n\n<div class=\"wp-block-columns are-vertically-aligned-top container-equipe is-layout-flex wp-container-core-columns-is-layout-9d6595d7 wp-block-columns-is-layout-flex\">\n<div class=\"wp-block-column is-vertically-aligned-top is-layout-flow wp-block-column-is-layout-flow\"><div class=\"wp-block-image\">\n<figure class=\"aligncenter size-full is-resized\"><img loading=\"lazy\" decoding=\"async\" src=\"https:\/\/keenat.de\/wp-content\/uploads\/2022\/12\/estelle-gayon.jpg\" alt=\"estelle gayon\" class=\"wp-image-1526\" style=\"width:148px;height:148px\" width=\"148\" height=\"148\" srcset=\"https:\/\/keenat.de\/wp-content\/uploads\/2022\/12\/estelle-gayon.jpg 500w, https:\/\/keenat.de\/wp-content\/uploads\/2022\/12\/estelle-gayon-300x300.jpg 300w, https:\/\/keenat.de\/wp-content\/uploads\/2022\/12\/estelle-gayon-150x150.jpg 150w\" sizes=\"(max-width: 148px) 100vw, 148px\" \/><figcaption class=\"wp-element-caption\"><strong>Estelle Gayon<\/strong><\/figcaption><\/figure>\n<\/div>\n\n\n<p class=\"has-text-align-center\">Office Manager<\/p>\n<\/div>\n\n\n\n<div class=\"wp-block-column is-vertically-aligned-top is-layout-flow wp-block-column-is-layout-flow\"><div class=\"wp-block-image\">\n<figure class=\"aligncenter size-full is-resized\"><img loading=\"lazy\" decoding=\"async\" src=\"https:\/\/keenat.de\/wp-content\/uploads\/2022\/12\/irvine-divies.jpg\" alt=\"irvine divies\" class=\"wp-image-1524\" style=\"width:152px;height:152px\" width=\"152\" height=\"152\" srcset=\"https:\/\/keenat.de\/wp-content\/uploads\/2022\/12\/irvine-divies.jpg 500w, https:\/\/keenat.de\/wp-content\/uploads\/2022\/12\/irvine-divies-300x300.jpg 300w, https:\/\/keenat.de\/wp-content\/uploads\/2022\/12\/irvine-divies-150x150.jpg 150w\" sizes=\"(max-width: 152px) 100vw, 152px\" \/><figcaption class=\"wp-element-caption\"><strong>Irvine Divi\u00e8s<\/strong><\/figcaption><\/figure>\n<\/div>\n\n\n<p class=\"has-text-align-center\">Leiterin der Personalabteilung<\/p>\n<\/div>\n\n\n\n<div class=\"wp-block-column is-vertically-aligned-top is-layout-flow wp-block-column-is-layout-flow\"><div class=\"wp-block-image\">\n<figure class=\"aligncenter size-full\"><img loading=\"lazy\" decoding=\"async\" width=\"151\" height=\"151\" src=\"https:\/\/keenat.de\/wp-content\/uploads\/2022\/11\/Fanny-Lhomme.png\" alt=\"\" class=\"wp-image-367\"\/><figcaption class=\"wp-element-caption\"><strong>Fanny Lhomme<\/strong><\/figcaption><\/figure>\n<\/div>\n\n\n<p class=\"has-text-align-center\">Buchhaltung<\/p>\n<\/div>\n<\/div>\n<\/div><\/section>\n\n\n\n<section class=\"wp-block-group container\"><div class=\"wp-block-group__inner-container is-layout-constrained wp-block-group-is-layout-constrained\">\n<p class=\"has-text-align-center has-large-font-size\"><strong>Impact\/Produkt\/Technik<\/strong><\/p>\n\n\n\n<div class=\"wp-block-columns are-vertically-aligned-top container-equipe is-layout-flex wp-container-core-columns-is-layout-9d6595d7 wp-block-columns-is-layout-flex\">\n<div class=\"wp-block-column is-vertically-aligned-top is-layout-flow wp-block-column-is-layout-flow\"><div class=\"wp-block-image\">\n<figure class=\"aligncenter size-full\"><img loading=\"lazy\" decoding=\"async\" width=\"132\" height=\"133\" src=\"https:\/\/keenat.de\/wp-content\/uploads\/2022\/11\/Audrey-Pelletier.png\" alt=\"\" class=\"wp-image-371\"\/><figcaption class=\"wp-element-caption\"><strong>Audrey Pelletier<\/strong><\/figcaption><\/figure>\n<\/div>\n\n\n<p class=\"has-text-align-center\">Nachhaltigkeitsmanagerin<\/p>\n<\/div>\n\n\n\n<div class=\"wp-block-column is-vertically-aligned-top is-layout-flow wp-block-column-is-layout-flow\"><div class=\"wp-block-image\">\n<figure class=\"aligncenter size-full\"><img loading=\"lazy\" decoding=\"async\" width=\"134\" height=\"134\" src=\"https:\/\/keenat.de\/wp-content\/uploads\/2022\/11\/Arnaud-Susbielle.png\" alt=\"\" class=\"wp-image-372\"\/><figcaption class=\"wp-element-caption\"><strong>Arnaud Susbielle<\/strong><\/figcaption><\/figure>\n<\/div>\n\n\n<p class=\"has-text-align-center\">Produktmanager<\/p>\n<\/div>\n\n\n\n<div class=\"wp-block-column is-vertically-aligned-top is-layout-flow wp-block-column-is-layout-flow\"><div class=\"wp-block-image\">\n<figure class=\"aligncenter size-full\"><img loading=\"lazy\" decoding=\"async\" width=\"132\" height=\"133\" src=\"https:\/\/keenat.de\/wp-content\/uploads\/2022\/11\/Alicia-Robert.png\" alt=\"\" class=\"wp-image-373\"\/><figcaption class=\"wp-element-caption\"><strong>Alicia Robert<\/strong><\/figcaption><\/figure>\n<\/div>\n\n\n<p class=\"has-text-align-center\">Projektmanagerin f\u00fcr Recycling &amp; Innovation<\/p>\n<\/div>\n\n\n\n<div class=\"wp-block-column is-vertically-aligned-top is-layout-flow wp-block-column-is-layout-flow\"><div class=\"wp-block-image\">\n<figure class=\"aligncenter size-large is-resized\"><img loading=\"lazy\" decoding=\"async\" src=\"https:\/\/keenat.de\/wp-content\/uploads\/2023\/02\/katell-1024x1024.png\" alt=\"katell\" class=\"wp-image-1769\" style=\"width:134px;height:134px\" width=\"134\" height=\"134\" srcset=\"https:\/\/keenat.de\/wp-content\/uploads\/2023\/02\/katell-1024x1024.png 1024w, https:\/\/keenat.de\/wp-content\/uploads\/2023\/02\/katell-300x300.png 300w, https:\/\/keenat.de\/wp-content\/uploads\/2023\/02\/katell-150x150.png 150w, https:\/\/keenat.de\/wp-content\/uploads\/2023\/02\/katell-768x768.png 768w, https:\/\/keenat.de\/wp-content\/uploads\/2023\/02\/katell-1536x1536.png 1536w, https:\/\/keenat.de\/wp-content\/uploads\/2023\/02\/katell.png 1854w\" sizes=\"(max-width: 134px) 100vw, 134px\" \/><figcaption class=\"wp-element-caption\"><strong>Katell Morin<\/strong><\/figcaption><\/figure>\n<\/div>\n\n\n<p class=\"has-text-align-center\">Projektbeauftragte Recycling &amp; \u00d6kodesign<\/p>\n<\/div>\n<\/div>\n<\/div><\/section>\n\n\n\n<section class=\"wp-block-group container\"><div class=\"wp-block-group__inner-container is-layout-constrained wp-block-group-is-layout-constrained\">\n<p class=\"has-text-align-center has-large-font-size\"><strong>Kommunikation<\/strong><\/p>\n\n\n\n<div class=\"wp-block-columns are-vertically-aligned-top container-equipe is-layout-flex wp-container-core-columns-is-layout-9d6595d7 wp-block-columns-is-layout-flex\">\n<div class=\"wp-block-column is-vertically-aligned-top is-layout-flow wp-block-column-is-layout-flow\"><\/div>\n\n\n\n<div class=\"wp-block-column is-layout-flow wp-block-column-is-layout-flow\"><div class=\"wp-block-image\">\n<figure class=\"aligncenter size-full is-resized\"><img loading=\"lazy\" decoding=\"async\" src=\"https:\/\/keenat.de\/wp-content\/uploads\/2022\/11\/Gaelle-Guillaume.png\" alt=\"\" class=\"wp-image-377\" style=\"width:145px;height:145px\" width=\"145\" height=\"145\"\/><figcaption class=\"wp-element-caption\"><strong>Ga\u00eblle Guillaume<\/strong><\/figcaption><\/figure>\n<\/div>\n\n\n<p class=\"has-text-align-center\">Kommunikationsleiterin<\/p>\n<\/div>\n\n\n\n<div class=\"wp-block-column is-vertically-aligned-top is-layout-flow wp-block-column-is-layout-flow\"><div class=\"wp-block-image\">\n<figure class=\"aligncenter size-full\"><img loading=\"lazy\" decoding=\"async\" width=\"150\" height=\"150\" src=\"https:\/\/keenat.de\/wp-content\/uploads\/2022\/11\/Marine-Debecque.png\" alt=\"\" class=\"wp-image-378\"\/><figcaption class=\"wp-element-caption\"><strong>Marine Debecque<\/strong><\/figcaption><\/figure>\n<\/div>\n\n\n<p class=\"has-text-align-center\">Grafikerin<\/p>\n<\/div>\n\n\n\n<div class=\"wp-block-column is-vertically-aligned-top is-layout-flow wp-block-column-is-layout-flow\"><\/div>\n<\/div>\n<\/div><\/section>\n\n\n\n<section class=\"wp-block-group container\"><div class=\"wp-block-group__inner-container is-layout-constrained wp-block-group-is-layout-constrained\">\n<p class=\"has-text-align-center has-large-font-size\"><strong>Kommerz<\/strong><\/p>\n\n\n\n<div class=\"wp-block-columns are-vertically-aligned-top container-equipe is-layout-flex wp-container-core-columns-is-layout-9d6595d7 wp-block-columns-is-layout-flex\">\n<div class=\"wp-block-column is-vertically-aligned-top is-layout-flow wp-block-column-is-layout-flow\"><div class=\"wp-block-image\">\n<figure class=\"aligncenter size-full\"><img loading=\"lazy\" decoding=\"async\" width=\"150\" height=\"150\" src=\"https:\/\/keenat.de\/wp-content\/uploads\/2022\/11\/Laura-Broustail.png\" alt=\"\" class=\"wp-image-383\"\/><figcaption class=\"wp-element-caption\"><strong>Laura Broustail<\/strong><\/figcaption><\/figure>\n<\/div>\n\n\n<p class=\"has-text-align-center\">Gesch\u00e4ftsentwicklung \u00f6ffentlicher Sektor<\/p>\n<\/div>\n\n\n\n<div class=\"wp-block-column is-layout-flow wp-block-column-is-layout-flow\"><div class=\"wp-block-image\">\n<figure class=\"aligncenter size-full\"><img loading=\"lazy\" decoding=\"async\" width=\"150\" height=\"150\" src=\"https:\/\/keenat.de\/wp-content\/uploads\/2022\/11\/Celine-Pinto.png\" alt=\"\" class=\"wp-image-384\"\/><figcaption class=\"wp-element-caption\"><strong>C\u00e9line Pinto<\/strong><\/figcaption><\/figure>\n<\/div>\n\n\n<p class=\"has-text-align-center\">National Key Account Manager<\/p>\n<\/div>\n\n\n\n<div class=\"wp-block-column is-vertically-aligned-top is-layout-flow wp-block-column-is-layout-flow\"><div class=\"wp-block-image\">\n<figure class=\"aligncenter size-full\"><img loading=\"lazy\" decoding=\"async\" width=\"150\" height=\"150\" src=\"https:\/\/keenat.de\/wp-content\/uploads\/2022\/11\/Emma-Fages.png\" alt=\"\" class=\"wp-image-386\"\/><figcaption class=\"wp-element-caption\"><strong>Emma Fages<\/strong><\/figcaption><\/figure>\n<\/div>\n\n\n<p class=\"has-text-align-center\">Gesch\u00e4ftsentwicklung privater Sektor<\/p>\n<\/div>\n\n\n\n<div class=\"wp-block-column is-vertically-aligned-top is-layout-flow wp-block-column-is-layout-flow\"><div class=\"wp-block-image\">\n<figure class=\"aligncenter size-full\"><img loading=\"lazy\" decoding=\"async\" width=\"150\" height=\"151\" src=\"https:\/\/keenat.de\/wp-content\/uploads\/2022\/11\/Arnaud-Machin.png\" alt=\"\" class=\"wp-image-387\"\/><figcaption class=\"wp-element-caption\"><strong>Arnaud Machin<\/strong><\/figcaption><\/figure>\n<\/div>\n\n\n<p class=\"has-text-align-center\">Gesch\u00e4ftsentwicklung<\/p>\n<\/div>\n<\/div>\n\n\n\n<div class=\"wp-block-columns are-vertically-aligned-top container-equipe is-layout-flex wp-container-core-columns-is-layout-9d6595d7 wp-block-columns-is-layout-flex\">\n<div class=\"wp-block-column is-vertically-aligned-top is-layout-flow wp-block-column-is-layout-flow\"><div class=\"wp-block-image\">\n<figure class=\"aligncenter size-full\"><img loading=\"lazy\" decoding=\"async\" width=\"150\" height=\"150\" src=\"https:\/\/keenat.de\/wp-content\/uploads\/2022\/11\/Mathieu-Fosse.png\" alt=\"\" class=\"wp-image-389\"\/><figcaption class=\"wp-element-caption\"><strong>Matthieu Fosse<\/strong><\/figcaption><\/figure>\n<\/div>\n\n\n<p class=\"has-text-align-center\">Vertrieb Frankreich S\u00fcdwesten<\/p>\n<\/div>\n\n\n\n<div class=\"wp-block-column is-vertically-aligned-top is-layout-flow wp-block-column-is-layout-flow\"><div class=\"wp-block-image\">\n<figure class=\"aligncenter size-full is-resized\"><img loading=\"lazy\" decoding=\"async\" src=\"https:\/\/keenat.de\/wp-content\/uploads\/2023\/01\/pierre-paulvaiche.jpg\" alt=\"pierre paulvaiche\" class=\"wp-image-1650\" style=\"width:149px;height:149px\" width=\"149\" height=\"149\" srcset=\"https:\/\/keenat.de\/wp-content\/uploads\/2023\/01\/pierre-paulvaiche.jpg 300w, https:\/\/keenat.de\/wp-content\/uploads\/2023\/01\/pierre-paulvaiche-150x150.jpg 150w\" sizes=\"(max-width: 149px) 100vw, 149px\" \/><figcaption class=\"wp-element-caption\"><strong>Pierre Paulvaiche<\/strong><\/figcaption><\/figure>\n<\/div>\n\n\n<p class=\"has-text-align-center\">Vertrieb Frankreich Nordosten<\/p>\n<\/div>\n\n\n\n<div class=\"wp-block-column is-vertically-aligned-top is-layout-flow wp-block-column-is-layout-flow\"><div class=\"wp-block-image\">\n<figure class=\"aligncenter size-full\"><img loading=\"lazy\" decoding=\"async\" width=\"150\" height=\"150\" src=\"https:\/\/keenat.de\/wp-content\/uploads\/2022\/11\/Sebastien-Rajalu.png\" alt=\"\" class=\"wp-image-392\"\/><figcaption class=\"wp-element-caption\"><strong>S\u00e9bastien Rajalu<\/strong><\/figcaption><\/figure>\n<\/div>\n\n\n<p class=\"has-text-align-center\">Vertrieb Paris<\/p>\n<\/div>\n\n\n\n<div class=\"wp-block-column is-vertically-aligned-top is-layout-flow wp-block-column-is-layout-flow\"><div class=\"wp-block-image\">\n<figure class=\"aligncenter size-full\"><img loading=\"lazy\" decoding=\"async\" width=\"150\" height=\"150\" src=\"https:\/\/keenat.de\/wp-content\/uploads\/2022\/11\/Julien-Bouhouf.png\" alt=\"\" class=\"wp-image-393\"\/><figcaption class=\"wp-element-caption\"><strong>Julien Bouhouf<\/strong><\/figcaption><\/figure>\n<\/div>\n\n\n<p class=\"has-text-align-center\">Vertrieb Ostfrankreich<\/p>\n<\/div>\n<\/div>\n<\/div><\/section>\n\n\n\n<section class=\"wp-block-group container\"><div class=\"wp-block-group__inner-container is-layout-constrained wp-block-group-is-layout-constrained\">\n<p class=\"has-text-align-center has-large-font-size\"><strong>Internationaler Handel<\/strong><\/p>\n\n\n\n<div class=\"wp-block-columns are-vertically-aligned-top container-equipe is-layout-flex wp-container-core-columns-is-layout-9d6595d7 wp-block-columns-is-layout-flex\">\n<div class=\"wp-block-column is-vertically-aligned-top is-layout-flow wp-block-column-is-layout-flow\"><\/div>\n\n\n\n<div class=\"wp-block-column is-layout-flow wp-block-column-is-layout-flow\"><div class=\"wp-block-image\">\n<figure class=\"aligncenter size-full\"><img loading=\"lazy\" decoding=\"async\" width=\"150\" height=\"151\" src=\"https:\/\/keenat.de\/wp-content\/uploads\/2022\/11\/Marie-Roche.png\" alt=\"\" class=\"wp-image-396\"\/><figcaption class=\"wp-element-caption\"><strong>Marie Roche<\/strong><\/figcaption><\/figure>\n<\/div>\n\n\n<p class=\"has-text-align-center\">Country Managerin Deutschland<\/p>\n<\/div>\n\n\n\n<div class=\"wp-block-column is-vertically-aligned-top is-layout-flow wp-block-column-is-layout-flow\"><div class=\"wp-block-image\">\n<figure class=\"aligncenter size-full\"><img loading=\"lazy\" decoding=\"async\" width=\"150\" height=\"151\" src=\"https:\/\/keenat.de\/wp-content\/uploads\/2022\/11\/Adrien-Garcia.png\" alt=\"\" class=\"wp-image-397\"\/><figcaption class=\"wp-element-caption\"><strong>Adrien Garc\u00eda<\/strong><\/figcaption><\/figure>\n<\/div>\n\n\n<p class=\"has-text-align-center\">Country Manager Spanien<\/p>\n<\/div>\n\n\n\n<div class=\"wp-block-column is-vertically-aligned-top is-layout-flow wp-block-column-is-layout-flow\"><\/div>\n<\/div>\n\n\n\n<p class=\"has-text-align-center has-large-font-size\"><strong>Handel Andalusien<\/strong><\/p>\n\n\n\n<div class=\"wp-block-columns are-vertically-aligned-top container-equipe is-layout-flex wp-container-core-columns-is-layout-9d6595d7 wp-block-columns-is-layout-flex\">\n<div class=\"wp-block-column is-vertically-aligned-top is-layout-flow wp-block-column-is-layout-flow\"><\/div>\n\n\n\n<div class=\"wp-block-column is-layout-flow wp-block-column-is-layout-flow\"><div class=\"wp-block-image\">\n<figure class=\"aligncenter size-full is-resized\"><img loading=\"lazy\" decoding=\"async\" src=\"https:\/\/keenat.de\/wp-content\/uploads\/2023\/01\/capture-decran-2023-01-20-a-12.00.29-3.jpg\" alt=\"Andalousie_colillas_Marta Rodriguez Lopez\" class=\"wp-image-1752\" style=\"width:174px;height:165px\" width=\"174\" height=\"165\" srcset=\"https:\/\/keenat.de\/wp-content\/uploads\/2023\/01\/capture-decran-2023-01-20-a-12.00.29-3.jpg 986w, https:\/\/keenat.de\/wp-content\/uploads\/2023\/01\/capture-decran-2023-01-20-a-12.00.29-3-300x285.jpg 300w, https:\/\/keenat.de\/wp-content\/uploads\/2023\/01\/capture-decran-2023-01-20-a-12.00.29-3-768x731.jpg 768w\" sizes=\"(max-width: 174px) 100vw, 174px\" \/><figcaption class=\"wp-element-caption\"><strong>Marta<\/strong> <strong>Rodr\u00edguez L\u00f3pez<\/strong><\/figcaption><\/figure>\n<\/div>\n\n\n<p class=\"has-text-align-center\">Vertreterin Keenat Andalusien<\/p>\n<\/div>\n\n\n\n<div class=\"wp-block-column is-vertically-aligned-top is-layout-flow wp-block-column-is-layout-flow\"><div class=\"wp-block-image\">\n<figure class=\"aligncenter size-full is-resized\"><img loading=\"lazy\" decoding=\"async\" src=\"https:\/\/keenat.de\/wp-content\/uploads\/2023\/01\/capture-decran-2023-01-20-a-12.01.03-1.jpg\" alt=\"Andalousia_colillas_Mercedes Sanchez Toronjo\" class=\"wp-image-1753\" style=\"width:165px;height:165px\" width=\"165\" height=\"165\" srcset=\"https:\/\/keenat.de\/wp-content\/uploads\/2023\/01\/capture-decran-2023-01-20-a-12.01.03-1.jpg 826w, https:\/\/keenat.de\/wp-content\/uploads\/2023\/01\/capture-decran-2023-01-20-a-12.01.03-1-300x300.jpg 300w, https:\/\/keenat.de\/wp-content\/uploads\/2023\/01\/capture-decran-2023-01-20-a-12.01.03-1-150x150.jpg 150w, https:\/\/keenat.de\/wp-content\/uploads\/2023\/01\/capture-decran-2023-01-20-a-12.01.03-1-768x772.jpg 768w\" sizes=\"(max-width: 165px) 100vw, 165px\" \/><figcaption class=\"wp-element-caption\"><strong>Mercedes S\u00e1nchez Toronjo<\/strong><\/figcaption><\/figure>\n<\/div>\n\n\n<p class=\"has-text-align-center\">Vertreterin Keenat Andalusien<\/p>\n<\/div>\n\n\n\n<div class=\"wp-block-column is-vertically-aligned-top is-layout-flow wp-block-column-is-layout-flow\"><\/div>\n<\/div>\n<\/div><\/section>\n\n\n\n<p><\/p>\n\n\n\n<div class=\"wp-block-columns is-layout-flex wp-container-core-columns-is-layout-9d6595d7 wp-block-columns-is-layout-flex\">\n<div class=\"wp-block-column is-layout-flow wp-block-column-is-layout-flow\" style=\"flex-basis:5%\"><\/div>\n\n\n\n<div class=\"wp-block-column is-layout-flow wp-block-column-is-layout-flow\" style=\"flex-basis:90%\">\n<p>Sie m\u00f6chten ein Teammitglied bez\u00fcglich Fragen zur Umweltverschmutzung durch Zigarettenstummel, zum Recycling von Einwegmasken oder zur Entwicklung nachhaltiger L\u00f6sungen f\u00fcr Ihr Unternehmen oder Ihre Kommune kontaktieren? Wir beantworten gerne Ihre Fragen und helfen Ihnen, nachhaltige L\u00f6sungen f\u00fcr Ihr Unternehmen oder Ihre Kommune zu finden.<\/p>\n\n\n\n<p>Sie k\u00f6nnen uns telefonisch, per E-Mail (marie.roche@keenat.de) oder \u00fcber das Kontaktformular auf unserer Website kontaktieren.<\/p>\n<\/div>\n\n\n\n<div class=\"wp-block-column is-layout-flow wp-block-column-is-layout-flow\" style=\"flex-basis:5%\"><\/div>\n<\/div>\n","protected":false},"excerpt":{"rendered":"<p>Lernen\u00a0Sie unser Team\u00a0kennen! Gesch\u00e4ftsf\u00fchrung Gesch\u00e4ftsf\u00fchrer Gesch\u00e4ftsf\u00fchrerin Gesch\u00e4ftsf\u00fchrer Verwaltung Verkauf\/Logistik Logistik und Sammlung Logistikleiterin Logistikbeauftragte Unterst\u00fctzungsfunktionen Office Manager Leiterin der Personalabteilung Buchhaltung Impact\/Produkt\/Technik Nachhaltigkeitsmanagerin Produktmanager Projektmanagerin f\u00fcr Recycling &amp; Innovation Projektbeauftragte Recycling &amp; \u00d6kodesign Kommunikation Kommunikationsleiterin Grafikerin Kommerz Gesch\u00e4ftsentwicklung \u00f6ffentlicher Sektor National Key Account Manager Gesch\u00e4ftsentwicklung privater Sektor Gesch\u00e4ftsentwicklung Vertrieb Frankreich S\u00fcdwesten Vertrieb Frankreich Nordosten Vertrieb [&hellip;]<\/p>\n","protected":false},"author":3,"featured_media":0,"parent":59,"menu_order":0,"comment_status":"closed","ping_status":"closed","template":"","meta":{"_seopress_robots_primary_cat":"","inline_featured_image":false,"footnotes":""},"class_list":["post-333","page","type-page","status-publish"],"_links":{"self":[{"href":"https:\/\/keenat.de\/index.php?rest_route=\/wp\/v2\/pages\/333","targetHints":{"allow":["GET"]}}],"collection":[{"href":"https:\/\/keenat.de\/index.php?rest_route=\/wp\/v2\/pages"}],"about":[{"href":"https:\/\/keenat.de\/index.php?rest_route=\/wp\/v2\/types\/page"}],"author":[{"embeddable":true,"href":"https:\/\/keenat.de\/index.php?rest_route=\/wp\/v2\/users\/3"}],"replies":[{"embeddable":true,"href":"https:\/\/keenat.de\/index.php?rest_route=%2Fwp%2Fv2%2Fcomments&post=333"}],"version-history":[{"count":55,"href":"https:\/\/keenat.de\/index.php?rest_route=\/wp\/v2\/pages\/333\/revisions"}],"predecessor-version":[{"id":2237,"href":"https:\/\/keenat.de\/index.php?rest_route=\/wp\/v2\/pages\/333\/revisions\/2237"}],"up":[{"embeddable":true,"href":"https:\/\/keenat.de\/index.php?rest_route=\/wp\/v2\/pages\/59"}],"wp:attachment":[{"href":"https:\/\/keenat.de\/index.php?rest_route=%2Fwp%2Fv2%2Fmedia&parent=333"}],"curies":[{"name":"wp","href":"https:\/\/api.w.org\/{rel}","templated":true}]}}