{"id":1161,"date":"2022-11-16T20:39:53","date_gmt":"2022-11-16T19:39:53","guid":{"rendered":"https:\/\/keenat.de\/?page_id=1161"},"modified":"2023-09-07T11:14:36","modified_gmt":"2023-09-07T09:14:36","slug":"kaugummis","status":"publish","type":"page","link":"https:\/\/keenat.de\/?page_id=1161","title":{"rendered":"Kaugummis"},"content":{"rendered":"\n<div class=\"wp-block-columns are-vertically-aligned-center section-image-texte is-layout-flex wp-container-core-columns-is-layout-9d6595d7 wp-block-columns-is-layout-flex\">\n<div class=\"wp-block-column is-vertically-aligned-center padding is-layout-flow wp-block-column-is-layout-flow\" style=\"flex-basis:40%\">\n<h1 class=\"wp-block-heading\"><mark style=\"background-color:rgba(0, 0, 0, 0)\" class=\"has-inline-color has-freegum-color\">Kaugummis<\/mark><\/h1>\n\n\n\n<p class=\"has-extra-large-font-size\"><strong>Sensibilisierung<br><mark style=\"background-color:rgba(0, 0, 0, 0)\" class=\"has-inline-color has-freegum-color\">&amp;<\/mark> Sammlung<\/strong><\/p>\n\n\n\n<div class=\"wp-block-buttons is-layout-flex wp-block-buttons-is-layout-flex\">\n<div class=\"wp-block-button\"><a class=\"wp-block-button__link has-freegum-background-color has-background wp-element-button\" href=\"https:\/\/keenat.de\/contact\/\" style=\"border-radius:10px\">Kontaktieren Sie uns!<\/a><\/div>\n<\/div>\n<\/div>\n\n\n\n<div class=\"wp-block-column is-vertically-aligned-center is-layout-flow wp-block-column-is-layout-flow\" style=\"flex-basis:60%\"><div class=\"wp-block-image\">\n<figure class=\"alignright size-full\"><img fetchpriority=\"high\" decoding=\"async\" width=\"886\" height=\"632\" src=\"https:\/\/keenat.de\/wp-content\/uploads\/2022\/11\/bandeau-chewing-gum.jpg\" alt=\"Pollution chewing-gums\" class=\"wp-image-1162\" srcset=\"https:\/\/keenat.de\/wp-content\/uploads\/2022\/11\/bandeau-chewing-gum.jpg 886w, https:\/\/keenat.de\/wp-content\/uploads\/2022\/11\/bandeau-chewing-gum-300x214.jpg 300w, https:\/\/keenat.de\/wp-content\/uploads\/2022\/11\/bandeau-chewing-gum-768x548.jpg 768w\" sizes=\"(max-width: 886px) 100vw, 886px\" \/><\/figure>\n<\/div><\/div>\n<\/div>\n\n\n\n<div class=\"wp-block-cover is-light is-repeated\" style=\"min-height:7vh;aspect-ratio:unset;\"><span aria-hidden=\"true\" class=\"wp-block-cover__background has-background-dim-0 has-background-dim\"><\/span><div role=\"img\" class=\"wp-block-cover__image-background wp-image-1165 is-repeated\" style=\"background-position:50% 50%;background-image:url(https:\/\/keenat.de\/wp-content\/uploads\/2022\/11\/visuel-bande-chewinggum.jpg)\"><\/div><div class=\"wp-block-cover__inner-container is-layout-flow wp-block-cover-is-layout-flow\">\n<p class=\"has-text-align-center has-large-font-size\"><\/p>\n<\/div><\/div>\n\n\n\n<div class=\"wp-block-columns is-layout-flex wp-container-core-columns-is-layout-9d6595d7 wp-block-columns-is-layout-flex\">\n<div class=\"wp-block-column is-layout-flow wp-block-column-is-layout-flow\" style=\"flex-basis:5%\"><\/div>\n\n\n\n<div class=\"wp-block-column is-layout-flow wp-block-column-is-layout-flow\" style=\"flex-basis:90%\">\n<h2 class=\"wp-block-heading\"><strong>Wir haben eine&nbsp;<mark style=\"background-color:rgba(0, 0, 0, 0)\" class=\"has-inline-color has-freegum-color\">innovative L\u00f6sung<\/mark>&nbsp;f\u00fcr die Handhabung von Kaugummis entwickelt<\/strong><\/h2>\n\n\n\n<div class=\"wp-block-group\"><div class=\"wp-block-group__inner-container is-layout-constrained wp-block-group-is-layout-constrained\">\n<p>freegum ist eine innovative L\u00f6sung zur Verringerung der Umweltverschmutzung durch Kaugummis und zur Wiederverwertung dieser Abf\u00e4lle. Sie basiert auf den 3 S\u00e4ulen Sensibilisierung, Sammlung und Wiederverwertung, die es \u00f6ffentlichen und privaten Einrichtungen erm\u00f6glicht, ihre Umweltauswirkungen zu reduzieren und zur Sauberhaltung \u00f6ffentlicher R\u00e4ume beizutragen.<\/p>\n\n\n\n<p>freegum bietet L\u00f6sungen f\u00fcr die Sammlung und das Recycling von Kaugummis an, darunter speziell f\u00fcr die Sammlung von gebrauchten Kaugummis entwickelte Kaugummiautomaten. Diese Beh\u00e4lter sind so konzipiert, dass sie leicht aufgestellt und gewartet werden k\u00f6nnen und verf\u00fcgen \u00fcber ein automatisches Sortiersystem, das gebrauchte Kaugummis von anderen Abf\u00e4llen trennt. Die gesammelten Kaugummis werden dann zu einem Recyclingzentrum gebracht, wo sie in einen Rohstoff f\u00fcr die Energiegewinnung umgewandelt werden.<\/p>\n<\/div><\/div>\n<\/div>\n\n\n\n<div class=\"wp-block-column is-layout-flow wp-block-column-is-layout-flow\" style=\"flex-basis:5%\"><\/div>\n<\/div>\n\n\n\n<section class=\"wp-block-group\"><div class=\"wp-block-group__inner-container is-layout-constrained wp-block-group-is-layout-constrained\">\n<div class=\"wp-block-columns container is-layout-flex wp-container-core-columns-is-layout-9d6595d7 wp-block-columns-is-layout-flex\">\n<div class=\"wp-block-column is-layout-flow wp-block-column-is-layout-flow\">\n<h2 class=\"wp-block-heading has-text-align-left has-extra-large-font-size\"><strong>Wie kann man die Anzahl der Kaugummis auf dem Boden reduzieren?<\/strong><\/h2>\n<\/div>\n\n\n\n<div class=\"wp-block-column is-layout-flow wp-block-column-is-layout-flow\">\n<ul class=\"liste-fleche-gum wp-block-list\">\n<li><strong>Sensibilisierung der B\u00fcrger\/innen und Arbeitnehmer\/innen f\u00fcr die Problematik von Plastikm\u00fcll und dessen Auswirkungen auf die Umwelt<\/strong><\/li>\n\n\n\n<li><strong>F\u00f6rderung innovativer L\u00f6sungen zur Verringerung der Produktion und Entsorgung von Kunststoffabf\u00e4llen<\/strong><\/li>\n\n\n\n<li><strong>Unternehmen dazu ermutigen, verantwortungsvollere Praktiken im Umgang mit Kunststoffabf\u00e4llen einzuf\u00fchren<\/strong><\/li>\n<\/ul>\n\n\n\n<p><\/p>\n<\/div>\n<\/div>\n<\/div><\/section>\n\n\n\n<section class=\"wp-block-group has-principale-background-color has-background\"><div class=\"wp-block-group__inner-container is-layout-constrained wp-block-group-is-layout-constrained\">\n<div class=\"wp-block-columns are-vertically-aligned-center container is-layout-flex wp-container-core-columns-is-layout-9d6595d7 wp-block-columns-is-layout-flex\">\n<div class=\"wp-block-column is-vertically-aligned-center is-layout-flow wp-block-column-is-layout-flow\" style=\"flex-basis:33.33%\">\n<h2 class=\"wp-block-heading container\"><strong><mark style=\"background-color:rgba(0, 0, 0, 0)\" class=\"has-inline-color has-freegum-color\">Kennen Sie die Umweltfolgen von Kaugummis?<\/mark><\/strong><\/h2>\n<\/div>\n\n\n\n<div class=\"wp-block-column is-vertically-aligned-center is-layout-flow wp-block-column-is-layout-flow\" style=\"flex-basis:66.66%\">\n<div class=\"wp-block-columns are-vertically-aligned-bottom is-layout-flex wp-container-core-columns-is-layout-9d6595d7 wp-block-columns-is-layout-flex\">\n<div class=\"wp-block-column is-vertically-aligned-bottom is-layout-flow wp-block-column-is-layout-flow\">\n<p class=\"no-marge has-extra-large-font-size\"><strong><mark style=\"background-color:rgba(0, 0, 0, 0)\" class=\"has-inline-color has-blanc-color\">NICHT<\/mark><\/strong><\/p>\n\n\n\n<p class=\"no-marge has-large-font-size\"><strong><mark style=\"background-color:rgba(0, 0, 0, 0)\" class=\"has-inline-color has-freegum-color\">abbaubar<\/mark><\/strong><\/p>\n<\/div>\n\n\n\n<div class=\"wp-block-column is-vertically-aligned-bottom is-layout-flow wp-block-column-is-layout-flow\">\n<p class=\"no-marge has-extra-large-font-size\"><strong><mark style=\"background-color:rgba(0, 0, 0, 0)\" class=\"has-inline-color has-blanc-color\">100 Jahre<\/mark><\/strong><\/p>\n\n\n\n<p class=\"no-marge has-large-font-size\"><mark style=\"background-color:rgba(0, 0, 0, 0)\" class=\"has-inline-color has-freegum-color\"><strong>dauert die Zersetzung<\/strong><\/mark><\/p>\n<\/div>\n\n\n\n<div class=\"wp-block-column is-vertically-aligned-bottom is-layout-flow wp-block-column-is-layout-flow\">\n<p class=\"no-marge has-large-font-size\"><strong><mark style=\"background-color:rgba(0, 0, 0, 0)\" class=\"has-inline-color has-blanc-color\">100 000 Tonnen<\/mark><\/strong><\/p>\n\n\n\n<p class=\"no-marge has-large-font-size\"><strong><mark style=\"background-color:rgba(0, 0, 0, 0)\" class=\"has-inline-color has-freegum-color\">Plastikverschmutzung pro Jahr<\/mark><\/strong><\/p>\n<\/div>\n<\/div>\n<\/div>\n<\/div>\n<\/div><\/section>\n\n\n\n<div class=\"wp-block-columns are-vertically-aligned-center section-image-texte reverse-colonne is-layout-flex wp-container-core-columns-is-layout-9d6595d7 wp-block-columns-is-layout-flex\">\n<div class=\"wp-block-column is-vertically-aligned-center padding is-layout-flow wp-block-column-is-layout-flow\" style=\"flex-basis:50%\">\n<h2 class=\"wp-block-heading\">Unsere L\u00f6sung<strong><br><mark style=\"background-color:rgba(0, 0, 0, 0)\" class=\"has-inline-color has-freegum-color\">im Detail<\/mark><\/strong><\/h2>\n\n\n\n<p class=\"image-texte has-large-font-size\"><img decoding=\"async\" width=\"50\" height=\"38\" class=\"wp-image-1186\" style=\"width: 50px;\" src=\"https:\/\/keenat.de\/wp-content\/uploads\/2022\/11\/box-chewinggum.svg\" alt=\"\"> <strong><mark style=\"background-color:rgba(0, 0, 0, 0)\" class=\"has-inline-color has-freegum-color\">1.<\/mark> Empfang der Materialien<\/strong><\/p>\n\n\n\n<p class=\"image-texte has-large-font-size\"><img decoding=\"async\" width=\"50\" height=\"51\" class=\"wp-image-1187\" style=\"width: 50px;\" src=\"https:\/\/keenat.de\/wp-content\/uploads\/2022\/11\/icone-borne-chewinggum.svg\" alt=\"\"> <strong><mark style=\"background-color:rgba(0, 0, 0, 0)\" class=\"has-inline-color has-freegum-color\">2.<\/mark> Aufstellen des Beh\u00e4lters<\/strong><\/p>\n\n\n\n<p class=\"image-texte has-large-font-size\"><img loading=\"lazy\" decoding=\"async\" width=\"50\" height=\"91\" class=\"wp-image-1188\" style=\"width: 50px;\" src=\"https:\/\/keenat.de\/wp-content\/uploads\/2022\/11\/icone-depot-chewinggum.svg\" alt=\"\"> <strong><mark style=\"background-color:rgba(0, 0, 0, 0)\" class=\"has-inline-color has-freegum-color\">3.<\/mark> Sammlung von Kaugummis<\/strong><\/p>\n\n\n\n<p class=\"image-texte has-large-font-size\"><img loading=\"lazy\" decoding=\"async\" width=\"55\" height=\"64\" class=\"wp-image-1189\" style=\"width: 55px;\" src=\"https:\/\/keenat.de\/wp-content\/uploads\/2022\/11\/icone-collecte-chewinggum.svg\" alt=\"\"> <strong><mark style=\"background-color:rgba(0, 0, 0, 0)\" class=\"has-inline-color has-freegum-color\">4.<\/mark> <strong>Gesicherte <\/strong> Abholung<\/strong><\/p>\n<\/div>\n\n\n\n<div class=\"wp-block-column is-vertically-aligned-center is-layout-flow wp-block-column-is-layout-flow\" style=\"flex-basis:50%\"><div class=\"wp-block-image\">\n<figure class=\"alignright size-full\"><img loading=\"lazy\" decoding=\"async\" width=\"806\" height=\"849\" src=\"https:\/\/keenat.de\/wp-content\/uploads\/2022\/11\/visuel-solution-chewinggum.jpg\" alt=\"Recyclage chewing-gum\" class=\"wp-image-1185\" srcset=\"https:\/\/keenat.de\/wp-content\/uploads\/2022\/11\/visuel-solution-chewinggum.jpg 806w, https:\/\/keenat.de\/wp-content\/uploads\/2022\/11\/visuel-solution-chewinggum-285x300.jpg 285w, https:\/\/keenat.de\/wp-content\/uploads\/2022\/11\/visuel-solution-chewinggum-768x809.jpg 768w\" sizes=\"(max-width: 806px) 100vw, 806px\" \/><\/figure>\n<\/div><\/div>\n<\/div>\n\n\n\n<div class=\"wp-block-columns are-vertically-aligned-center section-image-texte is-layout-flex wp-container-core-columns-is-layout-9d6595d7 wp-block-columns-is-layout-flex\">\n<div class=\"wp-block-column is-vertically-aligned-center is-layout-flow wp-block-column-is-layout-flow\" style=\"flex-basis:50%\">\n<figure class=\"wp-block-image size-full\"><img loading=\"lazy\" decoding=\"async\" width=\"870\" height=\"810\" src=\"https:\/\/keenat.de\/wp-content\/uploads\/2022\/11\/visuel-chaussure-chewinggum.jpg\" alt=\"Pollution chewing-gum sur le sol\" class=\"wp-image-1193\" srcset=\"https:\/\/keenat.de\/wp-content\/uploads\/2022\/11\/visuel-chaussure-chewinggum.jpg 870w, https:\/\/keenat.de\/wp-content\/uploads\/2022\/11\/visuel-chaussure-chewinggum-300x279.jpg 300w, https:\/\/keenat.de\/wp-content\/uploads\/2022\/11\/visuel-chaussure-chewinggum-768x715.jpg 768w\" sizes=\"(max-width: 870px) 100vw, 870px\" \/><\/figure>\n<\/div>\n\n\n\n<div class=\"wp-block-column is-vertically-aligned-center padding is-layout-flow wp-block-column-is-layout-flow\" style=\"flex-basis:50%\">\n<h2 class=\"wp-block-heading\"><strong><strong>Ein einfacher Schritt<\/strong><\/strong><br><strong><mark style=\"background-color:rgba(0, 0, 0, 0)\" class=\"has-inline-color has-freegum-color\">f\u00fcr alle Einrichtungen<\/mark><\/strong><\/h2>\n\n\n\n<p class=\"has-large-font-size\"><strong><strong>Unternehmen, K\u00f6rperschaften, Veranstaltungen&#8230;<\/strong>.<\/strong><\/p>\n\n\n\n<h2 class=\"wp-block-heading\">Ihre Ausgangslage<\/h2>\n\n\n\n<ul class=\"liste-fleche-gum wp-block-list\">\n<li><strong>Sie wollen Ihre Mitarbeiter, Sch\u00fcler&#8230; \u00fcber die Umweltauswirkungen von Kaugummis aufkl\u00e4ren<\/strong><\/li>\n\n\n\n<li><strong>Sie m\u00f6chten sich mit der freegum-L\u00f6sung ausstatten <\/strong><\/li>\n\n\n\n<li><strong>Sie m\u00f6chten die Umweltauswirkungen Ihres Unternehmens, Ihrer Kommune oder Ihrer Veranstaltung reduzieren.<\/strong><\/li>\n<\/ul>\n<\/div>\n<\/div>\n\n\n\n<div class=\"wp-block-columns is-layout-flex wp-container-core-columns-is-layout-9d6595d7 wp-block-columns-is-layout-flex\">\n<div class=\"wp-block-column is-layout-flow wp-block-column-is-layout-flow\" style=\"flex-basis:5%\"><\/div>\n\n\n\n<div class=\"wp-block-column is-layout-flow wp-block-column-is-layout-flow\" style=\"flex-basis:90%\">\n<p><strong><strong>Wie kann man mit der Einf\u00fchrung einer L\u00f6sung f\u00fcr die Abfallentsorgung beginnen?<\/strong><\/strong><\/p>\n<\/div>\n\n\n\n<div class=\"wp-block-column is-layout-flow wp-block-column-is-layout-flow\" style=\"flex-basis:5%\"><\/div>\n<\/div>\n\n\n\n<div class=\"wp-block-columns is-layout-flex wp-container-core-columns-is-layout-9d6595d7 wp-block-columns-is-layout-flex\"><\/div>\n\n\n\n<div class=\"wp-block-columns is-layout-flex wp-container-core-columns-is-layout-9d6595d7 wp-block-columns-is-layout-flex\">\n<div class=\"wp-block-column is-layout-flow wp-block-column-is-layout-flow\" style=\"flex-basis:5px\"><\/div>\n\n\n\n<div class=\"wp-block-column is-layout-flow wp-block-column-is-layout-flow\">\n<p class=\"has-huge-font-size\"><strong><mark style=\"background-color:rgba(0, 0, 0, 0)\" class=\"has-inline-color has-ecomegot-color\">1.<\/mark><\/strong><\/p>\n\n\n\n<p class=\"has-large-font-size\"><strong>Definieren Sie Ihre Ziele<\/strong><\/p>\n\n\n\n<p>Bevor Sie beginnen, ist es wichtig, dass Sie Ihre Ziele und Erwartungen klar definieren. Welche Ergebnisse m\u00f6chten Sie erzielen? Welche Vorteile erwarten Sie von der Einf\u00fchrung der freegum-L\u00f6sung?<\/p>\n<\/div>\n\n\n\n<div class=\"wp-block-column is-layout-flow wp-block-column-is-layout-flow\">\n<p class=\"has-huge-font-size\"><strong><mark style=\"background-color:rgba(0, 0, 0, 0)\" class=\"has-inline-color has-rmask-color\">2.<\/mark><\/strong><\/p>\n\n\n\n<p class=\"has-large-font-size\"><strong>Beurteilen Sie Ihre aktuelle Situation<\/strong><\/p>\n\n\n\n<p>Nachdem Sie Ihre Ziele festgelegt haben, ist es wichtig, Ihre aktuelle Situation einzusch\u00e4tzen. Welche Probleme im Zusammenhang mit der Verschmutzung durch Kaugummis treten bei Ihnen auf? Welche Ma\u00dfnahmen haben Sie ergriffen, um diese zu l\u00f6sen?<\/p>\n<\/div>\n\n\n\n<div class=\"wp-block-column is-layout-flow wp-block-column-is-layout-flow\">\n<p class=\"has-huge-font-size\"><strong><mark style=\"background-color:rgba(0, 0, 0, 0)\" class=\"has-inline-color has-ecomegot-color\">3.<\/mark><\/strong><\/p>\n\n\n\n<p class=\"has-large-font-size\"><strong>W\u00e4hlen Sie eine freegum-L\u00f6sung aus<\/strong><\/p>\n\n\n\n<p>Nach der Einsch\u00e4tzung Ihrer Ausgangslage ist es an der Zeit, die freegum-L\u00f6sung auszuw\u00e4hlen, die Ihren Bed\u00fcrfnissen am besten entspricht. Wir bieten L\u00f6sungen, die f\u00fcr alle Einrichtungen geeignet sind, unabh\u00e4ngig von ihrem Sektor (\u00f6ffentlich oder privat), ihrer Gr\u00f6\u00dfe und ihrem Budget.<\/p>\n<\/div>\n\n\n\n<div class=\"wp-block-column is-layout-flow wp-block-column-is-layout-flow\" style=\"flex-basis:5px\"><\/div>\n<\/div>\n\n\n\n<div class=\"wp-block-columns is-layout-flex wp-container-core-columns-is-layout-9d6595d7 wp-block-columns-is-layout-flex\">\n<div class=\"wp-block-column is-layout-flow wp-block-column-is-layout-flow\" style=\"flex-basis:5px\"><\/div>\n\n\n\n<div class=\"wp-block-column is-layout-flow wp-block-column-is-layout-flow\">\n<p class=\"has-huge-font-size\"><strong><mark style=\"background-color:rgba(0, 0, 0, 0)\" class=\"has-inline-color has-ecomegot-color\">4.<\/mark><\/strong><\/p>\n\n\n\n<p class=\"has-large-font-size\"><strong>Die freegum-L\u00f6sung einf\u00fchren<\/strong><\/p>\n\n\n\n<p>Jetzt ist es an der Zeit, die L\u00f6sung einzurichten. Wir bieten Installationsdienste und Aufkl\u00e4rungsma\u00dfnahmen an, um Ihnen zu helfen, die Verschmutzung durch Kaugummis in Ihrer Einrichtung zu verringern.<\/p>\n<\/div>\n\n\n\n<div class=\"wp-block-column is-layout-flow wp-block-column-is-layout-flow\">\n<p class=\"has-huge-font-size\"><strong><mark style=\"background-color:rgba(0, 0, 0, 0)\" class=\"has-inline-color has-rmask-color\">5.<\/mark><\/strong><\/p>\n\n\n\n<p class=\"has-large-font-size\"><strong>Nachverfolgbarkeit und Evaluation<\/strong><\/p>\n\n\n\n<p>Sobald die freegum-L\u00f6sung eingerichtet wurde, ist es wichtig, ihre Ergebnisse zu verfolgen und zu evaluieren. Wir stellen Ihnen Tools zur Verf\u00fcgung, mit denen Sie die Nutzung der L\u00f6sung verfolgen und ihre Auswirkungen auf die Umwelt und auf Ihre Einrichtung messen k\u00f6nnen.<\/p>\n<\/div>\n\n\n\n<div class=\"wp-block-column is-layout-flow wp-block-column-is-layout-flow\">\n<p class=\"has-text-align-center has-huge-font-size\"><\/p>\n\n\n\n<p><\/p>\n\n\n<div class=\"wp-block-image\">\n<figure class=\"aligncenter size-large is-resized\"><img loading=\"lazy\" decoding=\"async\" src=\"https:\/\/keenat.de\/wp-content\/uploads\/2022\/11\/icone-chiffre-3.svg\" alt=\"\" class=\"wp-image-30\" style=\"width:162px;height:166px\" width=\"162\" height=\"166\"\/><\/figure>\n<\/div><\/div>\n\n\n\n<div class=\"wp-block-column is-layout-flow wp-block-column-is-layout-flow\" style=\"flex-basis:5px\"><\/div>\n<\/div>\n","protected":false},"excerpt":{"rendered":"<p>Kaugummis Sensibilisierung&amp; Sammlung Wir haben eine&nbsp;innovative L\u00f6sung&nbsp;f\u00fcr die Handhabung von Kaugummis entwickelt freegum ist eine innovative L\u00f6sung zur Verringerung der Umweltverschmutzung durch Kaugummis und zur Wiederverwertung dieser Abf\u00e4lle. Sie basiert auf den 3 S\u00e4ulen Sensibilisierung, Sammlung und Wiederverwertung, die es \u00f6ffentlichen und privaten Einrichtungen erm\u00f6glicht, ihre Umweltauswirkungen zu reduzieren und zur Sauberhaltung \u00f6ffentlicher R\u00e4ume beizutragen. [&hellip;]<\/p>\n","protected":false},"author":3,"featured_media":0,"parent":0,"menu_order":0,"comment_status":"closed","ping_status":"closed","template":"","meta":{"_seopress_robots_primary_cat":"","inline_featured_image":false,"footnotes":""},"class_list":["post-1161","page","type-page","status-publish"],"_links":{"self":[{"href":"https:\/\/keenat.de\/index.php?rest_route=\/wp\/v2\/pages\/1161","targetHints":{"allow":["GET"]}}],"collection":[{"href":"https:\/\/keenat.de\/index.php?rest_route=\/wp\/v2\/pages"}],"about":[{"href":"https:\/\/keenat.de\/index.php?rest_route=\/wp\/v2\/types\/page"}],"author":[{"embeddable":true,"href":"https:\/\/keenat.de\/index.php?rest_route=\/wp\/v2\/users\/3"}],"replies":[{"embeddable":true,"href":"https:\/\/keenat.de\/index.php?rest_route=%2Fwp%2Fv2%2Fcomments&post=1161"}],"version-history":[{"count":43,"href":"https:\/\/keenat.de\/index.php?rest_route=\/wp\/v2\/pages\/1161\/revisions"}],"predecessor-version":[{"id":2180,"href":"https:\/\/keenat.de\/index.php?rest_route=\/wp\/v2\/pages\/1161\/revisions\/2180"}],"wp:attachment":[{"href":"https:\/\/keenat.de\/index.php?rest_route=%2Fwp%2Fv2%2Fmedia&parent=1161"}],"curies":[{"name":"wp","href":"https:\/\/api.w.org\/{rel}","templated":true}]}}