{"id":1138,"date":"2022-11-16T14:20:25","date_gmt":"2022-11-16T13:20:25","guid":{"rendered":"https:\/\/keenat.de\/?page_id=1138"},"modified":"2023-09-07T11:03:03","modified_gmt":"2023-09-07T09:03:03","slug":"recycling","status":"publish","type":"page","link":"https:\/\/keenat.de\/?page_id=1138","title":{"rendered":"Recycling von Einwegmasken"},"content":{"rendered":"\n<div class=\"wp-block-columns are-vertically-aligned-center section-image-texte reverse-colonne is-layout-flex wp-container-core-columns-is-layout-9d6595d7 wp-block-columns-is-layout-flex\">\n<div class=\"wp-block-column is-vertically-aligned-center padding is-layout-flow wp-block-column-is-layout-flow\" style=\"flex-basis:50%\">\n<p class=\"has-large-font-size\"><strong><mark style=\"background-color:rgba(0, 0, 0, 0)\" class=\"has-inline-color has-rmask-color\">Einwegmasken und Pers\u00f6nliche Schutzausr\u00fcstung (PSA)<\/mark><\/strong><\/p>\n\n\n\n<p><strong><mark style=\"background-color:rgba(0, 0, 0, 0)\" class=\"has-inline-color has-principale-color\">Recycling von Einwegmasken:<\/mark><br><mark style=\"background-color:rgba(0, 0, 0, 0)\" class=\"has-inline-color has-rmask-color\">Ein innovatives und nachhaltiges Verfahren<\/mark><\/strong><\/p>\n\n\n\n<p><br>Die Tatsache, dass Einwegmasken aus Kunststoff bestehen, macht diesen Abfall zu einer gro\u00dfen Herausforderung im Kampf gegen Umweltverschmutzung.  Unser Ziel ist es, die Anzahl der Masken, die auf die Stra\u00dfe und in die Natur geworfen werden, massiv zu reduzieren. Deshalb haben wir eine innovative L\u00f6sung f\u00fcr das Recycling von Einwegmasken aus Kunststoff entwickelt. <br><br>Keenat baut seine eigene Verwertungskette f\u00fcr das Recycling von Einwegmasken auf. Ein Teil der Verarbeitungsst\u00e4tten befindet sich in der N\u00e4he des Firmensitzes in Bordeaux, Frankreich. <\/p>\n<\/div>\n\n\n\n<div class=\"wp-block-column is-vertically-aligned-center is-layout-flow wp-block-column-is-layout-flow\" style=\"flex-basis:50%\">\n<figure class=\"wp-block-image size-large\"><img fetchpriority=\"high\" decoding=\"async\" width=\"985\" height=\"1024\" src=\"https:\/\/keenat.de\/wp-content\/uploads\/2023\/03\/panneau-recycle-masque-keenat-985x1024.png\" alt=\"panneau recycle masque keenat\" class=\"wp-image-2034\" srcset=\"https:\/\/keenat.de\/wp-content\/uploads\/2023\/03\/panneau-recycle-masque-keenat-985x1024.png 985w, https:\/\/keenat.de\/wp-content\/uploads\/2023\/03\/panneau-recycle-masque-keenat-289x300.png 289w, https:\/\/keenat.de\/wp-content\/uploads\/2023\/03\/panneau-recycle-masque-keenat-768x798.png 768w, https:\/\/keenat.de\/wp-content\/uploads\/2023\/03\/panneau-recycle-masque-keenat.png 1443w\" sizes=\"(max-width: 985px) 100vw, 985px\" \/><\/figure>\n<\/div>\n<\/div>\n\n\n\n<div class=\"wp-block-group padding-small has-rmask-background-color has-background\"><div class=\"wp-block-group__inner-container is-layout-constrained wp-block-group-is-layout-constrained\">\n<div class=\"wp-block-columns are-vertically-aligned-top container is-layout-flex wp-container-core-columns-is-layout-9d6595d7 wp-block-columns-is-layout-flex\">\n<div class=\"wp-block-column is-vertically-aligned-top is-layout-flow wp-block-column-is-layout-flow\" style=\"flex-basis:45%\">\n<h2 class=\"wp-block-heading\"><strong><mark style=\"background-color:rgba(0, 0, 0, 0)\" class=\"has-inline-color has-blanc-color\">Wie funktioniert das Recycling?<\/mark><\/strong><\/h2>\n\n\n\n<hr class=\"wp-block-separator has-text-color has-blanc-color has-alpha-channel-opacity has-blanc-background-color has-background\"\/>\n\n\n\n<p class=\"image-texte has-large-font-size\"><img decoding=\"async\" width=\"40\" height=\"25\" class=\"wp-image-1154\" style=\"width: 40px;\" src=\"https:\/\/keenat.de\/wp-content\/uploads\/2022\/11\/feuille-recyclage-blanc.svg\" alt=\"\"><strong><mark style=\"background-color:rgba(0, 0, 0, 0)\" class=\"has-inline-color has-blanc-color\">Recycling ohne Wasser oder L\u00f6sungsmittel<\/mark><\/strong><\/p>\n\n\n\n<p class=\"image-texte has-large-font-size\"><img decoding=\"async\" width=\"40\" height=\"30\" class=\"wp-image-1156\" style=\"width: 40px;\" src=\"https:\/\/keenat.de\/wp-content\/uploads\/2022\/11\/icone-maison-blanche-1.svg\" alt=\"\"><strong><mark style=\"background-color:rgba(0, 0, 0, 0)\" class=\"has-inline-color has-blanc-color\">Wir recyceln in unseren Werkst\u00e4tten in Bordeaux<\/mark><\/strong><\/p>\n\n\n\n<p class=\"image-texte has-large-font-size\"><img loading=\"lazy\" decoding=\"async\" width=\"40\" height=\"41\" class=\"wp-image-1157\" style=\"width: 40px;\" src=\"https:\/\/keenat.de\/wp-content\/uploads\/2022\/11\/icone-brevet-blanc-1.svg\" alt=\"\"><strong><mark style=\"background-color:rgba(0, 0, 0, 0)\" class=\"has-inline-color has-blanc-color\">Patent eingereicht<\/mark><\/strong><\/p>\n<\/div>\n\n\n\n<div class=\"wp-block-column is-vertically-aligned-top is-layout-flow wp-block-column-is-layout-flow\" style=\"flex-basis:55%\">\n<div class=\"wp-block-columns is-layout-flex wp-container-core-columns-is-layout-9d6595d7 wp-block-columns-is-layout-flex\">\n<div class=\"wp-block-column is-layout-flow wp-block-column-is-layout-flow\">\n<p><strong>Schritt 1<\/strong><br><strong><mark style=\"background-color:rgba(0, 0, 0, 0)\" class=\"has-inline-color has-blanc-color\">Trennung und Sortierung<\/mark><\/strong><\/p>\n\n\n\n<figure class=\"wp-block-image size-full is-resized no-marge\"><img loading=\"lazy\" decoding=\"async\" src=\"https:\/\/keenat.de\/wp-content\/uploads\/2023\/03\/tri-masques-keenat.png\" alt=\"tri masques keenat\" class=\"wp-image-2040\" style=\"width:163px;height:170px\" width=\"163\" height=\"170\" srcset=\"https:\/\/keenat.de\/wp-content\/uploads\/2023\/03\/tri-masques-keenat.png 476w, https:\/\/keenat.de\/wp-content\/uploads\/2023\/03\/tri-masques-keenat-288x300.png 288w\" sizes=\"(max-width: 163px) 100vw, 163px\" \/><\/figure>\n<\/div>\n\n\n\n<div class=\"wp-block-column is-layout-flow wp-block-column-is-layout-flow\">\n<p><strong>Schritt 2<\/strong><br><strong><mark style=\"background-color:rgba(0, 0, 0, 0)\" class=\"has-inline-color has-blanc-color\">Zerkleinerung und Entgiftung<\/mark><\/strong><\/p>\n\n\n\n<figure class=\"wp-block-image size-full is-resized no-marge\"><img loading=\"lazy\" decoding=\"async\" src=\"https:\/\/keenat.de\/wp-content\/uploads\/2023\/03\/photo-masque-broye-keenat.jpg\" alt=\"photo masque broye keenat\" class=\"wp-image-2042\" style=\"width:168px;height:174px\" width=\"168\" height=\"174\" srcset=\"https:\/\/keenat.de\/wp-content\/uploads\/2023\/03\/photo-masque-broye-keenat.jpg 722w, https:\/\/keenat.de\/wp-content\/uploads\/2023\/03\/photo-masque-broye-keenat-289x300.jpg 289w\" sizes=\"(max-width: 168px) 100vw, 168px\" \/><\/figure>\n<\/div>\n<\/div>\n\n\n\n<div class=\"wp-block-columns is-layout-flex wp-container-core-columns-is-layout-9d6595d7 wp-block-columns-is-layout-flex\">\n<div class=\"wp-block-column is-layout-flow wp-block-column-is-layout-flow\">\n<p><strong>Schritt 3<\/strong><br><strong><mark style=\"background-color:rgba(0, 0, 0, 0)\" class=\"has-inline-color has-blanc-color\">Thermo-Kompression<\/mark><\/strong><\/p>\n\n\n\n<figure class=\"wp-block-image size-full is-resized no-marge\"><img loading=\"lazy\" decoding=\"async\" src=\"https:\/\/keenat.de\/wp-content\/uploads\/2023\/03\/photo-plaque-masques.jpg\" alt=\"photo plaque masques\" class=\"wp-image-2044\" style=\"width:167px;height:167px\" width=\"167\" height=\"167\" srcset=\"https:\/\/keenat.de\/wp-content\/uploads\/2023\/03\/photo-plaque-masques.jpg 747w, https:\/\/keenat.de\/wp-content\/uploads\/2023\/03\/photo-plaque-masques-300x300.jpg 300w, https:\/\/keenat.de\/wp-content\/uploads\/2023\/03\/photo-plaque-masques-150x150.jpg 150w\" sizes=\"(max-width: 167px) 100vw, 167px\" \/><\/figure>\n<\/div>\n\n\n\n<div class=\"wp-block-column is-layout-flow wp-block-column-is-layout-flow\">\n<p><strong>Schritt 4<\/strong><br><strong><mark style=\"background-color:rgba(0, 0, 0, 0)\" class=\"has-inline-color has-blanc-color\">Erzeugung von Schildern<\/mark><\/strong><\/p>\n\n\n\n<figure class=\"wp-block-image size-full is-resized no-marge\"><img loading=\"lazy\" decoding=\"async\" src=\"https:\/\/keenat.de\/wp-content\/uploads\/2023\/03\/panneau-recycle-mask-1.jpg\" alt=\"panneau recycle mask 1\" class=\"wp-image-2043\" style=\"width:168px;height:169px\" width=\"168\" height=\"169\" srcset=\"https:\/\/keenat.de\/wp-content\/uploads\/2023\/03\/panneau-recycle-mask-1.jpg 742w, https:\/\/keenat.de\/wp-content\/uploads\/2023\/03\/panneau-recycle-mask-1-297x300.jpg 297w, https:\/\/keenat.de\/wp-content\/uploads\/2023\/03\/panneau-recycle-mask-1-150x150.jpg 150w\" sizes=\"(max-width: 168px) 100vw, 168px\" \/><\/figure>\n<\/div>\n<\/div>\n<\/div>\n<\/div>\n<\/div><\/div>\n\n\n\n<div class=\"wp-block-columns are-vertically-aligned-center section-image-texte is-layout-flex wp-container-core-columns-is-layout-9d6595d7 wp-block-columns-is-layout-flex\">\n<div class=\"wp-block-column is-vertically-aligned-center is-layout-flow wp-block-column-is-layout-flow\" style=\"flex-basis:50%\">\n<figure class=\"wp-block-image size-large\"><img loading=\"lazy\" decoding=\"async\" width=\"1017\" height=\"1024\" src=\"https:\/\/keenat.de\/wp-content\/uploads\/2023\/03\/broyat-masque-keenat-1017x1024.png\" alt=\"broyat masque keenat\" class=\"wp-image-2032\" srcset=\"https:\/\/keenat.de\/wp-content\/uploads\/2023\/03\/broyat-masque-keenat-1017x1024.png 1017w, https:\/\/keenat.de\/wp-content\/uploads\/2023\/03\/broyat-masque-keenat-298x300.png 298w, https:\/\/keenat.de\/wp-content\/uploads\/2023\/03\/broyat-masque-keenat-150x150.png 150w, https:\/\/keenat.de\/wp-content\/uploads\/2023\/03\/broyat-masque-keenat-768x773.png 768w, https:\/\/keenat.de\/wp-content\/uploads\/2023\/03\/broyat-masque-keenat.png 1490w\" sizes=\"(max-width: 1017px) 100vw, 1017px\" \/><\/figure>\n<\/div>\n\n\n\n<div class=\"wp-block-column is-vertically-aligned-center padding is-layout-flow wp-block-column-is-layout-flow\" style=\"flex-basis:50%\">\n<h2 class=\"wp-block-heading\"><strong><mark style=\"background-color:rgba(0, 0, 0, 0)\" class=\"has-inline-color has-principale-color\">Ein<\/mark> <mark style=\"background-color:rgba(0, 0, 0, 0)\" class=\"has-inline-color has-rmask-color\">umweltfreundliches<\/mark> <mark style=\"background-color:rgba(0, 0, 0, 0)\" class=\"has-inline-color has-principale-color\">Recyclingkonzept<\/mark><\/strong><\/h2>\n\n\n\n<p>Das Recycling der Masken folgt einer Logik des \u00d6ko-Designs und der \u00f6konomischen Funktionalit\u00e4t: Uns geht es darum, Verantwortung f\u00fcr das Lebensende der Produkte zu \u00fcbernehmen, damit die neu entstehenden Ressourcen nicht ihrerseits zu einem potenziellen Abfall werden, der m\u00f6glicherweise nicht recycelt wird.<\/p>\n\n\n\n<h3 class=\"wp-block-heading\"><strong>Wie funktioniert das?<\/strong><\/h3>\n\n\n\n<p><strong>Durch das in den Einwegmasken enthaltene Plastik sind wir in der Lage, die Masken in Plastikschilder umzuwandeln, die wir mit Botschaften bedrucken, die der Sensibilisierung f\u00fcr Umweltfolgen von Plastikm\u00fcll dienen. <\/strong><br><br>Konkret hei\u00dft das, dass wir die mit benutzten Masken gef\u00fcllten Boxen unausgepackt in Empfang nehmen und zun\u00e4chst 30 Tage lang in unserer Werkstatt lagern. Die Masken werden dann zusammen mit dem Gummiband und dem Metallsteg zu Flocken zerkleinert. Mithilfe einer Magnetenvorrichtung werden die Metallsp\u00e4ne vom Rest getrennt. Die Gummib\u00e4nder werden zugunsten eines optimierten Prozesses und einer Maximierung des weiterverwerteten Materials zusammen mit dem Polypropylen recycelt. Das Metall wird von spezifischen Akteuren der Metallbranche recycelt. <\/p>\n\n\n\n<p><\/p>\n<\/div>\n<\/div>\n\n\n\n<figure class=\"wp-block-image size-large image-full no-marge\"><img loading=\"lazy\" decoding=\"async\" width=\"1024\" height=\"564\" src=\"https:\/\/keenat.de\/wp-content\/uploads\/2023\/03\/panneau-recycle-rmask-all-1-1024x564.jpg\" alt=\"panneau recycle rmask all 1\" class=\"wp-image-2033\" srcset=\"https:\/\/keenat.de\/wp-content\/uploads\/2023\/03\/panneau-recycle-rmask-all-1-1024x564.jpg 1024w, https:\/\/keenat.de\/wp-content\/uploads\/2023\/03\/panneau-recycle-rmask-all-1-300x165.jpg 300w, https:\/\/keenat.de\/wp-content\/uploads\/2023\/03\/panneau-recycle-rmask-all-1-768x423.jpg 768w, https:\/\/keenat.de\/wp-content\/uploads\/2023\/03\/panneau-recycle-rmask-all-1-1536x846.jpg 1536w, https:\/\/keenat.de\/wp-content\/uploads\/2023\/03\/panneau-recycle-rmask-all-1-2048x1128.jpg 2048w\" sizes=\"(max-width: 1024px) 100vw, 1024px\" \/><\/figure>\n\n\n\n<div class=\"wp-block-group padding-xsmall has-rmask-background-color has-background\"><div class=\"wp-block-group__inner-container is-layout-constrained wp-block-group-is-layout-constrained\">\n<p class=\"has-text-align-center has-large-font-size\"><mark style=\"background-color:rgba(0, 0, 0, 0)\" class=\"has-inline-color has-blanc-color\"><strong>Beispiel f\u00fcr ein umweltfreundliches Sensibilisierungsschild aus recycelten Masken<\/strong><\/mark><\/p>\n<\/div><\/div>\n","protected":false},"excerpt":{"rendered":"<p>Einwegmasken und Pers\u00f6nliche Schutzausr\u00fcstung (PSA) Recycling von Einwegmasken:Ein innovatives und nachhaltiges Verfahren Die Tatsache, dass Einwegmasken aus Kunststoff bestehen, macht diesen Abfall zu einer gro\u00dfen Herausforderung im Kampf gegen Umweltverschmutzung. Unser Ziel ist es, die Anzahl der Masken, die auf die Stra\u00dfe und in die Natur geworfen werden, massiv zu reduzieren. Deshalb haben wir eine [&hellip;]<\/p>\n","protected":false},"author":3,"featured_media":0,"parent":948,"menu_order":0,"comment_status":"closed","ping_status":"closed","template":"","meta":{"_seopress_robots_primary_cat":"","inline_featured_image":false,"footnotes":""},"class_list":["post-1138","page","type-page","status-publish"],"_links":{"self":[{"href":"https:\/\/keenat.de\/index.php?rest_route=\/wp\/v2\/pages\/1138","targetHints":{"allow":["GET"]}}],"collection":[{"href":"https:\/\/keenat.de\/index.php?rest_route=\/wp\/v2\/pages"}],"about":[{"href":"https:\/\/keenat.de\/index.php?rest_route=\/wp\/v2\/types\/page"}],"author":[{"embeddable":true,"href":"https:\/\/keenat.de\/index.php?rest_route=\/wp\/v2\/users\/3"}],"replies":[{"embeddable":true,"href":"https:\/\/keenat.de\/index.php?rest_route=%2Fwp%2Fv2%2Fcomments&post=1138"}],"version-history":[{"count":27,"href":"https:\/\/keenat.de\/index.php?rest_route=\/wp\/v2\/pages\/1138\/revisions"}],"predecessor-version":[{"id":2231,"href":"https:\/\/keenat.de\/index.php?rest_route=\/wp\/v2\/pages\/1138\/revisions\/2231"}],"up":[{"embeddable":true,"href":"https:\/\/keenat.de\/index.php?rest_route=\/wp\/v2\/pages\/948"}],"wp:attachment":[{"href":"https:\/\/keenat.de\/index.php?rest_route=%2Fwp%2Fv2%2Fmedia&parent=1138"}],"curies":[{"name":"wp","href":"https:\/\/api.w.org\/{rel}","templated":true}]}}