{"id":1082,"date":"2022-11-16T08:52:20","date_gmt":"2022-11-16T07:52:20","guid":{"rendered":"https:\/\/keenat.de\/?page_id=1082"},"modified":"2023-09-07T11:09:54","modified_gmt":"2023-09-07T09:09:54","slug":"sammlung-behaelter-masken","status":"publish","type":"page","link":"https:\/\/keenat.de\/?page_id=1082","title":{"rendered":"Sammlung und Beh\u00e4lter f\u00fcr Einwegmasken"},"content":{"rendered":"\n<div class=\"wp-block-columns are-vertically-aligned-center section-image-texte reverse-colonne is-layout-flex wp-container-core-columns-is-layout-9d6595d7 wp-block-columns-is-layout-flex\">\n<div class=\"wp-block-column is-vertically-aligned-center padding is-layout-flow wp-block-column-is-layout-flow\" style=\"flex-basis:50%\">\n<p class=\"has-large-font-size\"><strong>Einwegmasken und PSA<\/strong><\/p>\n\n\n\n<h1 class=\"wp-block-heading\"><strong>Sammlung und Beh\u00e4lter <mark style=\"background-color:rgba(0, 0, 0, 0)\" class=\"has-inline-color has-rmask-color\">f\u00fcr Einwegmasken<\/mark><\/strong><\/h1>\n\n\n\n<p>Wollen Sie in Innenr\u00e4umen oder im Freien Einwegmasken sammeln? Wir haben spezielle Beh\u00e4lter f\u00fcr jede Umgebung entwickelt.<br><br>Nach der Sensibiliserung der B\u00fcrgerinnen und B\u00fcrger und der Aufstellung von Sammelboxen in Gemeinden und Unternehmen werden die Masken gesammelt und anschlie\u00dfend recycelt.<br><\/p>\n<\/div>\n\n\n\n<div class=\"wp-block-column is-vertically-aligned-center is-layout-flow wp-block-column-is-layout-flow\" style=\"flex-basis:50%\">\n<figure class=\"wp-block-image size-large\"><img fetchpriority=\"high\" decoding=\"async\" width=\"1024\" height=\"673\" src=\"https:\/\/keenat.de\/wp-content\/uploads\/2023\/03\/pav-masque-a-ll-1024x673.jpg\" alt=\"pav masque a ll\" class=\"wp-image-2048\" srcset=\"https:\/\/keenat.de\/wp-content\/uploads\/2023\/03\/pav-masque-a-ll-1024x673.jpg 1024w, https:\/\/keenat.de\/wp-content\/uploads\/2023\/03\/pav-masque-a-ll-300x197.jpg 300w, https:\/\/keenat.de\/wp-content\/uploads\/2023\/03\/pav-masque-a-ll-768x505.jpg 768w, https:\/\/keenat.de\/wp-content\/uploads\/2023\/03\/pav-masque-a-ll.jpg 1141w\" sizes=\"(max-width: 1024px) 100vw, 1024px\" \/><\/figure>\n<\/div>\n<\/div>\n\n\n\n<div class=\"wp-block-columns are-vertically-aligned-center section-image-texte is-layout-flex wp-container-core-columns-is-layout-9d6595d7 wp-block-columns-is-layout-flex\">\n<div class=\"wp-block-column is-vertically-aligned-center is-layout-flow wp-block-column-is-layout-flow\" style=\"flex-basis:50%\">\n<figure class=\"wp-block-image size-large\"><img decoding=\"async\" width=\"566\" height=\"1024\" src=\"https:\/\/keenat.de\/wp-content\/uploads\/2023\/03\/photo-box-rmask-allemage-site-kn-600x800-px-1-566x1024.jpg\" alt=\"photo box rmask allemage site kn 600x800 px 1\" class=\"wp-image-2028\" srcset=\"https:\/\/keenat.de\/wp-content\/uploads\/2023\/03\/photo-box-rmask-allemage-site-kn-600x800-px-1-566x1024.jpg 566w, https:\/\/keenat.de\/wp-content\/uploads\/2023\/03\/photo-box-rmask-allemage-site-kn-600x800-px-1-166x300.jpg 166w, https:\/\/keenat.de\/wp-content\/uploads\/2023\/03\/photo-box-rmask-allemage-site-kn-600x800-px-1-768x1390.jpg 768w, https:\/\/keenat.de\/wp-content\/uploads\/2023\/03\/photo-box-rmask-allemage-site-kn-600x800-px-1.jpg 829w\" sizes=\"(max-width: 566px) 100vw, 566px\" \/><\/figure>\n<\/div>\n\n\n\n<div class=\"wp-block-column is-vertically-aligned-center padding is-layout-flow wp-block-column-is-layout-flow\" style=\"flex-basis:50%\">\n<h2 class=\"wp-block-heading\"><strong>Boxen und \u00f6ffentliche Sammelstellen: <mark style=\"background-color:rgba(0, 0, 0, 0)\" class=\"has-inline-color has-rmask-color\">Eine schl\u00fcsselfertige und unverbindliche L\u00f6sung<\/mark><\/strong><\/h2>\n\n\n\n<p>Die R&rsquo;Mask-Sammelboxen werden Ihnen gefaltet in einem Schutzkarton auf einer Palette geliefert und sind sehr einfach selbst aufzubauen. Sie werden geliefert mit:<\/p>\n\n\n\n<ul class=\"liste-fleche-rmask wp-block-list\">\n<li>2 Nachf\u00fcllkartons pro bestellter Box mit der Plastikt\u00fcte, die in der Box angebracht werden soll (doppelt verpackt zur Einhaltung der Gesundheitsauflagen)<\/li>\n\n\n\n<li>Aufbauanleitung f\u00fcr die Boxen<\/li>\n\n\n\n<li>2 Sensibilisierungsplakaten<\/li>\n<\/ul>\n\n\n\n<h3 class=\"wp-block-heading\"><strong><mark style=\"background-color:rgba(0, 0, 0, 0)\" class=\"has-inline-color has-rmask-color\">3 gute Gr\u00fcnde<\/mark>, Einwegmasken mit Keenat zu sammeln:<\/strong><\/h3>\n\n\n\n<p><strong><mark style=\"background-color:rgba(0, 0, 0, 0)\" class=\"has-inline-color has-rmask-color\">Einfache<\/mark> und<mark style=\"background-color:rgba(0, 0, 0, 0)\" class=\"has-inline-color has-rmask-color\"> effektive<\/mark> Sammlung der Masken<\/strong><\/p>\n\n\n\n<p>Schlie\u00dfen Sie einfach den Plastikbeutel, sobald er voll ist, und verschlie\u00dfen Sie den Nachf\u00fcllkarton.<\/p>\n\n\n\n<p><strong><mark style=\"background-color:rgba(0, 0, 0, 0)\" class=\"has-inline-color has-rmask-color\">Nachf\u00fcllbare<\/mark> Sammlung von Masken<\/strong><\/p>\n\n\n\n<p>Bei Erhalt der Boxen werden Ihnen Nachf\u00fcllbeutel zur Verf\u00fcgung gestellt, so dass Sie sehr schnell erneut mit der Sammlung beginnen k\u00f6nnen.<\/p>\n\n\n\n<p><strong><mark style=\"background-color:rgba(0, 0, 0, 0)\" class=\"has-inline-color has-rmask-color\">Gesicherte<\/mark> Sammlung von Masken<\/strong><\/p>\n\n\n\n<p>Aufgrund der Einhaltung von Gesundheitsauflagen muss der volle Karton vor der Abholung, nachdem er verpackt wurde, 96 Stunden lang gelagert werden.<\/p>\n\n\n\n<h3 class=\"wp-block-heading\"><strong>Nachverfolgbarkeit und Transparenz<\/strong><\/h3>\n\n\n\n<p>Wir begleiten Sie ebenfalls bei der Frage, welche Sammeloptionen f\u00fcr Einwegmasken f\u00fcr Sie am besten geeignet und an Ihre Bed\u00fcrfnisse angepasst sind. Unabh\u00e4ngig von der gew\u00e4hlten Sammeloption garantieren wir Ihnen Nachverfolgbarkeit, Transparenz und die Einhaltung von Standards.<\/p>\n<\/div>\n<\/div>\n\n\n\n<div class=\"wp-block-columns are-vertically-aligned-center section-image-texte reverse-colonne has-principale-background-color has-background is-layout-flex wp-container-core-columns-is-layout-9d6595d7 wp-block-columns-is-layout-flex\">\n<div class=\"wp-block-column is-vertically-aligned-center padding is-layout-flow wp-block-column-is-layout-flow\" style=\"flex-basis:50%\">\n<h2 class=\"wp-block-heading has-blanc-color has-text-color\">Design und Eigenschaften der Boxen <\/h2>\n\n\n\n<h3 class=\"wp-block-heading has-blanc-color has-text-color has-large-font-size\"><strong><mark style=\"background-color:rgba(0, 0, 0, 0)\" class=\"has-inline-color has-blanc-color\">Das \u00d6ko-Design unserer Produkte<\/mark><\/strong><\/h3>\n\n\n\n<p class=\"has-blanc-color has-text-color\">Alle Boxen sind umweltfreundlich gestaltet, bestehen aus vollst\u00e4ndig recycelbaren Materialien und werden in Frankreich hergestellt. <\/p>\n\n\n\n<p class=\"has-blanc-color has-text-color\">Die Boxen bestehen aus Karton, sind zu 100% recycelbar und k\u00f6nnen am Ende ihrer Lebensdauer wiederverwendet werden.<\/p>\n\n\n\n<p class=\"has-blanc-color has-text-color\">Alle unsere Boxen k\u00f6nnen mit Ihrem Logo personalisiert werden.<\/p>\n\n\n\n<h3 class=\"wp-block-heading\"><strong><mark style=\"background-color:rgba(0, 0, 0, 0)\" class=\"has-inline-color has-blanc-color\">Einhaltung der Hygienevorschriften<\/mark><\/strong><\/h3>\n\n\n\n<p class=\"has-blanc-color has-text-color\">Die Boxen sind unter Beachtung der Hygienevorschriften konzipiert: sie enthalten eine doppelte Verpackung mit Nachf\u00fcllkarton und einen Plastikbeutel im Inneren der Box. Der Nutzer kommt so nie in direkten Kontakt mit dem Innenbeh\u00e4lter. Durch die doppelte Verpackung wird die Vorsammlung vor Ort durch die Reinigungskr\u00e4fte erleichtert.<\/p>\n\n\n\n<p class=\"has-blanc-color has-text-color\">Au\u00dferdem ist die \u00d6ffnung der Box auf die Masken abgestimmt und so konzipiert, dass sie bei der Abgabe nicht direkt mit der Box in Ber\u00fchrung kommen.<\/p>\n<\/div>\n\n\n\n<div class=\"wp-block-column is-vertically-aligned-center is-layout-flow wp-block-column-is-layout-flow\" style=\"flex-basis:50%\"><div class=\"wp-block-image\">\n<figure class=\"alignright size-large\"><img decoding=\"async\" width=\"602\" height=\"1024\" src=\"https:\/\/keenat.de\/wp-content\/uploads\/2023\/03\/pav-masque-allemand-602x1024.jpg\" alt=\"pav masque allemand\" class=\"wp-image-2046\" srcset=\"https:\/\/keenat.de\/wp-content\/uploads\/2023\/03\/pav-masque-allemand-602x1024.jpg 602w, https:\/\/keenat.de\/wp-content\/uploads\/2023\/03\/pav-masque-allemand-176x300.jpg 176w, https:\/\/keenat.de\/wp-content\/uploads\/2023\/03\/pav-masque-allemand.jpg 661w\" sizes=\"(max-width: 602px) 100vw, 602px\" \/><\/figure>\n<\/div><\/div>\n<\/div>\n\n\n\n<div class=\"wp-block-columns are-vertically-aligned-center section-image-texte is-layout-flex wp-container-core-columns-is-layout-9d6595d7 wp-block-columns-is-layout-flex\">\n<div class=\"wp-block-column is-vertically-aligned-center is-layout-flow wp-block-column-is-layout-flow\" style=\"flex-basis:50%\">\n<figure class=\"wp-block-image size-full\"><img loading=\"lazy\" decoding=\"async\" width=\"737\" height=\"729\" src=\"https:\/\/keenat.de\/wp-content\/uploads\/2022\/11\/visuel-full-masque.jpg\" alt=\"\" class=\"wp-image-1131\" srcset=\"https:\/\/keenat.de\/wp-content\/uploads\/2022\/11\/visuel-full-masque.jpg 737w, https:\/\/keenat.de\/wp-content\/uploads\/2022\/11\/visuel-full-masque-300x297.jpg 300w\" sizes=\"(max-width: 737px) 100vw, 737px\" \/><\/figure>\n<\/div>\n\n\n\n<div class=\"wp-block-column is-vertically-aligned-center padding is-layout-flow wp-block-column-is-layout-flow\" style=\"flex-basis:50%\">\n<h2 class=\"wp-block-heading\"><strong>Abfallbegleitschein  und Nachverfolgbarkeit<\/strong><\/h2>\n\n\n\n<p>Um die Nachverfolgbarkeit unserer Recyclingkette zu gew\u00e4hrleisten, wird Ihnen ein Abfallbegleitschein ausgeh\u00e4ndigt.<br><br>Au\u00dferdem stellen wir unseren Kunden einen Bericht zur Verf\u00fcgung, der folgende Informationen enth\u00e4lt:<\/p>\n\n\n\n<ul class=\"wp-block-list\">\n<li>Gesamtgewicht und Anzahl der gesammelten Einwegmasken<\/li>\n\n\n\n<li>Sammelorte und Datum der erfassten Sammlungen<\/li>\n\n\n\n<li>Daten pro Sammelstandort (wenn sich die Boxen an verschiedenen Standorten befinden)<\/li>\n<\/ul>\n\n\n\n<p>Es wird ein System der Produktr\u00fcckverfolgung nach dem Vorbild des Pfandsystems eingef\u00fchrt, um das Ende der Lebensdauer der recycelten Produkte auf der Grundlage der von uns gesammelten Masken zu kontrollieren.<\/p>\n<\/div>\n<\/div>\n","protected":false},"excerpt":{"rendered":"<p>Einwegmasken und PSA Sammlung und Beh\u00e4lter f\u00fcr Einwegmasken Wollen Sie in Innenr\u00e4umen oder im Freien Einwegmasken sammeln? Wir haben spezielle Beh\u00e4lter f\u00fcr jede Umgebung entwickelt. Nach der Sensibiliserung der B\u00fcrgerinnen und B\u00fcrger und der Aufstellung von Sammelboxen in Gemeinden und Unternehmen werden die Masken gesammelt und anschlie\u00dfend recycelt. Boxen und \u00f6ffentliche Sammelstellen: Eine schl\u00fcsselfertige und [&hellip;]<\/p>\n","protected":false},"author":3,"featured_media":0,"parent":948,"menu_order":0,"comment_status":"closed","ping_status":"closed","template":"","meta":{"_seopress_robots_primary_cat":"","inline_featured_image":false,"footnotes":""},"class_list":["post-1082","page","type-page","status-publish"],"_links":{"self":[{"href":"https:\/\/keenat.de\/index.php?rest_route=\/wp\/v2\/pages\/1082","targetHints":{"allow":["GET"]}}],"collection":[{"href":"https:\/\/keenat.de\/index.php?rest_route=\/wp\/v2\/pages"}],"about":[{"href":"https:\/\/keenat.de\/index.php?rest_route=\/wp\/v2\/types\/page"}],"author":[{"embeddable":true,"href":"https:\/\/keenat.de\/index.php?rest_route=\/wp\/v2\/users\/3"}],"replies":[{"embeddable":true,"href":"https:\/\/keenat.de\/index.php?rest_route=%2Fwp%2Fv2%2Fcomments&post=1082"}],"version-history":[{"count":52,"href":"https:\/\/keenat.de\/index.php?rest_route=\/wp\/v2\/pages\/1082\/revisions"}],"predecessor-version":[{"id":2212,"href":"https:\/\/keenat.de\/index.php?rest_route=\/wp\/v2\/pages\/1082\/revisions\/2212"}],"up":[{"embeddable":true,"href":"https:\/\/keenat.de\/index.php?rest_route=\/wp\/v2\/pages\/948"}],"wp:attachment":[{"href":"https:\/\/keenat.de\/index.php?rest_route=%2Fwp%2Fv2%2Fmedia&parent=1082"}],"curies":[{"name":"wp","href":"https:\/\/api.w.org\/{rel}","templated":true}]}}