{"id":1055,"date":"2022-11-16T08:31:14","date_gmt":"2022-11-16T07:31:14","guid":{"rendered":"https:\/\/keenat.de\/?page_id=1055"},"modified":"2023-09-07T11:12:54","modified_gmt":"2023-09-07T09:12:54","slug":"sensibilisierung-umweltfolgen-einwegmasken","status":"publish","type":"page","link":"https:\/\/keenat.de\/?page_id=1055","title":{"rendered":"Sensibilisierung f\u00fcr Umweltfolgen von Einwegmasken"},"content":{"rendered":"\n<div class=\"wp-block-columns are-vertically-aligned-center section-image-texte reverse-colonne is-layout-flex wp-container-core-columns-is-layout-9d6595d7 wp-block-columns-is-layout-flex\">\n<div class=\"wp-block-column is-vertically-aligned-center padding is-layout-flow wp-block-column-is-layout-flow\" style=\"flex-basis:50%\">\n<p class=\"has-large-font-size\"><strong><mark style=\"background-color:rgba(0, 0, 0, 0)\" class=\"has-inline-color has-rmask-color\">Einwegmasken und PSA<\/mark><\/strong><\/p>\n\n\n\n<h1 class=\"wp-block-heading\"><strong><mark style=\"background-color:rgba(0, 0, 0, 0)\" class=\"has-inline-color has-rmask-color\">Sensibilisierung<\/mark><\/strong> <strong><mark style=\"background-color:rgba(0, 0, 0, 0)\" class=\"has-inline-color has-principale-color\">f\u00fcr Umweltverschmutzung durch Einwegmasken<\/mark><\/strong><\/h1>\n\n\n\n<p>Bei Keenat arbeiten wir jeden Tag daran, Verhaltens\u00e4nderungen bei allen Menschen zu bewirken, um der Plastikverschmutzung, die unsere Umwelt bedroht, etwas entgegenzusetzen.<br><br>Unsere L\u00f6sung R&rsquo;Mask besteht aus vier S\u00e4ulen: Sensibilisierung, Installation von Sammelbeh\u00e4ltern, Sammlung sowie Recycling von Einwegmasken. Unsere Sensibilisierungsma\u00dfnahmen sorgen daf\u00fcr, die L\u00f6sung in Ihrem Unternehmen oder Ihrer Einrichtung tats\u00e4chlich wirksam werden zu lassen.<\/p>\n\n\n\n<p>Durch diese Ma\u00dfnahmen tr\u00e4gt jeder einzelne Mensch zum Umweltschutz bei und wird in die Lage versetzt, umweltbewusst zu handeln.<\/p>\n<\/div>\n\n\n\n<div class=\"wp-block-column is-vertically-aligned-center is-layout-flow wp-block-column-is-layout-flow\" style=\"flex-basis:50%\">\n<figure class=\"wp-block-image size-large\"><img fetchpriority=\"high\" decoding=\"async\" width=\"1024\" height=\"891\" src=\"https:\/\/keenat.de\/wp-content\/uploads\/2023\/03\/visuel-sensibilisation-pollution-masque2-1-1024x891.jpg\" alt=\"visuel sensibilisation pollution masque2 1\" class=\"wp-image-2018\" srcset=\"https:\/\/keenat.de\/wp-content\/uploads\/2023\/03\/visuel-sensibilisation-pollution-masque2-1-1024x891.jpg 1024w, https:\/\/keenat.de\/wp-content\/uploads\/2023\/03\/visuel-sensibilisation-pollution-masque2-1-300x261.jpg 300w, https:\/\/keenat.de\/wp-content\/uploads\/2023\/03\/visuel-sensibilisation-pollution-masque2-1-768x668.jpg 768w, https:\/\/keenat.de\/wp-content\/uploads\/2023\/03\/visuel-sensibilisation-pollution-masque2-1-1536x1336.jpg 1536w, https:\/\/keenat.de\/wp-content\/uploads\/2023\/03\/visuel-sensibilisation-pollution-masque2-1.jpg 1724w\" sizes=\"(max-width: 1024px) 100vw, 1024px\" \/><\/figure>\n<\/div>\n<\/div>\n\n\n\n<div class=\"wp-block-columns are-vertically-aligned-center section-image-texte is-layout-flex wp-container-core-columns-is-layout-9d6595d7 wp-block-columns-is-layout-flex\">\n<div class=\"wp-block-column is-vertically-aligned-center is-layout-flow wp-block-column-is-layout-flow\" style=\"flex-basis:50%\">\n<figure class=\"wp-block-image size-full\"><img decoding=\"async\" width=\"842\" height=\"750\" src=\"https:\/\/keenat.de\/wp-content\/uploads\/2023\/03\/affiche-mask-allemand-site-1.jpg\" alt=\"affiche mask allemand site 1\" class=\"wp-image-2102\" srcset=\"https:\/\/keenat.de\/wp-content\/uploads\/2023\/03\/affiche-mask-allemand-site-1.jpg 842w, https:\/\/keenat.de\/wp-content\/uploads\/2023\/03\/affiche-mask-allemand-site-1-300x267.jpg 300w, https:\/\/keenat.de\/wp-content\/uploads\/2023\/03\/affiche-mask-allemand-site-1-768x684.jpg 768w\" sizes=\"(max-width: 842px) 100vw, 842px\" \/><\/figure>\n<\/div>\n\n\n\n<div class=\"wp-block-column is-vertically-aligned-center padding is-layout-flow wp-block-column-is-layout-flow\" style=\"flex-basis:50%\">\n<h2 class=\"wp-block-heading\"><strong><mark style=\"background-color:rgba(0, 0, 0, 0)\" class=\"has-inline-color has-principale-color\">Informieren Sie andere \u00fcber Plastikverschmutzung:<\/mark> <mark style=\"background-color:rgba(0, 0, 0, 0)\" class=\"has-inline-color has-rmask-color\">Unsere Sensibilisierungsschilder<\/mark><\/strong><\/h2>\n\n\n\n<p>Sobald Sie sich dem Keenat-Abenteuer angeschlossen haben, erhalten Sie Zugang zu den von unserem Team erstellten Sensibilisierungskampagnen. Unsere Poster wurden entworfen, um Ihre Mitarbeiter oder B\u00fcrger f\u00fcr die Auswirkungen der Plastikverschmutzung auf unsere Umwelt zu sensibilisieren und werden Ihnen entweder digital oder in Ihrem Starterpaket zur Verf\u00fcgung gestellt.<br><\/p>\n\n\n\n<p>Die gr\u00f6\u00dftm\u00f6gliche Verbreitung dieser Plakate erm\u00f6glicht eine erste Ann\u00e4herung an das Thema und eine erste visuelle Sensibilisierung. Verhaltens\u00e4nderungen k\u00f6nnen durch einfache, allt\u00e4gliche Handlungen erreicht werden.<\/p>\n\n\n\n<p>Jedes Jahr aktualisieren wir unsere Sensibilisierungskampagnen und stellen sie unseren Kunden und Partnern zur Verf\u00fcgung, um m\u00f6glichst viele Menschen zu erreichen und die Entdeckung oder Wiederentdeckung der eindrucksvollen Zahlen spielerisch und p\u00e4dagogisch zu gestalten.<\/p>\n<\/div>\n<\/div>\n\n\n\n<div class=\"wp-block-columns are-vertically-aligned-center section-image-texte reverse-colonne is-layout-flex wp-container-core-columns-is-layout-9d6595d7 wp-block-columns-is-layout-flex\">\n<div class=\"wp-block-column is-vertically-aligned-center padding is-layout-flow wp-block-column-is-layout-flow\" style=\"flex-basis:50%\">\n<h2 class=\"wp-block-heading\"><strong><mark style=\"background-color:rgba(0, 0, 0, 0)\" class=\"has-inline-color has-principale-color\">Wenden Sie sich an unsere <\/mark><mark style=\"background-color:rgba(0, 0, 0, 0)\" class=\"has-inline-color has-rmask-color\">Umwelt-Botschafter*innen!<\/mark><\/strong><\/h2>\n\n\n\n<h3 class=\"wp-block-heading\"><strong>Unsere Sensibilisierungsworkshops<\/strong><\/h3>\n\n\n\n<p>Wenn man ein umweltfreundliches Vorgehen einf\u00fchren und das Verhalten der Menschen \u00e4ndern m\u00f6chte (Sensibilisierung f\u00fcr umweltfreundliche Verhaltensweisen), geht das nur \u00fcber einen p\u00e4dagogischen Ansatz. Es ist unerl\u00e4sslich, Ihren Mitarbeiterinnen und Mitarbeitern zu erkl\u00e4ren, warum es so wichtig ist, ihre Masken in die bereitgestellten Boxen zu legen, damit sie ihr Verhalten \u00e4ndern und ihre Einwegmasken korrekt entsorgen.<\/p>\n\n\n\n<p><br>Unser Pluspunkt? Unsere Umwelt-Botschafter*innen reisen mit einem umweltfreundlich konzipierten Stand und dem umweltfreundlichsten Transportmittel.<\/p>\n<\/div>\n\n\n\n<div class=\"wp-block-column is-vertically-aligned-center is-layout-flow wp-block-column-is-layout-flow\" style=\"flex-basis:50%\">\n<figure class=\"wp-block-image size-full\"><img decoding=\"async\" width=\"919\" height=\"750\" src=\"https:\/\/keenat.de\/wp-content\/uploads\/2023\/03\/talleres-de-sensibilizacion-1.jpg\" alt=\"talleres de sensibilizacion 1\" class=\"wp-image-2019\" srcset=\"https:\/\/keenat.de\/wp-content\/uploads\/2023\/03\/talleres-de-sensibilizacion-1.jpg 919w, https:\/\/keenat.de\/wp-content\/uploads\/2023\/03\/talleres-de-sensibilizacion-1-300x245.jpg 300w, https:\/\/keenat.de\/wp-content\/uploads\/2023\/03\/talleres-de-sensibilizacion-1-768x627.jpg 768w\" sizes=\"(max-width: 919px) 100vw, 919px\" \/><\/figure>\n<\/div>\n<\/div>\n","protected":false},"excerpt":{"rendered":"<p>Einwegmasken und PSA Sensibilisierung f\u00fcr Umweltverschmutzung durch Einwegmasken Bei Keenat arbeiten wir jeden Tag daran, Verhaltens\u00e4nderungen bei allen Menschen zu bewirken, um der Plastikverschmutzung, die unsere Umwelt bedroht, etwas entgegenzusetzen. Unsere L\u00f6sung R&rsquo;Mask besteht aus vier S\u00e4ulen: Sensibilisierung, Installation von Sammelbeh\u00e4ltern, Sammlung sowie Recycling von Einwegmasken. Unsere Sensibilisierungsma\u00dfnahmen sorgen daf\u00fcr, die L\u00f6sung in Ihrem Unternehmen [&hellip;]<\/p>\n","protected":false},"author":3,"featured_media":0,"parent":948,"menu_order":0,"comment_status":"closed","ping_status":"closed","template":"","meta":{"_seopress_robots_primary_cat":"","inline_featured_image":false,"footnotes":""},"class_list":["post-1055","page","type-page","status-publish"],"_links":{"self":[{"href":"https:\/\/keenat.de\/index.php?rest_route=\/wp\/v2\/pages\/1055","targetHints":{"allow":["GET"]}}],"collection":[{"href":"https:\/\/keenat.de\/index.php?rest_route=\/wp\/v2\/pages"}],"about":[{"href":"https:\/\/keenat.de\/index.php?rest_route=\/wp\/v2\/types\/page"}],"author":[{"embeddable":true,"href":"https:\/\/keenat.de\/index.php?rest_route=\/wp\/v2\/users\/3"}],"replies":[{"embeddable":true,"href":"https:\/\/keenat.de\/index.php?rest_route=%2Fwp%2Fv2%2Fcomments&post=1055"}],"version-history":[{"count":28,"href":"https:\/\/keenat.de\/index.php?rest_route=\/wp\/v2\/pages\/1055\/revisions"}],"predecessor-version":[{"id":2233,"href":"https:\/\/keenat.de\/index.php?rest_route=\/wp\/v2\/pages\/1055\/revisions\/2233"}],"up":[{"embeddable":true,"href":"https:\/\/keenat.de\/index.php?rest_route=\/wp\/v2\/pages\/948"}],"wp:attachment":[{"href":"https:\/\/keenat.de\/index.php?rest_route=%2Fwp%2Fv2%2Fmedia&parent=1055"}],"curies":[{"name":"wp","href":"https:\/\/api.w.org\/{rel}","templated":true}]}}