{"id":103,"date":"2022-11-08T17:58:42","date_gmt":"2022-11-08T16:58:42","guid":{"rendered":"https:\/\/keenat.de\/?page_id=103"},"modified":"2023-09-07T11:56:18","modified_gmt":"2023-09-07T09:56:18","slug":"recycling-zigarettenstummel","status":"publish","type":"page","link":"https:\/\/keenat.de\/?page_id=103","title":{"rendered":"Recycling von Zigarettenstummeln"},"content":{"rendered":"\n<div class=\"wp-block-columns are-vertically-aligned-center section-image-texte reverse-colonne is-layout-flex wp-container-core-columns-is-layout-9d6595d7 wp-block-columns-is-layout-flex\">\n<div class=\"wp-block-column is-vertically-aligned-center padding is-layout-flow wp-block-column-is-layout-flow\" style=\"flex-basis:50%\">\n<p class=\"has-large-font-size\">Zigarettenstummel<\/p>\n\n\n\n<h1 class=\"wp-block-heading\"><strong>Recycling von Zigarettenstummeln: <mark style=\"background-color:rgba(0, 0, 0, 0)\" class=\"has-inline-color has-ecomegot-color\">Innovative und verantwortungsvolle Weiterverwertung<\/mark><\/strong><\/h1>\n\n\n\n<p>Der Zigarettenstummel ist aufgrund seiner giftigen Inhaltsstoffe einer der gef\u00e4hrlichsten Abf\u00e4lle f\u00fcr \u00d6kosysteme. Die Entwicklung alternativer Formen der Verwertung und einer Recyclingmethode f\u00fcr Zigarettenstummel kann daher erheblich zur Reduktion der Verschmutzung der nat\u00fcrlichen Lebensr\u00e4ume und der Nutzung fossiler Energietr\u00e4ger beitragen.<\/p>\n\n\n\n<p>Da Zigarettenstummel als gef\u00e4hrliche Abf\u00e4lle eingestuft werden, m\u00fcssen beim Transport und der Verarbeitung strenge Normen eingehalten werden. Dennoch stellen Zigarettenstummel auch eine Ressource dar. <strong>Aus diesem Grund haben wir eine innovative Recyclingkette f\u00fcr Zigarettenstummel entwickelt, um ihnen zu einem zweiten Leben zu verhelfen.<\/strong><\/p>\n<\/div>\n\n\n\n<div class=\"wp-block-column is-vertically-aligned-center is-layout-flow wp-block-column-is-layout-flow\" style=\"flex-basis:50%\">\n<figure class=\"wp-block-image size-full\"><img fetchpriority=\"high\" decoding=\"async\" width=\"641\" height=\"750\" src=\"https:\/\/keenat.de\/wp-content\/uploads\/2023\/03\/recycling-von-zigarettenstummeln.jpg\" alt=\"recycling von zigarettenstummeln\" class=\"wp-image-2066\" srcset=\"https:\/\/keenat.de\/wp-content\/uploads\/2023\/03\/recycling-von-zigarettenstummeln.jpg 641w, https:\/\/keenat.de\/wp-content\/uploads\/2023\/03\/recycling-von-zigarettenstummeln-256x300.jpg 256w\" sizes=\"(max-width: 641px) 100vw, 641px\" \/><\/figure>\n<\/div>\n<\/div>\n\n\n\n<div class=\"wp-block-group padding has-ecomegot-background-color has-background\"><div class=\"wp-block-group__inner-container is-layout-constrained wp-block-group-is-layout-constrained\">\n<div class=\"wp-block-columns are-vertically-aligned-center container padding-small is-layout-flex wp-container-core-columns-is-layout-9d6595d7 wp-block-columns-is-layout-flex\">\n<div class=\"wp-block-column is-vertically-aligned-center is-layout-flow wp-block-column-is-layout-flow\" style=\"flex-basis:45%\">\n<h2 class=\"wp-block-heading has-huge-font-size\">Wie funktioniert das Recycling?<\/h2>\n\n\n\n<hr class=\"wp-block-separator has-text-color has-blanc-color has-alpha-channel-opacity has-blanc-background-color has-background\"\/>\n\n\n\n<p class=\"image-texte has-blanc-color has-text-color has-large-font-size\"><img decoding=\"async\" width=\"55\" height=\"35\" class=\"wp-image-1336\" style=\"width: 55px;\" src=\"https:\/\/keenat.de\/wp-content\/uploads\/2022\/11\/feuille-recyclage-blanc-1.svg\" alt=\"\"><strong>Recycling ohne Wasser und L\u00f6sungsmittel<\/strong><\/p>\n\n\n\n<p class=\"image-texte has-blanc-color has-text-color has-large-font-size\"><img decoding=\"async\" width=\"55\" height=\"41\" class=\"wp-image-1339\" style=\"width: 55px;\" src=\"https:\/\/keenat.de\/wp-content\/uploads\/2022\/11\/icone-maison-blanche.svg\" alt=\"\"><strong>Wir recyceln in unseren Werkst\u00e4tten in Bordeaux, Frankreich<\/strong><\/p>\n\n\n\n<p class=\"image-texte has-blanc-color has-text-color has-large-font-size\"><img loading=\"lazy\" decoding=\"async\" width=\"55\" height=\"57\" class=\"wp-image-1340\" style=\"width: 55px;\" src=\"https:\/\/keenat.de\/wp-content\/uploads\/2022\/11\/icone-brevet-blanc-eco.svg\" alt=\"\"><strong>Angemeldetes Patent<\/strong><\/p>\n<\/div>\n\n\n\n<div class=\"wp-block-column is-vertically-aligned-center is-layout-flow wp-block-column-is-layout-flow\" style=\"flex-basis:55%\">\n<div class=\"wp-block-columns is-layout-flex wp-container-core-columns-is-layout-9d6595d7 wp-block-columns-is-layout-flex\">\n<div class=\"wp-block-column is-layout-flow wp-block-column-is-layout-flow\">\n<p class=\"has-large-font-size\"><strong>Erster Schritt<\/strong>:<br><strong>Trennen und Sortieren<\/strong><\/p>\n\n\n\n<figure class=\"wp-block-image size-full no-marge\"><img loading=\"lazy\" decoding=\"async\" width=\"239\" height=\"220\" src=\"https:\/\/keenat.de\/wp-content\/uploads\/2022\/11\/visuel-recyclage-etape-1.png\" alt=\"\" class=\"wp-image-852\"\/><\/figure>\n<\/div>\n\n\n\n<div class=\"wp-block-column is-layout-flow wp-block-column-is-layout-flow\">\n<p class=\"has-large-font-size\"><strong>Zweiter Schritt:<\/strong><br><strong>Zerkleinerung und Entgiftung<\/strong><\/p>\n\n\n\n<figure class=\"wp-block-image size-full no-marge\"><img loading=\"lazy\" decoding=\"async\" width=\"244\" height=\"220\" src=\"https:\/\/keenat.de\/wp-content\/uploads\/2022\/11\/visuel-recyclage-etape-2.png\" alt=\"\" class=\"wp-image-855\"\/><\/figure>\n<\/div>\n<\/div>\n\n\n\n<div class=\"wp-block-columns is-layout-flex wp-container-core-columns-is-layout-9d6595d7 wp-block-columns-is-layout-flex\">\n<div class=\"wp-block-column is-layout-flow wp-block-column-is-layout-flow\">\n<p class=\"has-large-font-size\"><strong>Dritter Schritt<\/strong>:<br><strong>Thermokompression<\/strong><\/p>\n\n\n\n<figure class=\"wp-block-image size-full no-marge\"><img loading=\"lazy\" decoding=\"async\" width=\"246\" height=\"220\" src=\"https:\/\/keenat.de\/wp-content\/uploads\/2022\/11\/visuel-recyclage-etape-3.png\" alt=\"\" class=\"wp-image-862\"\/><\/figure>\n<\/div>\n\n\n\n<div class=\"wp-block-column is-layout-flow wp-block-column-is-layout-flow\">\n<p class=\"has-large-font-size\"><strong>Vierter Schritt<\/strong>:<br><strong>Erstellung von Schildern<\/strong><\/p>\n\n\n\n<figure class=\"wp-block-image size-large no-marge\"><img loading=\"lazy\" decoding=\"async\" width=\"1024\" height=\"974\" src=\"https:\/\/keenat.de\/wp-content\/uploads\/2023\/03\/recycling-1-1024x974.png\" alt=\"recycling 1\" class=\"wp-image-2069\" srcset=\"https:\/\/keenat.de\/wp-content\/uploads\/2023\/03\/recycling-1-1024x974.png 1024w, https:\/\/keenat.de\/wp-content\/uploads\/2023\/03\/recycling-1-300x285.png 300w, https:\/\/keenat.de\/wp-content\/uploads\/2023\/03\/recycling-1-768x731.png 768w, https:\/\/keenat.de\/wp-content\/uploads\/2023\/03\/recycling-1.png 1315w\" sizes=\"(max-width: 1024px) 100vw, 1024px\" \/><\/figure>\n<\/div>\n<\/div>\n<\/div>\n<\/div>\n<\/div><\/div>\n\n\n\n<div class=\"wp-block-columns are-vertically-aligned-center section-image-texte is-layout-flex wp-container-core-columns-is-layout-9d6595d7 wp-block-columns-is-layout-flex\">\n<div class=\"wp-block-column is-vertically-aligned-center is-layout-flow wp-block-column-is-layout-flow\" style=\"flex-basis:50%\">\n<figure class=\"wp-block-image size-full\"><img loading=\"lazy\" decoding=\"async\" width=\"672\" height=\"750\" src=\"https:\/\/keenat.de\/wp-content\/uploads\/2023\/03\/separacion-colillas.jpg\" alt=\"separacion colillas\" class=\"wp-image-2061\" srcset=\"https:\/\/keenat.de\/wp-content\/uploads\/2023\/03\/separacion-colillas.jpg 672w, https:\/\/keenat.de\/wp-content\/uploads\/2023\/03\/separacion-colillas-269x300.jpg 269w\" sizes=\"(max-width: 672px) 100vw, 672px\" \/><\/figure>\n<\/div>\n\n\n\n<div class=\"wp-block-column is-vertically-aligned-center padding is-layout-flow wp-block-column-is-layout-flow\" style=\"flex-basis:50%\">\n<h2 class=\"wp-block-heading\"><strong>Recycling ohne Wasser oder L\u00f6sungsmittel<\/strong><\/h2>\n\n\n\n<p>Keenat hat in Zusammenarbeit mit franz\u00f6sischen Laboren eine umweltfreundliche Recyclingmethode entwickelt. Dank dieser Forschung ist es m\u00f6glich, das aus den Zigarettenstummeln stammende Material wiederzuverwenden, ohne Wasser oder L\u00f6sungsmittel zu verwenden. Diese patentierte Recyclingtechnik vermeidet die Verschmutzung von B\u00f6den und Wasser, das eine wertvolle und sch\u00fctzenswerte Ressource ist.<\/p>\n\n\n\n<h3 class=\"wp-block-heading\"><strong>Wie funktioniert das?<\/strong><\/h3>\n\n\n\n<p><strong>Wir extrahieren den im Filter des Zigarettenstummels enthaltenen Kunststoff (Zelluloseacetat) und mischen ihn mit anderen recycelten Kunststoffen, um ein neues recycelbares Kunststoffpolymer herzustellen.<\/strong><\/p>\n\n\n\n<p> Seit 2018 initiiert unsere F&amp;E-Zelle fortgeschrittene Forschung an Zigarettenstummeln, um unsere Recyclingkette zu entwickeln und voranzutreiben. In enger Zusammenarbeit mit unseren Partnerlaboren haben wir uns eine wahrhaftige Expertise \u00fcber dieses Abfallprodukt angeeignet. Wir arbeiten st\u00e4ndig daran, unsere Kenntnisse \u00fcber Zigarettenstummel zu erweitern und Ihnen eine maximal umweltfreundliche Recyclingmethode zu bieten.<\/p>\n<\/div>\n<\/div>\n\n\n\n<div class=\"wp-block-group padding-small has-principale-background-color has-background\"><div class=\"wp-block-group__inner-container is-layout-constrained wp-block-group-is-layout-constrained\">\n<div class=\"wp-block-columns container is-layout-flex wp-container-core-columns-is-layout-9d6595d7 wp-block-columns-is-layout-flex\">\n<div class=\"wp-block-column is-layout-flow wp-block-column-is-layout-flow\" style=\"flex-basis:33.33%\">\n<p class=\"has-blanc-color has-text-color has-large-font-size\"><strong><mark style=\"background-color:rgba(0, 0, 0, 0)\" class=\"has-inline-color has-ecomegot-color\">UNSER EINSATZ<\/mark><\/strong><\/p>\n\n\n\n<h2 class=\"wp-block-heading has-ecomegot-color has-text-color\"><strong><mark style=\"background-color:rgba(0, 0, 0, 0)\" class=\"has-inline-color has-blanc-color\">Recycling:<\/mark><br><mark style=\"background-color:rgba(0, 0, 0, 0)\" class=\"has-inline-color has-ecomegot-color\">ein Werkzeug, um Umweltbewusstsein zu f\u00f6rdern<\/mark><\/strong><\/h2>\n<\/div>\n\n\n\n<div class=\"wp-block-column is-layout-flow wp-block-column-is-layout-flow\" style=\"flex-basis:66.66%\">\n<p class=\"has-blanc-color has-text-color\">Wir haben beschlossen, Zigarettenstummel in Sensibilisierungsschilder f\u00fcr Gemeinden, Unternehmen, Schulen usw. umzuwandeln. Diese Schilder sollen an die CSR- und Umweltma\u00dfnahmen unserer Kunden erinnern und das Bewusstsein f\u00fcr die Verschmutzung durch Zigarettenstummel in Parks, G\u00e4rten, auf Stra\u00dfen, an Str\u00e4nden, in Firmengeb\u00e4uden, Rath\u00e4usern usw. zu sch\u00e4rfen.<\/p>\n\n\n\n<p class=\"has-blanc-color has-text-color\">Wir sind davon \u00fcberzeugt, dass Recycling der Information, dem Ansto\u00df zu umweltbewusstem Handeln und der \u00c4nderung von Verhaltensweisen dienen sollte. Auf diese Weise schaffen wir einen geschlossenen Kreislauf und eine umfassende L\u00f6sung, bei der alle Teile den n\u00e4chsten dienen, damit die Verschmutzung durch Zigarettenstummel letztendlich kein Problem mehr f\u00fcr unseren Planeten darstellt.<\/p>\n<\/div>\n<\/div>\n<\/div><\/div>\n\n\n\n<figure class=\"wp-block-image size-full image-full no-marge\"><img loading=\"lazy\" decoding=\"async\" width=\"1510\" height=\"668\" src=\"https:\/\/keenat.de\/wp-content\/uploads\/2022\/11\/visuel-bandeau-plaque-zero-megot.jpg\" alt=\"\" class=\"wp-image-881\" srcset=\"https:\/\/keenat.de\/wp-content\/uploads\/2022\/11\/visuel-bandeau-plaque-zero-megot.jpg 1510w, https:\/\/keenat.de\/wp-content\/uploads\/2022\/11\/visuel-bandeau-plaque-zero-megot-300x133.jpg 300w, https:\/\/keenat.de\/wp-content\/uploads\/2022\/11\/visuel-bandeau-plaque-zero-megot-1024x453.jpg 1024w, https:\/\/keenat.de\/wp-content\/uploads\/2022\/11\/visuel-bandeau-plaque-zero-megot-768x340.jpg 768w\" sizes=\"(max-width: 1510px) 100vw, 1510px\" \/><\/figure>\n\n\n\n<div class=\"wp-block-group padding-xsmall has-ecomegot-background-color has-background\"><div class=\"wp-block-group__inner-container is-layout-constrained wp-block-group-is-layout-constrained\">\n<p class=\"has-text-align-center has-large-font-size\"><strong><mark style=\"background-color:rgba(0, 0, 0, 0)\" class=\"has-inline-color has-blanc-color\">Beispiel f\u00fcr eine umweltfreundliche Aufkl\u00e4rungsplakette, die aus recycelten Zigarettenstummeln gestaltet wurde<\/mark><\/strong><\/p>\n<\/div><\/div>\n","protected":false},"excerpt":{"rendered":"<p>Zigarettenstummel Recycling von Zigarettenstummeln: Innovative und verantwortungsvolle Weiterverwertung Der Zigarettenstummel ist aufgrund seiner giftigen Inhaltsstoffe einer der gef\u00e4hrlichsten Abf\u00e4lle f\u00fcr \u00d6kosysteme. Die Entwicklung alternativer Formen der Verwertung und einer Recyclingmethode f\u00fcr Zigarettenstummel kann daher erheblich zur Reduktion der Verschmutzung der nat\u00fcrlichen Lebensr\u00e4ume und der Nutzung fossiler Energietr\u00e4ger beitragen. Da Zigarettenstummel als gef\u00e4hrliche Abf\u00e4lle eingestuft werden, [&hellip;]<\/p>\n","protected":false},"author":3,"featured_media":0,"parent":88,"menu_order":0,"comment_status":"closed","ping_status":"closed","template":"","meta":{"_seopress_robots_primary_cat":"","inline_featured_image":false,"footnotes":""},"class_list":["post-103","page","type-page","status-publish"],"_links":{"self":[{"href":"https:\/\/keenat.de\/index.php?rest_route=\/wp\/v2\/pages\/103","targetHints":{"allow":["GET"]}}],"collection":[{"href":"https:\/\/keenat.de\/index.php?rest_route=\/wp\/v2\/pages"}],"about":[{"href":"https:\/\/keenat.de\/index.php?rest_route=\/wp\/v2\/types\/page"}],"author":[{"embeddable":true,"href":"https:\/\/keenat.de\/index.php?rest_route=\/wp\/v2\/users\/3"}],"replies":[{"embeddable":true,"href":"https:\/\/keenat.de\/index.php?rest_route=%2Fwp%2Fv2%2Fcomments&post=103"}],"version-history":[{"count":58,"href":"https:\/\/keenat.de\/index.php?rest_route=\/wp\/v2\/pages\/103\/revisions"}],"predecessor-version":[{"id":2222,"href":"https:\/\/keenat.de\/index.php?rest_route=\/wp\/v2\/pages\/103\/revisions\/2222"}],"up":[{"embeddable":true,"href":"https:\/\/keenat.de\/index.php?rest_route=\/wp\/v2\/pages\/88"}],"wp:attachment":[{"href":"https:\/\/keenat.de\/index.php?rest_route=%2Fwp%2Fv2%2Fmedia&parent=103"}],"curies":[{"name":"wp","href":"https:\/\/api.w.org\/{rel}","templated":true}]}}